{"id":11,"date":"2014-02-28T13:05:18","date_gmt":"2014-02-28T12:05:18","guid":{"rendered":"http:\/\/www.europa-nostra.dk\/?page_id=11"},"modified":"2021-10-10T23:37:07","modified_gmt":"2021-10-10T21:37:07","slug":"medlemskab","status":"publish","type":"page","link":"https:\/\/www.europa-nostra.dk\/gb\/medlemskab\/","title":{"rendered":"BECOME A MEMBER"},"content":{"rendered":"<h3>Europa Nostra Danmark har brug for dig!<\/h3>\n<p>Europa Nostra Danmark (EN-DK) er en frivillig organisation for bevaring af den Danske kulturhistoriske arv. Europa Nostra Danmark opererer under den internationale paraplyorganisation <i>Europa Nostra, <\/i>men virker selvst\u00e6ndig med en dansk bestyrelse og en \u00e5rlig dansk prisuddeling <a title=\"den danske pris\" href=\"http:\/\/www.europa-nostra.dk\/den-danske-pris\/\"><i>\u00a0Prins Henriks Europa Nostra Danmark pris.<\/i><\/a><\/p>\n<p>At yde en professionel indsats indenfor bevaring af vores nationale kulturarv kr\u00e6ver st\u00f8tte. Midlerne kommer fra vores danske medlemmer: individer, firmaer, foreninger og organisationer. Vi h\u00e5ber, at Europa Nostra-Danmark vil vokse sig st\u00f8rre med \u00e5rene for at kunne iv\u00e6rks\u00e6tte flere nationale initiativer til fremme forst\u00e5elsen af den danske kulturarv. Samtidig vil vi gerne bidrage til projekter indenfor vores europ\u00e6iske f\u00e6llesskab.<\/p>\n<p>Derfor er Deres biddrag n\u00f8dvendigt. Vi h\u00e5ber, at De vil st\u00f8tte Europa Nostra &#8211; Danmark og blive een af de mange medlemmer i landet, som v\u00e6rner om den danske kulturarv.<\/p>\n<p><strong><a href=\"https:\/\/www.europa-nostra.dk\/medlemskab\/medlemskontigent\/\" target=\"_blank\" rel=\"noopener\">Se de forskellige medlemsskabs muligheder og kontigentsats her<\/a><\/strong><\/p>\n\n<div class=\"wpcf7 no-js\" id=\"wpcf7-f1519-o1\" lang=\"da-DK\" dir=\"ltr\" data-wpcf7-id=\"1519\">\n<div class=\"screen-reader-response\"><p role=\"status\" aria-live=\"polite\" aria-atomic=\"true\"><\/p> <ul><\/ul><\/div>\n<form action=\"\/gb\/wp-json\/wp\/v2\/pages\/11#wpcf7-f1519-o1\" method=\"post\" class=\"wpcf7-form init\" aria-label=\"Contact form\" novalidate=\"novalidate\" data-status=\"init\">\n<fieldset class=\"hidden-fields-container\"><input type=\"hidden\" name=\"_wpcf7\" value=\"1519\" \/><input type=\"hidden\" name=\"_wpcf7_version\" value=\"6.1.5\" \/><input type=\"hidden\" name=\"_wpcf7_locale\" value=\"da_DK\" \/><input type=\"hidden\" name=\"_wpcf7_unit_tag\" value=\"wpcf7-f1519-o1\" \/><input type=\"hidden\" name=\"_wpcf7_container_post\" value=\"0\" \/><input type=\"hidden\" name=\"_wpcf7_posted_data_hash\" value=\"\" \/>\n<\/fieldset>\n<h3>Kontakt Europa Nostra Danmark\n<\/h3>\n<p><label> Dit navn (skal udfyldes)<br \/>\n<span class=\"wpcf7-form-control-wrap\" data-name=\"your-name\"><input size=\"40\" maxlength=\"400\" class=\"wpcf7-form-control wpcf7-text wpcf7-validates-as-required\" aria-required=\"true\" aria-invalid=\"false\" value=\"\" type=\"text\" name=\"your-name\" \/><\/span> <\/label>\n<\/p>\n<p><label> Din e-mail (skal udfyldes)<br \/>\n<span class=\"wpcf7-form-control-wrap\" data-name=\"your-email\"><input size=\"40\" maxlength=\"400\" class=\"wpcf7-form-control wpcf7-email wpcf7-validates-as-required wpcf7-text wpcf7-validates-as-email\" aria-required=\"true\" aria-invalid=\"false\" value=\"\" type=\"email\" name=\"your-email\" \/><\/span> <\/label>\n<\/p>\n<p><label> Emne<br \/>\n<span class=\"wpcf7-form-control-wrap\" data-name=\"your-subject\"><input size=\"40\" maxlength=\"400\" class=\"wpcf7-form-control wpcf7-text\" aria-invalid=\"false\" value=\"\" type=\"text\" name=\"your-subject\" \/><\/span> <\/label>\n<\/p>\n<p><label> Din besked<br \/>\n<span class=\"wpcf7-form-control-wrap\" data-name=\"your-message\"><textarea cols=\"40\" rows=\"10\" maxlength=\"2000\" class=\"wpcf7-form-control wpcf7-textarea\" aria-invalid=\"false\" name=\"your-message\"><\/textarea><\/span> <\/label>\n<\/p>\n<p><label> \u00d8nsket Medlemsskab:<br \/>\n<span class=\"wpcf7-form-control-wrap\" data-name=\"medlemskab\"><select class=\"wpcf7-form-control wpcf7-select\" aria-invalid=\"false\" name=\"medlemskab\"><option value=\"Kun Besked\">Kun Besked<\/option><option value=\"Medlemsskab I\">Medlemsskab I<\/option><option value=\"Medlemskab II\">Medlemskab II<\/option><option value=\"Medlemskab III\">Medlemskab III<\/option><option value=\"Medlemskab IV\">Medlemskab IV<\/option><option value=\"Medlemskab V\">Medlemskab V<\/option><option value=\"Medlemskab VI\">Medlemskab VI<\/option><\/select><\/span><br \/>\n<input class=\"wpcf7-form-control wpcf7-submit has-spinner\" type=\"submit\" value=\"Send\" \/><\/label>\n<\/p><p style=\"display: none !important;\" class=\"akismet-fields-container\" data-prefix=\"_wpcf7_ak_\"><label>&#916;<textarea name=\"_wpcf7_ak_hp_textarea\" cols=\"45\" rows=\"8\" maxlength=\"100\"><\/textarea><\/label><input type=\"hidden\" id=\"ak_js_1\" name=\"_wpcf7_ak_js\" value=\"20\"\/><script>document.getElementById( \"ak_js_1\" ).setAttribute( \"value\", ( new Date() ).getTime() );<\/script><\/p><div class=\"wpcf7-response-output\" aria-hidden=\"true\"><\/div>\n<\/form>\n<\/div>\n\r\n\t\t\t\t<script>\r\n\t\t\t\tif ( typeof huOptions !== 'undefined' ) {\r\n\t\t\t\t\tvar huFormData = {\"source\":\"contactform7\",\"id\":1519,\"title\":\"Kontaktformular 1\",\"fields\":{\"subject\":{\"first_name\":\"your-name\",\"email\":\"your-email\"},\"preferences\":{\"terms\":\"your-consent\"}}};\r\n\t\t\t\t\tvar huFormNode = document.querySelector( '[id^=\"wpcf7-f1519-\"] form' );\r\n\r\n\t\t\t\t\thuFormData['node'] = huFormNode;\r\n\t\t\t\t\thuOptions['forms'].push( huFormData );\r\n\t\t\t\t}\r\n\t\t\t\t<\/script>\n","protected":false},"excerpt":{"rendered":"<p>Europa Nostra Danmark har brug for dig! Europa Nostra Danmark (EN-DK) er en frivillig organisation for bevaring af den Danske kulturhistoriske arv. Europa Nostra Danmark opererer under den internationale paraplyorganisation [&hellip;]<\/p>\n","protected":false},"author":1,"featured_media":0,"parent":0,"menu_order":3,"comment_status":"closed","ping_status":"closed","template":"","meta":{"footnotes":""},"class_list":["post-11","page","type-page","status-publish","hentry"],"translation":{"provider":"WPGlobus","version":"3.0.2","language":"gb","enabled_languages":["da","gb"],"languages":{"da":{"title":true,"content":true,"excerpt":false},"gb":{"title":true,"content":false,"excerpt":false}}},"_links":{"self":[{"href":"https:\/\/www.europa-nostra.dk\/gb\/wp-json\/wp\/v2\/pages\/11","targetHints":{"allow":["GET"]}}],"collection":[{"href":"https:\/\/www.europa-nostra.dk\/gb\/wp-json\/wp\/v2\/pages"}],"about":[{"href":"https:\/\/www.europa-nostra.dk\/gb\/wp-json\/wp\/v2\/types\/page"}],"author":[{"embeddable":true,"href":"https:\/\/www.europa-nostra.dk\/gb\/wp-json\/wp\/v2\/users\/1"}],"replies":[{"embeddable":true,"href":"https:\/\/www.europa-nostra.dk\/gb\/wp-json\/wp\/v2\/comments?post=11"}],"version-history":[{"count":6,"href":"https:\/\/www.europa-nostra.dk\/gb\/wp-json\/wp\/v2\/pages\/11\/revisions"}],"predecessor-version":[{"id":4063,"href":"https:\/\/www.europa-nostra.dk\/gb\/wp-json\/wp\/v2\/pages\/11\/revisions\/4063"}],"wp:attachment":[{"href":"https:\/\/www.europa-nostra.dk\/gb\/wp-json\/wp\/v2\/media?parent=11"}],"curies":[{"name":"wp","href":"https:\/\/api.w.org\/{rel}","templated":true}]}}