{"id":1578,"date":"2017-02-20T13:40:46","date_gmt":"2017-02-20T12:40:46","guid":{"rendered":"https:\/\/ny.europa-nostra.dk\/?page_id=1578"},"modified":"2024-09-08T01:06:07","modified_gmt":"2024-09-07T23:06:07","slug":"forside","status":"publish","type":"page","link":"https:\/\/www.europa-nostra.dk\/gb\/","title":{"rendered":"frontpage"},"content":{"rendered":"<p><div id=\"metaslider-id-1894\" style=\"width: 100%; margin: 0 auto;\" class=\"ml-slider-3-108-0 metaslider metaslider-flex metaslider-1894 ml-slider ms-theme-default nav-hidden\" role=\"region\" aria-label=\"Forside Engelsk\" data-height=\"800\" data-width=\"1920\">\n    <div id=\"metaslider_container_1894\">\n        <div id=\"metaslider_1894\">\n            <ul class='slides'>\n                <li style=\"display: block; width: 100%;\" class=\"slide-2782 ms-image \" aria-roledescription=\"slide\" data-date=\"2017-09-27 10:46:53\" data-filename=\"domkirken-1920x800.jpg\" data-slide-type=\"image\"><img loading=\"lazy\" decoding=\"async\" src=\"https:\/\/www.europa-nostra.dk\/wp-content\/uploads\/2017\/06\/domkirken-1920x800.jpg\" height=\"800\" width=\"1920\" alt=\"\" class=\"slider-1894 slide-2782 msDefaultImage\" \/><div class=\"caption-wrap\"><div class=\"caption\"><strong>EUROPA NOSTRA DANMARK V\u00c6RNER OM DANMARKS: 1 Engelsk<\/strong><br \/>\n<em>ARKITEKTONISKE OG LANDSKABSKULTURELLE ARV<\/em><\/div><\/div><\/li>\n                <li style=\"display: none; width: 100%;\" class=\"slide-2783 ms-image \" aria-roledescription=\"slide\" data-date=\"2017-09-27 10:46:53\" data-filename=\"viking-1920x800.jpg\" data-slide-type=\"image\"><img loading=\"lazy\" decoding=\"async\" src=\"https:\/\/www.europa-nostra.dk\/wp-content\/uploads\/2017\/06\/viking-1920x800.jpg\" height=\"800\" width=\"1920\" alt=\"\" class=\"slider-1894 slide-2783 msDefaultImage\" \/><\/li>\n                <li style=\"display: none; width: 100%;\" class=\"slide-2784 ms-image \" aria-roledescription=\"slide\" data-date=\"2017-09-27 10:46:53\" data-filename=\"havne-1920x800.jpg\" data-slide-type=\"image\"><img loading=\"lazy\" decoding=\"async\" src=\"https:\/\/www.europa-nostra.dk\/wp-content\/uploads\/2017\/06\/havne-1920x800.jpg\" height=\"800\" width=\"1920\" alt=\"\" class=\"slider-1894 slide-2784 msDefaultImage\" \/><\/li>\n                <li style=\"display: none; width: 100%;\" class=\"slide-2785 ms-image \" aria-roledescription=\"slide\" data-date=\"2017-09-27 10:46:53\" data-filename=\"frederiksborg-1920x800.jpg\" data-slide-type=\"image\"><img loading=\"lazy\" decoding=\"async\" src=\"https:\/\/www.europa-nostra.dk\/wp-content\/uploads\/2017\/06\/frederiksborg-1920x800.jpg\" height=\"800\" width=\"1920\" alt=\"\" class=\"slider-1894 slide-2785 msDefaultImage\" \/><\/li>\n                <li style=\"display: none; width: 100%;\" class=\"slide-2786 ms-image \" aria-roledescription=\"slide\" data-date=\"2017-09-27 10:46:53\" data-filename=\"aebler-1920x800.jpg\" data-slide-type=\"image\"><img loading=\"lazy\" decoding=\"async\" src=\"https:\/\/www.europa-nostra.dk\/wp-content\/uploads\/2017\/06\/aebler-1920x800.jpg\" height=\"800\" width=\"1920\" alt=\"\" class=\"slider-1894 slide-2786 msDefaultImage\" \/><\/li>\n            <\/ul>\n        <\/div>\n        \n    <\/div>\n<\/div><br \/>\n<div class=\"responsive-boxes_container\">\n\t   \n\t   <div class=\"responsive-boxes box_nr_1\">\n\t   <div class=\"responsive-boxes_titel\">\n\t   <h3>NEWS<\/h3>\n\t   <\/div>\n\t   <div class=\"responsive-boxes_bold\">\n\t   The 7 Most Endangered programme 2018\n\t   <\/div>\n\t   <div class=\"responsive-boxes_text\">\n\t   <a href=\"\">READ MORE HERE<\/a>\n\t   <\/div>\n\t   \n\t   \n\t   <\/div>\n\t      \n\t   \n\t   \n\t   \n\t   <div class=\"responsive-boxes box_nr_2\">\n\t   <div class=\"responsive-boxes_titel\">\n\t   <h3>Prins Henriks Europa Nostra Pris 2024 g\u00e5r til restaureringsarkitekt Anne Lene J\u00f8rgensen fra Varmings Tegnestue.<\/h3>\n\t   <\/div>\n\t   <div class=\"responsive-boxes_bold\">\n\t   \n\t   <\/div>\n\t   <div class=\"responsive-boxes_text\">\n\t   Den anerkendte restaureringsarkitekt Anne Lene J\u00f8rgensen fra Varmings Tegnestue Prins Henriks Europa Nostra Pris 2024. &#8220;Vi giver dig prisen for dit h\u00f8je ambitionsniveau og for din vilje til at holde den restaureringsfaglige fane h\u00f8jt.&#8221; sagde Ettie Castenskiold, formand for Europa Nostra Danmark under prisoverr\u00e6kkelsen i september 2024.<a href=\"https:\/\/www.europa-nostra.dk\/priser-awards\/den-danske-pris\/\">L\u00c6S MERE OM PRINS HENRIKS PRIS HER<\/a>\n\t   <\/div>\n\t   \n\t   \n\t   <\/div>\n\t      \n\t   \n\t   \n\t   \n\t   <div class=\"responsive-boxes box_nr_3\">\n\t   <div class=\"responsive-boxes_titel\">\n\t   <h3>K\u00f8benhavn har mistet Danmarks f\u00f8rste fredede bygning &#8211; B\u00f8rsen fra 1624<\/h3>\n\t   <\/div>\n\t   <div class=\"responsive-boxes_bold\">\n\t   \n\t   <\/div>\n\t   <div class=\"responsive-boxes_text\">\n\t   &#8220;Jeg tror ikke, at der er nogle, der i dag kan begribe, hvor lang tid det vil komme til at tage, hvad det vil koste, hvordan vi g\u00f8r det, eller hvordan udfaldet vil v\u00e6re. Men hvis det B\u00f8rsen, der var, skal genskabes, bliver projektet stort. Rigtig stort&#8221;. \r\n \r\nArne H\u00f8i, institutleder, Det Kongelige Akademi og bestyrelsesmedlem Europa Nostra Danmark<a href=\"\"><\/a>\n\t   <\/div>\n\t   \n\t   \n\t   <\/div>\n\t      \n\t   \n\t   <\/div><\/p>\n","protected":false},"excerpt":{"rendered":"","protected":false},"author":1,"featured_media":0,"parent":0,"menu_order":0,"comment_status":"closed","ping_status":"closed","template":"","meta":{"footnotes":""},"class_list":["post-1578","page","type-page","status-publish","hentry"],"translation":{"provider":"WPGlobus","version":"3.0.2","language":"gb","enabled_languages":["da","gb"],"languages":{"da":{"title":true,"content":true,"excerpt":false},"gb":{"title":true,"content":true,"excerpt":false}}},"_links":{"self":[{"href":"https:\/\/www.europa-nostra.dk\/gb\/wp-json\/wp\/v2\/pages\/1578","targetHints":{"allow":["GET"]}}],"collection":[{"href":"https:\/\/www.europa-nostra.dk\/gb\/wp-json\/wp\/v2\/pages"}],"about":[{"href":"https:\/\/www.europa-nostra.dk\/gb\/wp-json\/wp\/v2\/types\/page"}],"author":[{"embeddable":true,"href":"https:\/\/www.europa-nostra.dk\/gb\/wp-json\/wp\/v2\/users\/1"}],"replies":[{"embeddable":true,"href":"https:\/\/www.europa-nostra.dk\/gb\/wp-json\/wp\/v2\/comments?post=1578"}],"version-history":[{"count":10,"href":"https:\/\/www.europa-nostra.dk\/gb\/wp-json\/wp\/v2\/pages\/1578\/revisions"}],"predecessor-version":[{"id":4031,"href":"https:\/\/www.europa-nostra.dk\/gb\/wp-json\/wp\/v2\/pages\/1578\/revisions\/4031"}],"wp:attachment":[{"href":"https:\/\/www.europa-nostra.dk\/gb\/wp-json\/wp\/v2\/media?parent=1578"}],"curies":[{"name":"wp","href":"https:\/\/api.w.org\/{rel}","templated":true}]}}