{"id":2093,"date":"2017-05-03T22:17:37","date_gmt":"2017-05-03T20:17:37","guid":{"rendered":"https:\/\/ny.europa-nostra.dk\/?page_id=2093"},"modified":"2021-05-19T13:09:08","modified_gmt":"2021-05-19T11:09:08","slug":"2000-2010","status":"publish","type":"page","link":"https:\/\/www.europa-nostra.dk\/gb\/priser-awards\/34-2\/2000-2010\/","title":{"rendered":"2000-2010"},"content":{"rendered":"<p><\/p>\r\n<h3><span style=\"color: #333399;\"><em>Der har v\u00e6ret en del markante projekter som har f\u00e5et en Europa Nostra Pris. Her kan du se de pr\u00e6mierede danske projekter fra 2000 til og med 2010:<\/em><\/span><\/h3>\r\n<h3><span style=\"color: #333399;\"><em><\/em><\/span><\/h3>\r\n<h3><span style=\"color: #333399;\"><em><\/em><\/span><\/h3>\r\n<h3><span style=\"color: #333399;\"><em><a style=\"color: #333399;\" href=\"https:\/\/www.europa-nostra.dk\/priser-awards\/34-2\/2000-2010\/2000-kastellet\/\" target=\"_blank\" rel=\"noopener\">2000 &#8211; Kastellet<\/a><\/em><\/span><\/h3>\r\n<h3><span style=\"color: #333399;\"><em><\/em><\/span><\/h3>\r\n<h3><span style=\"color: #333399;\"><em><\/em><\/span><\/h3>\r\n<h3><span style=\"color: #333399;\"><em><a style=\"color: #333399;\" href=\"https:\/\/www.europa-nostra.dk\/priser-awards\/34-2\/2000-2010\/2002-aeroeskoebing\/\" target=\"_blank\" rel=\"noopener\">2002 &#8211; \u00c6r\u00f8sk\u00f8bing<\/a><\/em><\/span><\/h3>\r\n<h3><span style=\"color: #333399;\"><em><\/em><\/span><\/h3>\r\n<h3><span style=\"color: #333399;\"><em><\/em><\/span><\/h3>\r\n<h3><span style=\"color: #333399;\"><em><a style=\"color: #333399;\" href=\"https:\/\/www.europa-nostra.dk\/priser-awards\/34-2\/2000-2010\/2003-skjern-aadal\/\" target=\"_blank\" rel=\"noopener\">2003 &#8211; Skjern \u00c5dal<\/a><\/em><\/span><\/h3>\r\n<h3><span style=\"color: #333399;\"><em><\/em><\/span><\/h3>\r\n<h3><span style=\"color: #333399;\"><em><\/em><\/span><\/h3>\r\n<h3><span style=\"color: #333399;\"><em><a style=\"color: #333399;\" href=\"https:\/\/www.europa-nostra.dk\/priser-awards\/34-2\/2000-2010\/2004-loevenborg\/\" target=\"_blank\" rel=\"noopener\">2004 &#8211; L\u00f8venborg<\/a><\/em><\/span><\/h3>\r\n<h3><span style=\"color: #333399;\"><em><\/em><\/span><\/h3>\r\n<h3><span style=\"color: #333399;\"><em><\/em><\/span><\/h3>\r\n<h3><span style=\"color: #333399;\"><em><a style=\"color: #333399;\" href=\"https:\/\/www.europa-nostra.dk\/priser-awards\/34-2\/2000-2010\/2005-arkitekt-hans-munk-hansen\/\" target=\"_blank\" rel=\"noopener\">2005 &#8211; Arkitekt Hans Munk Hansen<\/a><\/em><\/span><\/h3>\r\n<h3><span style=\"color: #333399;\"><em><\/em><\/span><\/h3>\r\n<h3><span style=\"color: #333399;\"><em><\/em><\/span><\/h3>\r\n<h3><span style=\"color: #333399;\"><em><a style=\"color: #333399;\" href=\"https:\/\/www.europa-nostra.dk\/priser-awards\/34-2\/2000-2010\/2005-pantomimeteatret-tivoli\/\" target=\"_blank\" rel=\"noopener\">2005 &#8211; Pantomimeteatret, Tivoli<\/a><\/em><\/span><\/h3>\r\n<h3><span style=\"color: #333399;\"><em><\/em><\/span><\/h3>\r\n<h3><span style=\"color: #333399;\"><em><\/em><\/span><\/h3>\r\n<h3><span style=\"color: #333399;\"><em><a style=\"color: #333399;\" href=\"https:\/\/www.europa-nostra.dk\/priser-awards\/34-2\/2000-2010\/2006-tankstation\/\" target=\"_blank\" rel=\"noopener\">2006 &#8211; Tankstation<\/a><\/em><\/span><\/h3>\r\n<h3><span style=\"color: #333399;\"><em><\/em><\/span><\/h3>\r\n<h3><span style=\"color: #333399;\"><em><\/em><\/span><\/h3>\r\n<h3><span style=\"color: #333399;\"><em><a style=\"color: #333399;\" href=\"https:\/\/www.europa-nostra.dk\/priser-awards\/34-2\/2000-2010\/2006-paradehuset\/\" target=\"_blank\" rel=\"noopener\">2006 &#8211; Paradehuset, Gisselfeld Kloster<\/a><\/em><\/span><\/h3>\r\n<h3><span style=\"color: #333399;\"><em><\/em><\/span><\/h3>\r\n<h3><span style=\"color: #333399;\"><em><\/em><\/span><\/h3>\r\n<h3><span style=\"color: #333399;\"><em><a style=\"color: #333399;\" href=\"https:\/\/www.europa-nostra.dk\/priser-awards\/34-2\/2000-2010\/2006-illerup-aadal\/\" target=\"_blank\" rel=\"noopener\">2006 &#8211; Illerup \u00c5dal<\/a><\/em><\/span><\/h3>\r\n<p><\/p>","protected":false},"excerpt":{"rendered":"<p>Der har v\u00e6ret en del markante projekter som har f\u00e5et en Europa Nostra Pris. Her kan du se de pr\u00e6mierede danske projekter fra 2000 til og med 2010: 2000 &#8211; [&hellip;]<\/p>\n","protected":false},"author":1,"featured_media":0,"parent":34,"menu_order":-3,"comment_status":"closed","ping_status":"closed","template":"","meta":{"footnotes":""},"class_list":["post-2093","page","type-page","status-publish","hentry"],"translation":{"provider":"WPGlobus","version":"3.0.2","language":"gb","enabled_languages":["da","gb"],"languages":{"da":{"title":true,"content":true,"excerpt":false},"gb":{"title":true,"content":false,"excerpt":false}}},"_links":{"self":[{"href":"https:\/\/www.europa-nostra.dk\/gb\/wp-json\/wp\/v2\/pages\/2093","targetHints":{"allow":["GET"]}}],"collection":[{"href":"https:\/\/www.europa-nostra.dk\/gb\/wp-json\/wp\/v2\/pages"}],"about":[{"href":"https:\/\/www.europa-nostra.dk\/gb\/wp-json\/wp\/v2\/types\/page"}],"author":[{"embeddable":true,"href":"https:\/\/www.europa-nostra.dk\/gb\/wp-json\/wp\/v2\/users\/1"}],"replies":[{"embeddable":true,"href":"https:\/\/www.europa-nostra.dk\/gb\/wp-json\/wp\/v2\/comments?post=2093"}],"version-history":[{"count":6,"href":"https:\/\/www.europa-nostra.dk\/gb\/wp-json\/wp\/v2\/pages\/2093\/revisions"}],"predecessor-version":[{"id":3370,"href":"https:\/\/www.europa-nostra.dk\/gb\/wp-json\/wp\/v2\/pages\/2093\/revisions\/3370"}],"up":[{"embeddable":true,"href":"https:\/\/www.europa-nostra.dk\/gb\/wp-json\/wp\/v2\/pages\/34"}],"wp:attachment":[{"href":"https:\/\/www.europa-nostra.dk\/gb\/wp-json\/wp\/v2\/media?parent=2093"}],"curies":[{"name":"wp","href":"https:\/\/api.w.org\/{rel}","templated":true}]}}