{"id":2267,"date":"2017-09-01T10:10:33","date_gmt":"2017-09-01T08:10:33","guid":{"rendered":"https:\/\/ny.europa-nostra.dk\/?page_id=2267"},"modified":"2021-05-25T16:12:43","modified_gmt":"2021-05-25T14:12:43","slug":"h-k-h-prins-henriks-danske-europa-nostra-pris-2016","status":"publish","type":"page","link":"https:\/\/www.europa-nostra.dk\/gb\/priser-awards\/den-danske-pris\/h-k-h-prins-henriks-danske-europa-nostra-pris-2016\/","title":{"rendered":"H.K.H. Prins Henriks danske Europa Nostra pris 2016"},"content":{"rendered":"<p><img loading=\"lazy\" decoding=\"async\" class=\"alignleft wp-image-1976 size-medium\" src=\"https:\/\/ny.europa-nostra.dk\/wp-content\/uploads\/2015\/07\/nyhed1-211x300.jpg\" alt=\"\" width=\"211\" height=\"300\" srcset=\"https:\/\/www.europa-nostra.dk\/wp-content\/uploads\/2015\/07\/nyhed1-211x300.jpg 211w, https:\/\/www.europa-nostra.dk\/wp-content\/uploads\/2015\/07\/nyhed1-768x1092.jpg 768w, https:\/\/www.europa-nostra.dk\/wp-content\/uploads\/2015\/07\/nyhed1-720x1024.jpg 720w, https:\/\/www.europa-nostra.dk\/wp-content\/uploads\/2015\/07\/nyhed1.jpg 1113w\" sizes=\"auto, (max-width: 211px) 100vw, 211px\" \/><strong>Modtager af H.K.H. Prins Henriks danske Europa Nostra pris 2016, arkitekt og fotograf Jens Markus Lindhe, fort\u00e6ller om sit liv med arkitektur og fotografi. Arkitekt, freelanceskribent og redakt\u00f8r J\u00f8rgen Hegner Christiansen pr\u00e6senterer sin nye bog, ZOO &#8211; dyrenes huse, med billeder af Jens Markus Lindhe.<\/strong><\/p>\n<p>K\u00e6re Europa Nostra medlem!<\/p>\n<p>Du\/I inviteres hermed til for\u00e5rsarrangement med Europa Nostra Danmark i Nyhavn, i Jens Markus Lindhes atelier.<\/p>\n<p><strong>Torsdag d. 4. maj kl 16:30 \u2013 18:00<\/strong><br \/>\n<strong>Nyhavn 3, 1.sal 1051 Kbh K (Adgang fra fortov, trappe op. Lige ved St. Strandstr\u00e6de)<\/strong><\/p>\n<p>Jens Markus Lindhe er uddannet arkitekt fra Lund i Sverige og Kunstakademiets Arkitektskole i K\u00f8benhavn, hvorfra han fik afgang i 1987 \u2013 med restaurering som sit foretrukne arbejdsomr\u00e5de. I 15 \u00e5r prakiserede Lindhe p\u00e5 Erik M\u00f8llers Tegnestue samtidig med at han eksperimenterede med fotografi. Efterh\u00e5nden har Lindhe i over 30<br \/>\n\u00e5r arbejdet med arkitekturformidling som freelance fotograf. Alligevel har han selv udtalt, at han stadig i sit arbejde t\u00e6nker som en arkitekt.<\/p>\n<p>J\u00f8rgen Hegner Christiansen er ligeledes uddannet arkitekt og er i dag besk\u00e6ftiget som bl.a. redakt\u00f8r af det arkitekturhistoriske \u00e5rsskrift ARCHITECTURA, ansat som redakt\u00f8r<br \/>\np\u00e5 websitet Byggematerialer.dk samt freelance skribent.<\/p>\n<hr \/>\n<p><strong><img loading=\"lazy\" decoding=\"async\" class=\"alignleft size-medium wp-image-1975\" src=\"https:\/\/ny.europa-nostra.dk\/wp-content\/uploads\/2015\/07\/nyhed2-300x197.jpg\" alt=\"\" width=\"300\" height=\"197\" \/>Eftermiddagens program:<\/strong><br \/>\n16:30 &#8211; 16:40 Velkomst og introduktion, v. Erik Vind<br \/>\n16:40 &#8211; 17:10 Arkitektur og fotografi, v. Jens Markus LIndhe<br \/>\n17:10 &#8211; 17:35 Pr\u00e6sentation af bog, v. J\u00f8rgen Hegner Christiansen<br \/>\n17:35 &#8211; 17:50 Sp\u00f8rgsm\u00e5l<br \/>\n17:50 &#8211; 18:00 Afrunding, v. Erik Vind<\/p>\n<p>Der vil blive serveret forfriskninger undervejs.<\/p>\n<p><strong>Tilmelding er n\u00f8dvendig og skal ske pr. mail, senest fredag den 28. april 2017, til\u00a0<\/strong><strong>arkitekt Inge-Lise Kragh p\u00e5 ik@ra.dk.<\/strong><\/p>\n<p>Vi gl\u00e6der os til at se dig\/jer &#8211; de bedste hilsner og p\u00e5 gensyn!<\/p>\n<p>Erik Vind<br \/>\nFormand Europa Nostra Danmark<\/p>\n","protected":false},"excerpt":{"rendered":"<p>Modtager af H.K.H. Prins Henriks danske Europa Nostra pris 2016, arkitekt og fotograf Jens Markus Lindhe, fort\u00e6ller om sit liv med arkitektur og fotografi. Arkitekt, freelanceskribent og redakt\u00f8r J\u00f8rgen Hegner [&hellip;]<\/p>\n","protected":false},"author":1,"featured_media":0,"parent":9,"menu_order":2,"comment_status":"closed","ping_status":"closed","template":"","meta":{"footnotes":""},"class_list":["post-2267","page","type-page","status-publish","hentry"],"translation":{"provider":"WPGlobus","version":"3.0.2","language":"gb","enabled_languages":["da","gb"],"languages":{"da":{"title":true,"content":true,"excerpt":false},"gb":{"title":false,"content":false,"excerpt":false}}},"_links":{"self":[{"href":"https:\/\/www.europa-nostra.dk\/gb\/wp-json\/wp\/v2\/pages\/2267","targetHints":{"allow":["GET"]}}],"collection":[{"href":"https:\/\/www.europa-nostra.dk\/gb\/wp-json\/wp\/v2\/pages"}],"about":[{"href":"https:\/\/www.europa-nostra.dk\/gb\/wp-json\/wp\/v2\/types\/page"}],"author":[{"embeddable":true,"href":"https:\/\/www.europa-nostra.dk\/gb\/wp-json\/wp\/v2\/users\/1"}],"replies":[{"embeddable":true,"href":"https:\/\/www.europa-nostra.dk\/gb\/wp-json\/wp\/v2\/comments?post=2267"}],"version-history":[{"count":2,"href":"https:\/\/www.europa-nostra.dk\/gb\/wp-json\/wp\/v2\/pages\/2267\/revisions"}],"predecessor-version":[{"id":2269,"href":"https:\/\/www.europa-nostra.dk\/gb\/wp-json\/wp\/v2\/pages\/2267\/revisions\/2269"}],"up":[{"embeddable":true,"href":"https:\/\/www.europa-nostra.dk\/gb\/wp-json\/wp\/v2\/pages\/9"}],"wp:attachment":[{"href":"https:\/\/www.europa-nostra.dk\/gb\/wp-json\/wp\/v2\/media?parent=2267"}],"curies":[{"name":"wp","href":"https:\/\/api.w.org\/{rel}","templated":true}]}}