{"id":25,"date":"2014-02-28T14:44:52","date_gmt":"2014-02-28T13:44:52","guid":{"rendered":"http:\/\/www.europa-nostra.dk\/?page_id=25"},"modified":"2017-09-13T13:32:00","modified_gmt":"2017-09-13T11:32:00","slug":"fundats-for-fonden-europa-nostra-danmark","status":"publish","type":"page","link":"https:\/\/www.europa-nostra.dk\/gb\/om-europa-nostra-danmark\/fundats-for-fonden-europa-nostra-danmark\/","title":{"rendered":"Fundats for Fonden &#8211; Europa Nostra Danmark"},"content":{"rendered":"<p style=\"text-align: center;\"><b>Fundats for Fonden\u00a0&#8211; <\/b><b>Europa Nostra Danmark<\/b><\/p>\n<p>Europa Nostra blev stiftet i 1963 i Italien som en europ\u00e6isk forening med det form\u00e5l at beskytte den europ\u00e6iske kultur- og naturarv. Europa Nostra fusionerede i 1991 med The International Castles Institute. Foreningen fik navnet <i>Europa Nostra united with the International Castles Institute<\/i>, forkortet ben\u00e6vnt <i>Europa Nostra<\/i>. Europa\u00a0Nostra har flere medlemskategorier, herunder <b>Member\u00a0Organisations<\/b>, <b>Supporting Bodies<\/b> og <b>Individual\u00a0Members<\/b>. Foreningen har i dag sit hoveds\u00e6de i Fribourg, Schweitz.<\/p>\n<p>I 1991 oprettedes en dansk, privat organisation under navnet <i>Dania Nostra<\/i>, hvilket senere blev \u00e6ndret til <i>Europa Nostra Danmark<\/i>. Organisationens form\u00e5l var at st\u00f8tte og fremme Europa Nostras virke. <i>Europa Nostra Danmark<\/i> blev\u00a0\u00a0 ledet af en komit\u00e9, der har v\u00e6ret optaget som dansk <b>Member Organisation<\/b> i Europa Nostra.<\/p>\n<p>Som f\u00f8lge af den st\u00e6rke udvikling i den danske organisation har komit\u00e9en med virkning fra den 1. januar 1999 besluttet, at oprette en ikke-erhvervsdrivende fond for de gennem de senere \u00e5r fremskaffede midler. Komit\u00e9en har fastsat f\u00f8lgende fundats for Europa Nostra Danmark.<\/p>\n<h4>Navn og hjemsted<\/h4>\n<p><strong>\u00a7 1.<\/strong>\u00a0Fondens navn er Fonden Europa Nostra Danmark.<br \/>\n<strong>\u00a7 2.<\/strong> Fondens hjemsted er i Vordingborg kommune.<\/p>\n<h4>Form\u00e5l<\/h4>\n<p><strong>\u00a7 3.\u00a0<\/strong>Det er fondens form\u00e5l,<\/p>\n<p>&#8211; at medvirke til at beskytte den\u00a0 europ\u00e6iske arkitekturarv og de\u00a0 landskabelige v\u00e6rdier,<\/p>\n<p>&#8211; at fremme kvalitetsstandarder\u00a0 indenfor arkitektur og by- og\u00a0 landskabsplanl\u00e6gning,<\/p>\n<p>&#8211; at medvirke til at forbedre\u00a0 milj\u00f8et i Europa,<\/p>\n<p>&#8211; at st\u00f8tte Europa Nostras virke, og\u00a0 s\u00f8ge at fremskaffe midler til de af\u00a0 Europa Nostra ud\u00f8vede aktiviteter,<\/p>\n<p>&#8211; at virke som dansk \u201dMember\u00a0 Organisation\u201d i Europa Nostra,<\/p>\n<p>&#8211; efter bestyrelsens n\u00e6rmere beslutning\u00a0 at tage initiativ til indstiftelse af\u00a0 en eller flere prisbel\u00f8nninger til\u00a0 uddeling til danske projekter,<\/p>\n<p>&#8211; at rekruttere medlemmer bosat i\u00a0 Danmark til Europa Nostra, og at\u00a0 bist\u00e5 med at administrere danske\u00a0 medlemmer, samt<\/p>\n<p>&#8211; at v\u00e6rne om og fremme dansk\u00a0 bygningskultur og danske landskabelige\u00a0 v\u00e6rdier.<\/p>\n<h4>Formue<\/h4>\n<p><strong>\u00a7 4.\u00a0<\/strong>Fondens formue best\u00e5r den 1. januar 1999 af\u00a0435.000 kr., der er indbetalt kontant.<\/p>\n<p>Af formuen er 250.000 kr. henf\u00f8rt til fondens bundne kapital, medens restbel\u00f8bet, 185.000 kr. er frie midler.<\/p>\n<p>Den bundne kapital kan udvides med s\u00e5danne bel\u00f8b, der senere m\u00e5tte blive sk\u00e6nket fonden.<\/p>\n<p>Fonden kan modtage kontante gaver til hvis modtagelse, der er knyttet den betingelse, at de skal anvendes til at st\u00f8tte bestemte opgaver inden for fondens form\u00e5l.<\/p>\n<h4>Forvaltning<\/h4>\n<p><strong>\u00a7 5.\u00a0<\/strong>Fondens aktiver skal lyde p\u00e5 fondens navn og s\u00e5 vidt muligt noteres som tilh\u00f8rende denne.<\/p>\n<p>Bestyrelsen afg\u00f8r, hvorledes fondens midler skal anbringes og investeres inden for de af Justitsministeriet til enhver tid fastsatte regler om anbringelse af fondens midler. Midler, der er sk\u00e6nket fonden i overensstemmelse med bestemmelserne oven for i \u00a7 4, stk. 4, till\u00e6gges ikke fondens bundne kapital, men holdes til disposition for anvendelse i overensstemmelse med betingelsen for donationen.<\/p>\n<p>I sin forvaltning m\u00e5 bestyrelsen dog kun med samtykke af Civilretsdirektoratet i egenskab af fondsmyndighed foretage eller medvirke til ekstraordin\u00e6re dispositioner, der kan medf\u00f8re risiko for, at fundatsen ikke kan overholdes.<\/p>\n<h4><b>Fundats for Fonden<\/b><\/h4>\n<p><strong>\u00a7 6.\u00a0<\/strong>Fonden s\u00f8ger at registrere alle danske eller i Danmark boende\/hjemmeh\u00f8rende medlemmer af Europa Nostra. Fonden bist\u00e5r Europa Nostra med opkr\u00e6vning og afregning af de af Europa Nostra fastsatte \u00e5rlige \u201dMembership Dues\u201d for hver af Europa Nostras medlemskategorier.<\/p>\n<p>Fonden kan oprette en st\u00f8tte- og vennekreds blandt danske Europa Nostra-medlemmer og bl.a. s\u00f8ge frivillige bidrag fra disse medlemmer til st\u00f8tte for fondens arbejde.<\/p>\n<h4><strong>Protektor<\/strong><\/h4>\n<p><strong>\u00a7 7.\u00a0<\/strong>Fonden kan efter bestyrelsens indstilling s\u00e6ttes\u00a0under kongelig protektion.<\/p>\n<h4><strong>Bestyrelse<\/strong><\/h4>\n<p><strong>\u00a7 8.\u00a0<\/strong>Fonden ledes af en bestyrelse, der best\u00e5r af 7-9 medlemmer. Bestyrelsen bestemmer selv antallet af bestyrelsesmedlemmer indenfor den fastsatte ramme.<\/p>\n<p>Bestyrelsen supplerer sig selv, s\u00e5ledes at de tilbagev\u00e6rende medlemmer foretager valg til poster, der bliver ledige.<\/p>\n<p>Bestyrelsen v\u00e6lger en formand og n\u00e6stformand af sin midte.<\/p>\n<p>Hvervet som bestyrelsesmedlem er ul\u00f8nnet.<\/p>\n<p><strong>\u00a7 9.\u00a0<\/strong>Formanden indkalder til bestyrelsesm\u00f8de, n\u00e5r dette er forn\u00f8dent. Ethvert bestyrelsesmedlem kan forlange, at bestyrelsen indkaldes til m\u00f8de. Der afholdes dog m\u00f8de mindst en gang \u00e5rligt.<\/p>\n<p>Bestyrelsen er beslutningsdygtig, n\u00e5r halvdelen af medlemmerne er til stede, og alle beslutninger tr\u00e6ffes ved simpelt stemmeflertal. I tilf\u00e6lde af stemmelighed er formandens stemme udslaggivende.<\/p>\n<p>Over forhandlingerne i bestyrelsen skal der f\u00f8res en protokol, der underskrives af samtlige tilstedev\u00e6rende medlemmer.<\/p>\n<p><strong>\u00a7 10.\u00a0<\/strong>Bestyrelsen kan antage l\u00f8nnede medhj\u00e6lpere og ans\u00e6tte personale til at administrere og varetage fondens daglige forhold.<\/p>\n<p>Bestyrelsen kan meddele prokura.<\/p>\n<h4>Pr\u00e6sidium<\/h4>\n<p><strong>\u00a7 11.<\/strong>\u00a0Bestyrelsen kan udpege et pr\u00e6sidium, der skal r\u00e5dgive bestyrelsen om en r\u00e6kke punkter, der n\u00e6rmere fasts\u00e6ttes af bestyrelsen. Bestyrelsen kan v\u00e6lge i stedet at udf\u00e6rdige et regels\u00e6t for valg af pr\u00e6sidium, herunder om andre organisationers\/myndigheders valg af enkelte pr\u00e6sidiemedlemmer og\/eller om danske Europa Nostra-medlemmers valg af pr\u00e6sidiemedlemmer p\u00e5 medlemsm\u00f8der.<\/p>\n<p>Bestyrelsen fasts\u00e6tter en forretningsorden for pr\u00e6sidiets arbejde.<\/p>\n<h4>Tegningsret<\/h4>\n<p><strong>\u00a7 12.\u00a0<\/strong>Fonden tegnes af formanden alene eller af to bestyrelsesmedlemmer i forening.<\/p>\n<h4><strong>H\u00e6ftelse<\/strong><\/h4>\n<p><strong>\u00a7 13.\u00a0<\/strong>For fondens forpligtelser h\u00e6fter alene den til enhver tid v\u00e6rende formue.<\/p>\n<h4><strong>\u00c5rsregnskab og revision<\/strong><\/h4>\n<p><strong>\u00a7 14.\u00a0<\/strong>Fondens regnskabs\u00e5r er kalender\u00e5ret. F\u00f8rste regnskabs\u00e5r l\u00f8ber fra 1. januar &#8211; 31. december 1999.<\/p>\n<p><strong>\u00a7 15.\u00a0<\/strong>Bestyrelsen skal lade udarbejde et \u00e5rsregnskab best\u00e5ende af resultatopg\u00f8relse, balance (status) samt \u00e5rsberetning. \u00c5rsregnskabet skal foreligge inden 5 m\u00e5neder efter regnskabs\u00e5rets udl\u00f8b.<\/p>\n<p><strong>\u00a7 16.\u00a0<\/strong>Fondens regnskaber revideres af en af bestyrelsen valgt statsautoriseret revisor.<\/p>\n<h4><strong>Midlernes anvendelse<\/strong><\/h4>\n<p><strong>\u00a7 17.\u00a0<\/strong>Bestyrelsen disponerer fondens midler efter eget sk\u00f8n til fremme af de i \u00a7 3 n\u00e6vnte form\u00e5l.<\/p>\n<p>Hvis det af bestyrelsen sk\u00f8nnes af betydning for opfyldelsen af fondens form\u00e5l, kan bestyrelsen i det enkelte \u00e5r undlade at anvende midler til form\u00e5let og udskyde anvendelsen af midlerne til et senere regnskabs\u00e5r. I s\u00e5 fald overf\u00f8res bel\u00f8bet til en s\u00e6rlig konto for bel\u00f8b til senere anvendelse.<\/p>\n<p>Ved anvendelse af fondens midler til prisbel\u00f8nninger, jfr. \u00a7 3, stk. 6, kan bestyrelsen i s\u00e6rlige tilf\u00e6lde med Civilretsdirektoratets samtykke foretage uddeling af fondens bundne kapital.<\/p>\n<p>Af fondens indt\u00e6gter skal der foretages en passende konsolidering.<\/p>\n<p><strong>\u00c6ndring af fundatsen og opl\u00f8sning<\/strong><\/p>\n<p><strong>\u00a7 18.\u00a0<\/strong>\u00c6ndringer af fundatsen kan vedtages af bestyrelsen, hvis der i bestyrelsen er 2\/3 flertal af de afgivne stemmer, der stemmer derfor. I det omfang det er p\u00e5kr\u00e6vet efter lov om fonde og visse foreninger, skal Civilretsdirektoratets samtykke indhentes.<\/p>\n<p><strong>\u00a7 19.\u00a0<\/strong>Bestyrelsen kan ligeledes med 2\/3 flertal af de afgivne stemmer beslutte at sammenl\u00e6gge fonden med andre fonde eller at opl\u00f8se fonden. I det omfang det er p\u00e5kr\u00e6vet efter lov om fonde og visse foreninger, skal Civilretsdirektoratets samtykke indhentes.<\/p>\n<p>I tilf\u00e6lde af opl\u00f8sning skal fondens aktiver af den sidst siddende bestyrelse overdrages til \u201dEuropa Nostra united with the International Castles Institute\u201d. Hvis denne forening m\u00e5tte v\u00e6re opl\u00f8st, skal aktiverne anvendes til gavn for dansk bygningskultur eller danske landskabelige v\u00e6rdier.<\/p>\n<p>K\u00f8benhavn, den 23. august 1999<\/p>\n<h6><em>Som stiftere og i bestyrelsen:<\/em><\/h6>\n<p><em>Catharina Collet \u00a0Formand<\/em><\/p>\n<p><em>Vagn Holck Andersen Peter Augustinus<\/em><\/p>\n<p><em>Eigil Koefoed<\/em><\/p>\n<p><em>Niels-Knud Liebgott<\/em><\/p>\n<p><em>Mette Maegaard Nielsen<\/em><\/p>\n<p><em>Birthe Bruun Rasmussen<\/em><\/p>\n<p><em>Henrik Wedell-Wedellsborg<\/em><\/p>\n","protected":false},"excerpt":{"rendered":"<p>Fundats for Fonden\u00a0&#8211; Europa Nostra Danmark Europa Nostra blev stiftet i 1963 i Italien som en europ\u00e6isk forening med det form\u00e5l at beskytte den europ\u00e6iske kultur- og naturarv. Europa Nostra [&hellip;]<\/p>\n","protected":false},"author":1,"featured_media":0,"parent":1537,"menu_order":2,"comment_status":"closed","ping_status":"closed","template":"","meta":{"footnotes":""},"class_list":["post-25","page","type-page","status-publish","hentry"],"translation":{"provider":"WPGlobus","version":"3.0.2","language":"gb","enabled_languages":["da","gb"],"languages":{"da":{"title":true,"content":true,"excerpt":false},"gb":{"title":false,"content":false,"excerpt":false}}},"_links":{"self":[{"href":"https:\/\/www.europa-nostra.dk\/gb\/wp-json\/wp\/v2\/pages\/25","targetHints":{"allow":["GET"]}}],"collection":[{"href":"https:\/\/www.europa-nostra.dk\/gb\/wp-json\/wp\/v2\/pages"}],"about":[{"href":"https:\/\/www.europa-nostra.dk\/gb\/wp-json\/wp\/v2\/types\/page"}],"author":[{"embeddable":true,"href":"https:\/\/www.europa-nostra.dk\/gb\/wp-json\/wp\/v2\/users\/1"}],"replies":[{"embeddable":true,"href":"https:\/\/www.europa-nostra.dk\/gb\/wp-json\/wp\/v2\/comments?post=25"}],"version-history":[{"count":5,"href":"https:\/\/www.europa-nostra.dk\/gb\/wp-json\/wp\/v2\/pages\/25\/revisions"}],"predecessor-version":[{"id":2491,"href":"https:\/\/www.europa-nostra.dk\/gb\/wp-json\/wp\/v2\/pages\/25\/revisions\/2491"}],"up":[{"embeddable":true,"href":"https:\/\/www.europa-nostra.dk\/gb\/wp-json\/wp\/v2\/pages\/1537"}],"wp:attachment":[{"href":"https:\/\/www.europa-nostra.dk\/gb\/wp-json\/wp\/v2\/media?parent=25"}],"curies":[{"name":"wp","href":"https:\/\/api.w.org\/{rel}","templated":true}]}}