{"id":280,"date":"2014-03-04T23:30:53","date_gmt":"2014-03-04T22:30:53","guid":{"rendered":"http:\/\/www.europa-nostra.dk\/?page_id=280"},"modified":"2017-09-18T13:02:21","modified_gmt":"2017-09-18T11:02:21","slug":"1981-norre-wosborg","status":"publish","type":"page","link":"https:\/\/www.europa-nostra.dk\/gb\/priser-awards\/34-2\/1978-1989\/1981-norre-wosborg\/","title":{"rendered":"1981 &#8211; N\u00f8rre Wosborg"},"content":{"rendered":"<h3>N\u00f8rre Wosborg &#8211; medalje<\/h3>\n<p>En unik fredet herreg\u00e5rd der har 700 \u00e5rs historie bag sig, og modtog i 1981 en europ\u00e6isk pris &#8211; Europa Nostra medaljen &#8211; for den store bevaringsindsats.Borgen er den eneste bevarede herreg\u00e5rd i det vestjyske fjordlandskab, og hovedbygningen ligger omgivet af en voldgrav. Her kan opleves den gamle vestjyske byggeskik og der er adgang til museet- det gamle herreg\u00e5rdshjem, samt til borgparken med de mange rhododendronplanter og det flotte skovparti.<br \/>\nOprindeligt l\u00e5 borgen i engen ved fjorden, men efter en stormflod i 1532 blev den flyttet 1 km. l\u00e6ngere ind i landet, og for at undg\u00e5 gentagelser blev borgen omgivet af dobbelte indtil 6 m h\u00f8je jordvolde. Fra hovedvejen kan man skimte det karakteristiske hollandsk inspirerede portt\u00e5rn.<\/p>\n<p><b>N\u00f8rre Wosborg<br \/>\n<\/b>Vembvej 35<br \/>\n7570 Vemb<br \/>\nTelefon: +45 9748 1740<br \/>\nKontaktperson: Helle Skaarup, direkt\u00f8r<br \/>\n<a href=\"http:\/\/www.nrvosborg.dk\/\" target=\"_blank\" rel=\"noopener\">www.nrvosborg.dk<\/a><\/p>\n<p><a href=\"http:\/\/www.europa-nostra.dk\/wp-content\/uploads\/2014\/02\/n_rre_vosborg.port_01.jpg\"><img loading=\"lazy\" decoding=\"async\" class=\"size-full wp-image-124 aligncenter\" src=\"http:\/\/www.europa-nostra.dk\/wp-content\/uploads\/2014\/02\/n_rre_vosborg.port_01.jpg\" alt=\"n_rre_vosborg.port_01\" width=\"500\" height=\"224\" srcset=\"https:\/\/www.europa-nostra.dk\/wp-content\/uploads\/2014\/02\/n_rre_vosborg.port_01.jpg 500w, https:\/\/www.europa-nostra.dk\/wp-content\/uploads\/2014\/02\/n_rre_vosborg.port_01-300x134.jpg 300w\" sizes=\"auto, (max-width: 500px) 100vw, 500px\" \/><\/a><\/p>\n<p><a href=\"http:\/\/www.europa-nostra.dk\/wp-content\/uploads\/2014\/02\/n_rre_vosborg1_01.jpg\"><img loading=\"lazy\" decoding=\"async\" class=\"size-full wp-image-125 aligncenter\" src=\"http:\/\/www.europa-nostra.dk\/wp-content\/uploads\/2014\/02\/n_rre_vosborg1_01.jpg\" alt=\"n_rre_vosborg1_01\" width=\"500\" height=\"292\" srcset=\"https:\/\/www.europa-nostra.dk\/wp-content\/uploads\/2014\/02\/n_rre_vosborg1_01.jpg 500w, https:\/\/www.europa-nostra.dk\/wp-content\/uploads\/2014\/02\/n_rre_vosborg1_01-300x175.jpg 300w\" sizes=\"auto, (max-width: 500px) 100vw, 500px\" \/><\/a><\/p>\n","protected":false},"excerpt":{"rendered":"<p>N\u00f8rre Wosborg &#8211; medalje En unik fredet herreg\u00e5rd der har 700 \u00e5rs historie bag sig, og modtog i 1981 en europ\u00e6isk pris &#8211; Europa Nostra medaljen &#8211; for den store [&hellip;]<\/p>\n","protected":false},"author":1,"featured_media":0,"parent":2087,"menu_order":27,"comment_status":"closed","ping_status":"closed","template":"","meta":{"footnotes":""},"class_list":["post-280","page","type-page","status-publish","hentry"],"translation":{"provider":"WPGlobus","version":"3.0.2","language":"gb","enabled_languages":["da","gb"],"languages":{"da":{"title":true,"content":true,"excerpt":false},"gb":{"title":false,"content":false,"excerpt":false}}},"_links":{"self":[{"href":"https:\/\/www.europa-nostra.dk\/gb\/wp-json\/wp\/v2\/pages\/280","targetHints":{"allow":["GET"]}}],"collection":[{"href":"https:\/\/www.europa-nostra.dk\/gb\/wp-json\/wp\/v2\/pages"}],"about":[{"href":"https:\/\/www.europa-nostra.dk\/gb\/wp-json\/wp\/v2\/types\/page"}],"author":[{"embeddable":true,"href":"https:\/\/www.europa-nostra.dk\/gb\/wp-json\/wp\/v2\/users\/1"}],"replies":[{"embeddable":true,"href":"https:\/\/www.europa-nostra.dk\/gb\/wp-json\/wp\/v2\/comments?post=280"}],"version-history":[{"count":3,"href":"https:\/\/www.europa-nostra.dk\/gb\/wp-json\/wp\/v2\/pages\/280\/revisions"}],"predecessor-version":[{"id":2611,"href":"https:\/\/www.europa-nostra.dk\/gb\/wp-json\/wp\/v2\/pages\/280\/revisions\/2611"}],"up":[{"embeddable":true,"href":"https:\/\/www.europa-nostra.dk\/gb\/wp-json\/wp\/v2\/pages\/2087"}],"wp:attachment":[{"href":"https:\/\/www.europa-nostra.dk\/gb\/wp-json\/wp\/v2\/media?parent=280"}],"curies":[{"name":"wp","href":"https:\/\/api.w.org\/{rel}","templated":true}]}}