{"id":3001,"date":"2018-07-03T08:43:20","date_gmt":"2018-07-03T06:43:20","guid":{"rendered":"https:\/\/www.europa-nostra.dk\/?page_id=3001"},"modified":"2023-03-12T18:16:59","modified_gmt":"2023-03-12T17:16:59","slug":"aktuelt-2","status":"publish","type":"page","link":"https:\/\/www.europa-nostra.dk\/gb\/aktuelt\/aktuelt-2\/","title":{"rendered":"AKTUELT DK"},"content":{"rendered":"<h4><strong><span style=\"color: #993300;\">Vil du have 25.000 kr. til et sted du holder af?<br \/>\r\n<\/span><br \/>\r\n<\/strong><\/h4>\r\n<h4><strong><span style=\"color: #993300;\"><em>S\u00e5 find en samarbejdspartner i dit omr\u00e5de og s\u00f8g puljen Samlingskraft \u2013 sammen om steder vi holder af.<br \/>\r\n<\/em><\/span><br \/>\r\n<\/strong><\/h4>\r\n<p><em><strong>SAMLINGSKRAFT<\/strong> <\/em>er Samlingskraft er en pulje, der st\u00f8tter arrangementer, som formidler og forener det b\u00e6redygtige i kulturarv med lokale f\u00e6llesskaber. Puljens f\u00f8rste ans\u00f8gningsfrist er 15. marts.<br \/>\r\n<span style=\"color: #993300;\"><a style=\"color: #993300;\" href=\"https:\/\/samlingskraft.dk\"><strong><\/a><\/span><\/p>\r\n<p>Like og del opslaget p\u00e5 Instagram s\u00e5 vi kan f\u00e5 sp\u00e6ndende arrangementer i hele landet.<\/p>\r\n<p><span style=\"color: #993300;\"><strong>By og Land Danmark lancerer nu kampagnen SAMLINGSKRAFT \u2013 sammen om steder vi holder af. M\u00e5let er at give \u00f8konomisk st\u00f8tte til lokale kr\u00e6fter, der vil s\u00e6tte fokus p\u00e5 bygningskultur og b\u00e6redygtighed i deres n\u00e6romr\u00e5de. Foreningen Realdania st\u00f8tter indsatsen. Der er s\u00e6rlige steder og bygninger overalt i landet, og Samlingskraft \u00f8nsker at bidrage til, at flere l\u00e6rer de s\u00e6rlige steder at kende og s\u00e6tter pris p\u00e5 dem som en del af deres lokalmilj\u00f8 og hverdag. Samlingskraft st\u00f8tter nemlig engagerede mennesker, som br\u00e6nder for at formidle historier om bygnings- og landskabskulturen i deres nabolag.<br \/>\r\nS\u00f8g op til 25.000 kr. til et lokalt arrangement<br \/>\r\nFrem til den 15. marts kan alle med en god id\u00e9 til et arrangement, der formidler de s\u00e6rlige steder i deres nabolag, s\u00f8ge st\u00f8tte. Der kan s\u00f8ges op til 25.000 kr. pr. arrangement. Arrangementerne skal s\u00e6tte fokus p\u00e5 den lokale bygnings- og landskabskultur, fremme forst\u00e5elsen for b\u00e6redygtige l\u00f8sninger og skabe nye lokale f\u00e6llesskaber.<br \/>\r\nLiv i bygningsarven og st\u00e6rke f\u00e6llesskaber<br \/>\r\n&#8216;Det bliver supersp\u00e6ndende at opleve, hvordan frivillige ser og bruger den kulturarv, der er lige uden for deres hovedd\u00f8r,\u2019 siger Iben B\u00e6kkelund Jagd, formand for By og Land Danmark, og forts\u00e6tter \u2019Det er vigtigt at understrege, at alle frivillige grupper kan s\u00f8ge om midler fra Samlingskraft. Det vigtigste er en god id\u00e9, lysten til at lave et arrangement for andre mennesker og den lokale sammenh\u00e6ngskr\u00e6ft. Arrangementerne skal nemlig laves i samarbejde mellem mindst to frivillige foreninger eller lokale grupper.\u2019<br \/>\r\nSamlingskraft er st\u00f8ttet af den filantropiske forening Realdania:<br \/>\r\n\u2018Vi h\u00e5ber, at Samlingskraft kan give flere mennesker en forst\u00e5else for de historier, vi sammen bygger videre p\u00e5. Vi ved, at bygningskultur betyder noget for mennesker lokalt. Vi vil derfor gerne v\u00e6re med til at puste liv i steder og historier, som kan bidrage til livskvalitet og f\u00e6llesskab,\u2019 siger Vera Noldus, projektchef i Realdania.<br \/>\r\nData fra forskellige analyser fra de senere \u00e5r viser, at det er mere b\u00e6redygtigt og gavnligt for klimaet at genanvende materialer eller transformere eksisterende byggeri fremfor at producere nyt. Derfor st\u00f8tter Samlingskraft arrangementer, der fremmer forst\u00e5elsen for og bevidstheden om, hvordan eksisterende bygnings- og landskabsrum er en del af en b\u00e6redygtig fremtid.<br \/>\r\nLokalt engagement v\u00e6kker stor interesse<br \/>\r\nTre steder i landet har man allerede gennemf\u00f8rt de f\u00f8rste arrangementer med st\u00f8tte fra Samlingskraft. Bevaringsforeningen for Varde har f.eks. f\u00e5et st\u00f8tte til en filmfremvisning med fokus p\u00e5 lokal bygningsarv.<br \/>\r\nHenning Jensen fra Varde bygningskulturforening siger: \u2019P\u00e5 mindre end 14 dage blev alle 140 pladser i Varde Bios store sal booket og flere end 50 personer p\u00e5 venteliste. Det viser, at der er en stor interesse for bygningsbevaring, formidling og f\u00e6llesskab. Og ikke kun blandt vore medlemmer. For mange af de tilmeldte er ikke medlemmer,\u2019 siger Henning Jensen fra Bevaringsforeningen for Varde.<br \/>\r\nFristen for ans\u00f8gninger til Samlingskraft er i f\u00f8rste omgang 15. marts. Kampagnen l\u00f8ber i tre \u00e5r med to ans\u00f8gningsfrister hvert \u00e5r. L\u00e6s, hvordan du s\u00f8ger kampagnen p\u00e5 samlingskraft.dk<\/strong><\/span><\/p>\r\n<p>Faktaboks &#8211; Samlingskraft st\u00f8tter arrangementer, der:<br \/>\r\n\u2022 inspirerer lokalomr\u00e5det gennem inkluderende aktiviteter, der l\u00e6gger op til f\u00e6llesskab, bevaring og udvikling af bygningskulturen som en vigtig del af den gr\u00f8nne omstilling.<br \/>\r\n\u2022 skaber nye f\u00e6llesskaber omkring den lokale bygnings- eller landskabskultur og styrker alliancer mellem allerede eksisterende f\u00e6llesskaber og nye m\u00e5lgrupper.<br \/>\r\n\u2022 fremmer forst\u00e5elsen for bevaring af bygninger som en b\u00e6redygtig faktor, der indg\u00e5r i den gr\u00f8nne omstilling, det vil sige bygnings- og landskabskulturen som redskab fremfor et m\u00e5l.<br \/>\r\n\u2022 Kampagnen er st\u00f8ttet af den filantropiske forening Realdania.<span style=\"color: #993300;\"> <a style=\"color: #993300;\" href=><strong>L\u00e6s mere p\u00e5 samlingskraft.dk<\/strong><\/a><\/span><\/p>\r\n<p><\/p><!-- \/wp:post-content -->","protected":false},"excerpt":{"rendered":"<p>Vil du have 25.000 kr. til et sted du holder af? S\u00e5 find en samarbejdspartner i dit omr\u00e5de og s\u00f8g puljen Samlingskraft \u2013 sammen om steder vi holder af. SAMLINGSKRAFT [&hellip;]<\/p>\n","protected":false},"author":2,"featured_media":0,"parent":690,"menu_order":1,"comment_status":"closed","ping_status":"closed","template":"","meta":{"footnotes":""},"class_list":["post-3001","page","type-page","status-publish","hentry"],"translation":{"provider":"WPGlobus","version":"3.0.2","language":"gb","enabled_languages":["da","gb"],"languages":{"da":{"title":true,"content":true,"excerpt":false},"gb":{"title":false,"content":false,"excerpt":false}}},"_links":{"self":[{"href":"https:\/\/www.europa-nostra.dk\/gb\/wp-json\/wp\/v2\/pages\/3001","targetHints":{"allow":["GET"]}}],"collection":[{"href":"https:\/\/www.europa-nostra.dk\/gb\/wp-json\/wp\/v2\/pages"}],"about":[{"href":"https:\/\/www.europa-nostra.dk\/gb\/wp-json\/wp\/v2\/types\/page"}],"author":[{"embeddable":true,"href":"https:\/\/www.europa-nostra.dk\/gb\/wp-json\/wp\/v2\/users\/2"}],"replies":[{"embeddable":true,"href":"https:\/\/www.europa-nostra.dk\/gb\/wp-json\/wp\/v2\/comments?post=3001"}],"version-history":[{"count":10,"href":"https:\/\/www.europa-nostra.dk\/gb\/wp-json\/wp\/v2\/pages\/3001\/revisions"}],"predecessor-version":[{"id":3974,"href":"https:\/\/www.europa-nostra.dk\/gb\/wp-json\/wp\/v2\/pages\/3001\/revisions\/3974"}],"up":[{"embeddable":true,"href":"https:\/\/www.europa-nostra.dk\/gb\/wp-json\/wp\/v2\/pages\/690"}],"wp:attachment":[{"href":"https:\/\/www.europa-nostra.dk\/gb\/wp-json\/wp\/v2\/media?parent=3001"}],"curies":[{"name":"wp","href":"https:\/\/api.w.org\/{rel}","templated":true}]}}