{"id":3037,"date":"2018-07-25T23:05:35","date_gmt":"2018-07-25T21:05:35","guid":{"rendered":"https:\/\/www.europa-nostra.dk\/?page_id=3037"},"modified":"2021-05-25T16:29:25","modified_gmt":"2021-05-25T14:29:25","slug":"ind-morandum","status":"publish","type":"page","link":"https:\/\/www.europa-nostra.dk\/gb\/kontakt\/artikler-mm\/ind-morandum\/","title":{"rendered":"ind morandum"},"content":{"rendered":"<div id=\"metaslider-id-2899\" style=\"width: 100%; margin: 0 auto;\" class=\"ml-slider-3-107-0 metaslider metaslider-flex metaslider-2899 ml-slider ms-theme-default nav-hidden\" role=\"region\" aria-label=\"New Slideshow\" data-height=\"380\" data-width=\"600\">\n    <div id=\"metaslider_container_2899\">\n        <div id=\"metaslider_2899\" class=\"flexslider\">\n            <ul class='slides'>\n                <li style=\"display: block; width: 100%;\" class=\"slide-2913 ms-image \" aria-roledescription=\"slide\" data-date=\"2018-02-16 16:05:11\" data-filename=\"jens-16-547x347.jpg\" data-slide-type=\"image\"><img loading=\"lazy\" decoding=\"async\" src=\"https:\/\/www.europa-nostra.dk\/wp-content\/uploads\/2018\/02\/jens-16-547x347.jpg\" height=\"380\" width=\"600\" alt=\"\" class=\"slider-2899 slide-2913 msDefaultImage\" \/><div class=\"caption-wrap\"><div class=\"caption\">HKH Prinsgemalens Europa Nostra Danmark Pris 2016 - Jens Markus Lindhe<\/div><\/div><\/li>\n                <li style=\"display: none; width: 100%;\" class=\"slide-2914 ms-image \" aria-roledescription=\"slide\" data-date=\"2018-02-16 16:05:11\" data-filename=\"britta-17-600x380.jpg\" data-slide-type=\"image\"><img loading=\"lazy\" decoding=\"async\" src=\"https:\/\/www.europa-nostra.dk\/wp-content\/uploads\/2018\/02\/britta-17-600x380.jpg\" height=\"380\" width=\"600\" alt=\"\" class=\"slider-2899 slide-2914 msDefaultImage\" \/><div class=\"caption-wrap\"><div class=\"caption\">HKH Prinsgemalens Europa Nostra Danmark Pris 2017 - Britta Andersen<\/div><\/div><\/li>\n                <li style=\"display: none; width: 100%;\" class=\"slide-2915 ms-image \" aria-roledescription=\"slide\" data-date=\"2018-02-16 16:05:11\" data-filename=\"raadvad-14-581x368.jpg\" data-slide-type=\"image\"><img loading=\"lazy\" decoding=\"async\" src=\"https:\/\/www.europa-nostra.dk\/wp-content\/uploads\/2018\/02\/raadvad-14-581x368.jpg\" height=\"380\" width=\"600\" alt=\"\" class=\"slider-2899 slide-2915 msDefaultImage\" \/><div class=\"caption-wrap\"><div class=\"caption\">HKH Prinsgemalens Europa Nostra Danmark Pris 2014 - Raadvad center for bygningsbevaring<\/div><\/div><\/li>\n                <li style=\"display: none; width: 100%;\" class=\"slide-2922 ms-image \" aria-roledescription=\"slide\" data-date=\"2018-02-16 16:29:34\" data-filename=\"hanne-12-533x338.jpg\" data-slide-type=\"image\"><img loading=\"lazy\" decoding=\"async\" src=\"https:\/\/www.europa-nostra.dk\/wp-content\/uploads\/2018\/02\/hanne-12-533x338.jpg\" height=\"380\" width=\"600\" alt=\"\" class=\"slider-2899 slide-2922 msDefaultImage\" \/><div class=\"caption-wrap\"><div class=\"caption\">HKH Prinsgemalens Europa Nostra Danmark Pris 2012 - Hanne Raabyemagle<\/div><\/div><\/li>\n                <li style=\"display: none; width: 100%;\" class=\"slide-2923 ms-image \" aria-roledescription=\"slide\" data-date=\"2018-02-16 16:30:27\" data-filename=\"mette-15-1-600x380.jpg\" data-slide-type=\"image\"><img loading=\"lazy\" decoding=\"async\" src=\"https:\/\/www.europa-nostra.dk\/wp-content\/uploads\/2018\/02\/mette-15-1-600x380.jpg\" height=\"380\" width=\"600\" alt=\"\" class=\"slider-2899 slide-2923 msDefaultImage\" \/><div class=\"caption-wrap\"><div class=\"caption\">HKH Prinsgemalens Europa Nostra Danmark Pris 2015 - Mette Marciniak<\/div><\/div><\/li>\n            <\/ul>\n        <\/div>\n        \n    <\/div>\n<\/div>\n\n\n\n<h2 class=\"wp-block-heading\"><strong>IN MEMORIAM <\/strong><\/h2>\n\n\n\n<h2 class=\"wp-block-heading\"><strong>H.K.H. Prins Henrik af Denmark, (1934 &#8211; 2018) <\/strong><\/h2>\n\n\n\n<p>Det er med stor sorg og dybf\u00f8lt respekt, at Europa Nostra har modtaget meddelelsen om Prins Henriks d\u00f8d den 13. februar 2018. I 17 \u00e5r fra 1990 til 2007 var Prinsen pr\u00e6sident for kulturarvsorganisationen Europa Nostra , hvor han bidrog med uvurderlig viden, indsigt og et aldrig svigtende engagement. Hans fork\u00e6rlighed for kulturarven gjorde ham til en v\u00e6gtig frontfigur for foreningen, der v\u00e6rner om Europas bygningsarv og landskabelige v\u00e6rdier, og som i dag regnes for Europas \u201dstemme\u201d i kulturarvssp\u00f8rgsm\u00e5l.<\/p>\n\n\n\n<p>I Prins Henriks periode som pr\u00e6sident oplevede Europa Nostra en hidtil uset v\u00e6kst og udvikling, hvilket i h\u00f8j grad var hans fortjeneste, og medlemmer af foreningen vil huske ham for hans frimodighed og venlighed, der gjorde samarbejdet ubesv\u00e6ret og hold-\u00e5nden st\u00e6rk. Prins Henrik var st\u00e6rkt dedikeret til foreningens arbejde og var altid til stede p\u00e5 r\u00e5dsm\u00f8der, ved uddelingen af Europa Nostras priser eller ved enhver anden lejlighed rundt omkring i Europa, hvor hans rolle i Europa Nostra-regi var vigtig. Flere af r\u00e5dsm\u00f8derne var han selv v\u00e6rt for i Danmark og i Scandinavian.<\/p>\n\n\n\n<p>Medlemmerne af Europa Nostras styrende organer og det internationale sekretariat v\u00e6rdsatte altid Prinsens store deltagelse i de emner, der optog organisationen i en tid, hvor Europa var ved et vendepunkt i dets historie. Prinsen blev pr\u00e6sident for Europa Nostra f\u00e5 m\u00e5neder efter Berlinmurens fald, hvilket markerede en ny begyndelse for landene i det centrale og \u00f8stlige Europa, og at han tog imod posten netop p\u00e5 det tidspunkt var b\u00e5de modigt og et bevis p\u00e5 hans loyalitet over for europ\u00e6iske v\u00e6rdier. Kulturarven skulle komme til at spille en hovedrolle for Europas ny- fundne identitet, hvilket \u00e5bnede nye muligheder for Europa Nostras m\u00e5l og aktiviteter.<\/p>\n\n\n\n<p>Prins Henriks bidrag til Europa Nostra har v\u00e6ret afg\u00f8rende for foreningens virke p\u00e5 mange m\u00e5der. Han konsoliderede for eksempel organisationen ved at etablere et hovedkontor i Haag og udviklede samarbejdet med EU og dermed EU-borgernes adgang til b\u00e5de kultur- og naturarven i Europa. I dette arbejde var hans diplomatiske evner af stor betydning for at sikre balancen mellem Det Europ\u00e6iske R\u00e5d, i hvis regi Europa Nostras begyndte sin virksomhed, og EU, hvor organisationen nu er en v\u00e6rdsat partner. Europa Nostra er i dag det st\u00f8rste europ\u00e6iske ikke-statslige netv\u00e6rk, der forener de repr\u00e6sentanter for civilsamfundet, der er aktive inden for kultur- og naturarvsbevaring over hele Europa.<\/p>\n\n\n\n<p>Da Prins Henrik forlod den internationale post i 2007, var det dog ikke et farvel til Europa Nostra.<\/p>\n\n\n\n<p>Prinsens dybe interesse for organisationens arbejde kom til udtryk i hans gener\u00f8se v\u00e6rtskab ved de seneste 10 \u00e5rs uddelinger af <em>Prins Henriks Danske Europa Nostra Pris<\/em> til personer, som har ydet en s\u00e6rlig indsats for bevaring og udvikling af dansk bygnings og landskabskultur. Prisen uddeles fortsat.<\/p>\n\n\n\n<p>\u00c6re v\u00e6re Prinsens minde.<\/p>\n\n\n\n<p>Erik Vind<\/p>\n\n\n\n<p>Formand E.N. Danmark<\/p>\n","protected":false},"excerpt":{"rendered":"<p>IN MEMORIAM H.K.H. Prins Henrik af Denmark, (1934 &#8211; 2018) Det er med stor sorg og dybf\u00f8lt respekt, at Europa Nostra har modtaget meddelelsen om Prins Henriks d\u00f8d den 13. [&hellip;]<\/p>\n","protected":false},"author":2,"featured_media":0,"parent":3491,"menu_order":1,"comment_status":"closed","ping_status":"closed","template":"","meta":{"footnotes":""},"class_list":["post-3037","page","type-page","status-publish","hentry"],"translation":{"provider":"WPGlobus","version":"3.0.2","language":"gb","enabled_languages":["da","gb"],"languages":{"da":{"title":true,"content":true,"excerpt":false},"gb":{"title":false,"content":false,"excerpt":false}}},"_links":{"self":[{"href":"https:\/\/www.europa-nostra.dk\/gb\/wp-json\/wp\/v2\/pages\/3037","targetHints":{"allow":["GET"]}}],"collection":[{"href":"https:\/\/www.europa-nostra.dk\/gb\/wp-json\/wp\/v2\/pages"}],"about":[{"href":"https:\/\/www.europa-nostra.dk\/gb\/wp-json\/wp\/v2\/types\/page"}],"author":[{"embeddable":true,"href":"https:\/\/www.europa-nostra.dk\/gb\/wp-json\/wp\/v2\/users\/2"}],"replies":[{"embeddable":true,"href":"https:\/\/www.europa-nostra.dk\/gb\/wp-json\/wp\/v2\/comments?post=3037"}],"version-history":[{"count":3,"href":"https:\/\/www.europa-nostra.dk\/gb\/wp-json\/wp\/v2\/pages\/3037\/revisions"}],"predecessor-version":[{"id":3149,"href":"https:\/\/www.europa-nostra.dk\/gb\/wp-json\/wp\/v2\/pages\/3037\/revisions\/3149"}],"up":[{"embeddable":true,"href":"https:\/\/www.europa-nostra.dk\/gb\/wp-json\/wp\/v2\/pages\/3491"}],"wp:attachment":[{"href":"https:\/\/www.europa-nostra.dk\/gb\/wp-json\/wp\/v2\/media?parent=3037"}],"curies":[{"name":"wp","href":"https:\/\/api.w.org\/{rel}","templated":true}]}}