{"id":3550,"date":"2021-06-10T12:20:46","date_gmt":"2021-06-10T10:20:46","guid":{"rendered":"https:\/\/www.europa-nostra.dk\/?page_id=3550"},"modified":"2023-06-19T12:27:52","modified_gmt":"2023-06-19T10:27:52","slug":"fredensborg-palace-gardens","status":"publish","type":"page","link":"https:\/\/www.europa-nostra.dk\/gb\/priser-awards\/34-2\/2021-2030\/fredensborg-palace-gardens\/","title":{"rendered":"2021  &#8211;  FREDENSBORG PALACE GARDENS"},"content":{"rendered":"<p>&nbsp;<\/p>\n<figure id=\"attachment_3427\" aria-describedby=\"caption-attachment-3427\" style=\"width: 300px\" class=\"wp-caption aligncenter\"><img loading=\"lazy\" decoding=\"async\" class=\"size-medium wp-image-3427\" src=\"https:\/\/www.europa-nostra.dk\/wp-content\/uploads\/2021\/05\/Fredensborg-Slot-set-fra-Skibsbakken_DSC2226_Foto-Thomas-Rahbek-300x123.png\" alt=\"\" width=\"300\" height=\"123\" srcset=\"https:\/\/www.europa-nostra.dk\/wp-content\/uploads\/2021\/05\/Fredensborg-Slot-set-fra-Skibsbakken_DSC2226_Foto-Thomas-Rahbek-300x123.png 300w, https:\/\/www.europa-nostra.dk\/wp-content\/uploads\/2021\/05\/Fredensborg-Slot-set-fra-Skibsbakken_DSC2226_Foto-Thomas-Rahbek-1024x420.png 1024w, https:\/\/www.europa-nostra.dk\/wp-content\/uploads\/2021\/05\/Fredensborg-Slot-set-fra-Skibsbakken_DSC2226_Foto-Thomas-Rahbek-768x315.png 768w, https:\/\/www.europa-nostra.dk\/wp-content\/uploads\/2021\/05\/Fredensborg-Slot-set-fra-Skibsbakken_DSC2226_Foto-Thomas-Rahbek-1536x630.png 1536w, https:\/\/www.europa-nostra.dk\/wp-content\/uploads\/2021\/05\/Fredensborg-Slot-set-fra-Skibsbakken_DSC2226_Foto-Thomas-Rahbek.png 1950w\" sizes=\"auto, (max-width: 300px) 100vw, 300px\" \/><figcaption id=\"caption-attachment-3427\" class=\"wp-caption-text\">Fredensborg Slot set fra Skibsbakken Foto-Thomas Rahbek<\/figcaption><\/figure>\n<p>&nbsp;<\/p>\n<p>Mere end 9 kilometer all\u00e9er af de flotteste lindetr\u00e6er, en smuk kastanjeall\u00e9, 90 nyhuggede skulpturer i sandsten og marmor, genskabelsen af Brede All\u00e9 med intet mindre end 258 lindetr\u00e6er og mere end 300 dedikerede fagfolk og eksperter, der har bidraget med forskellig viden fra lige netop deres omr\u00e5de.<\/p>\n<p>Det er blot en del af \u00e5rsagen til, at Slots- og Kulturstyrelsen i dag har modtaget en af de fineste priser, man kan opn\u00e5 for restaureringsprojekter i international sammenh\u00e6ng. Prisen gives for projektet i Fredensborg Slotshave, som er Danmarks st\u00f8rste og fineste barokhave.<\/p>\n<p>Prisen er tildelt i kategorien \u201dBevarelse af kulturarv\u201d, og h\u00e6deren er tildelt for den langsigtede restaurering af slotshaven med s\u00e6rligt fokus p\u00e5 de restaurerings- og genskabelsesarbejder, der er udf\u00f8rt i perioden fra 2009 og frem til 2020.<\/p>\n<blockquote><p>Kulturminister Joy Mogensen siger:<\/p>\n<p>\u201dVores smukke, kongelige slotshaver og slotte er en vigtig del af vores f\u00e6lles kulturarv, og haverne er bogstaveligt talt blomstrende og forf\u00f8rende danmarkshistorie. Det er kulturarv, der betager, forundrer og er en kilde til inspiration og rekreation \u00e5ret rundt.<\/p>\n<p>Det sidste \u00e5rs tid med corona, hvor mange kulturinstitutioner har v\u00e6ret lukket, er danskerne str\u00f8mmet ud i parker, anl\u00e6g og naturen, og tusinder har f\u00e5et \u00f8jnene op for de oplevelser, man kan nyde i de historiske slotshaver.<\/p>\n<p>Jeg \u00f8nsker et stort og varmt tak til alle, der har v\u00e6ret en del af restaureringsprojektet i Fredensborg Slotshave. Hvor er det sk\u00f8nt at vide, at den gamle slotshave nu kan vokse ind i en ny tid til gl\u00e6de og gavn for danskerne og de kommende generationer.\u201d<\/p><\/blockquote>\n<figure id=\"attachment_3425\" aria-describedby=\"caption-attachment-3425\" style=\"width: 300px\" class=\"wp-caption aligncenter\"><img loading=\"lazy\" decoding=\"async\" class=\"size-medium wp-image-3425\" src=\"https:\/\/www.europa-nostra.dk\/wp-content\/uploads\/2021\/05\/Bortfoerelsesgruppen-Perseus-og-Andromeda-Brede-Alle_DSC_1700_Foto-Thomas-Rahbek-300x123.png\" alt=\"\" width=\"300\" height=\"123\" srcset=\"https:\/\/www.europa-nostra.dk\/wp-content\/uploads\/2021\/05\/Bortfoerelsesgruppen-Perseus-og-Andromeda-Brede-Alle_DSC_1700_Foto-Thomas-Rahbek-300x123.png 300w, https:\/\/www.europa-nostra.dk\/wp-content\/uploads\/2021\/05\/Bortfoerelsesgruppen-Perseus-og-Andromeda-Brede-Alle_DSC_1700_Foto-Thomas-Rahbek-1024x420.png 1024w, https:\/\/www.europa-nostra.dk\/wp-content\/uploads\/2021\/05\/Bortfoerelsesgruppen-Perseus-og-Andromeda-Brede-Alle_DSC_1700_Foto-Thomas-Rahbek-768x315.png 768w, https:\/\/www.europa-nostra.dk\/wp-content\/uploads\/2021\/05\/Bortfoerelsesgruppen-Perseus-og-Andromeda-Brede-Alle_DSC_1700_Foto-Thomas-Rahbek-1536x630.png 1536w, https:\/\/www.europa-nostra.dk\/wp-content\/uploads\/2021\/05\/Bortfoerelsesgruppen-Perseus-og-Andromeda-Brede-Alle_DSC_1700_Foto-Thomas-Rahbek.png 1950w\" sizes=\"auto, (max-width: 300px) 100vw, 300px\" \/><figcaption id=\"caption-attachment-3425\" class=\"wp-caption-text\">Bortfoerelsesgruppen Perseus og Andromeda &#8211; Brede Alle Foto-Thomas Rahbek<\/figcaption><\/figure>\n<p>&nbsp;<\/p>\n<p>Fredensborg Slotshave er \u00e9n blandt flere kongelige haver, der forvaltes af Slots- og Kulturstyrelsen, og som st\u00e5r til r\u00e5dighed for offentligheden. Samlet set repr\u00e6senterer de kongelige slotshaver mere end 400 \u00e5rs kongelig havekunst, og n\u00e5r man bes\u00f8ger haverne kan man rejse tilbage i tiden og opleve de forskellige stilepoker i havekunsten.<\/p>\n<p>Sj\u00e6lden pris til Danmark<\/p>\n<p>Europa Nostra-prisen for kulturarv er blevet uddelt siden 1978 og har til form\u00e5l at fremme Europas kulturarv, s\u00e5 endnu flere f\u00e5r gl\u00e6de af den. Prisen er opdelt i fire kategorier: Bevarelse af kulturarv, Forskning, Dedikeret service af enkeltpersoner samt Uddannelse og bevidstg\u00f8relse, hvor Fredensborg Slotshave er h\u00e6dret for bevarelsen af den helt unikke kulturarv i den historiske slotshave.<\/p>\n<p>I den danske afdeling af Europa Nostra er der stor gl\u00e6de over, at den flotte h\u00e6der er tildelt et restaureringsprojekt i Danmark.<\/p>\n<blockquote><p>Formand Ettie Castenskiold, Europa Nostra Danmark, siger:<\/p>\n<p>\u201dDet er en stor gl\u00e6de for Europa Nostra Danmark, at Fredensborg Slotshave i \u00e5r f\u00e5r den \u00e6refulde Europa Nostra-pris inden for bevaring af kulturarv, som er den mest eftertragtede af de fire vinder-kategorier, og derfor ogs\u00e5 sv\u00e6r at opn\u00e5. Bestyrelsen for Europa Nostra Danmark gl\u00e6der sig over at have formidlet denne arkitektoniske perle og den sublime restaurering til anerkendelse i resten af Europa.<\/p><\/blockquote>\n<p>&nbsp;<\/p>\n<figure id=\"attachment_3426\" aria-describedby=\"caption-attachment-3426\" style=\"width: 300px\" class=\"wp-caption aligncenter\"><img loading=\"lazy\" decoding=\"async\" class=\"size-medium wp-image-3426\" src=\"https:\/\/www.europa-nostra.dk\/wp-content\/uploads\/2021\/05\/Bortfoerelsesgruppen-Zephyr-og-Flora-Brede-Alle_548_Foto-Simon-Lautrop-300x123.png\" alt=\"\" width=\"300\" height=\"123\" srcset=\"https:\/\/www.europa-nostra.dk\/wp-content\/uploads\/2021\/05\/Bortfoerelsesgruppen-Zephyr-og-Flora-Brede-Alle_548_Foto-Simon-Lautrop-300x123.png 300w, https:\/\/www.europa-nostra.dk\/wp-content\/uploads\/2021\/05\/Bortfoerelsesgruppen-Zephyr-og-Flora-Brede-Alle_548_Foto-Simon-Lautrop-1024x420.png 1024w, https:\/\/www.europa-nostra.dk\/wp-content\/uploads\/2021\/05\/Bortfoerelsesgruppen-Zephyr-og-Flora-Brede-Alle_548_Foto-Simon-Lautrop-768x315.png 768w, https:\/\/www.europa-nostra.dk\/wp-content\/uploads\/2021\/05\/Bortfoerelsesgruppen-Zephyr-og-Flora-Brede-Alle_548_Foto-Simon-Lautrop-1536x630.png 1536w, https:\/\/www.europa-nostra.dk\/wp-content\/uploads\/2021\/05\/Bortfoerelsesgruppen-Zephyr-og-Flora-Brede-Alle_548_Foto-Simon-Lautrop.png 1950w\" sizes=\"auto, (max-width: 300px) 100vw, 300px\" \/><figcaption id=\"caption-attachment-3426\" class=\"wp-caption-text\">Bortfoerelsesgruppen Zephyr og Flora Brede Alle Foto Simon Lautrop<\/figcaption><\/figure>\n<p>&nbsp;<\/p>\n<p>Juryen har fremh\u00e6vet den smukke og velgennemf\u00f8rte restaurering af b\u00e5de have og skulpturer og det arbejde, der har varet i mange \u00e5r, og som har favnet s\u00e5 mange forskellige discipliner, er lykkedes takket v\u00e6re Slots- og Kulturstyrelsens dygtige projektstyring, sikre sans for arkitektoniske og historiske v\u00e6rdier, dygtige h\u00e5ndv\u00e6rkere og ikke mindst en meget gavmild fond.<\/p>\n<p>Det er sj\u00e6ldent, at vi modtager s\u00e5dan en pris i Danmark. Vi kan alle sammen gl\u00e6de os over restaureringen af Fredensborg Slotshave, der har genetableret flere forsvundne anl\u00e6g og detaljer, og som har f\u00f8rt den danske havehistorie i slotshaven sikkert ind i det 21. \u00e5rhundrede.\u201d<\/p>\n<p>Restaureringen af Fredensborg Slotshave er realiseret takket v\u00e6re gener\u00f8se donationer fra \u201dA.P. M\u00f8ller og Hustru Chastine McKinney M\u00f8llers Fond til almene Formaal\u201d. De mange projekter i haven er gennemf\u00f8rt i et t\u00e6t samarbejde med en lang r\u00e6kke eksterne samarbejdspartnere, herunder ark\u00e6ologer, kunsthistorikere, biologer, billed- og stenhuggere, arkitekter, landskabsarkitekter, gartnere, h\u00e5ndv\u00e6rkere og entrepren\u00f8rer.<\/p>\n","protected":false},"excerpt":{"rendered":"<p>&nbsp; &nbsp; Mere end 9 kilometer all\u00e9er af de flotteste lindetr\u00e6er, en smuk kastanjeall\u00e9, 90 nyhuggede skulpturer i sandsten og marmor, genskabelsen af Brede All\u00e9 med intet mindre end 258 [&hellip;]<\/p>\n","protected":false},"author":2,"featured_media":0,"parent":3540,"menu_order":1,"comment_status":"closed","ping_status":"closed","template":"","meta":{"footnotes":""},"class_list":["post-3550","page","type-page","status-publish","hentry"],"translation":{"provider":"WPGlobus","version":"3.0.2","language":"gb","enabled_languages":["da","gb"],"languages":{"da":{"title":true,"content":true,"excerpt":false},"gb":{"title":false,"content":false,"excerpt":false}}},"_links":{"self":[{"href":"https:\/\/www.europa-nostra.dk\/gb\/wp-json\/wp\/v2\/pages\/3550","targetHints":{"allow":["GET"]}}],"collection":[{"href":"https:\/\/www.europa-nostra.dk\/gb\/wp-json\/wp\/v2\/pages"}],"about":[{"href":"https:\/\/www.europa-nostra.dk\/gb\/wp-json\/wp\/v2\/types\/page"}],"author":[{"embeddable":true,"href":"https:\/\/www.europa-nostra.dk\/gb\/wp-json\/wp\/v2\/users\/2"}],"replies":[{"embeddable":true,"href":"https:\/\/www.europa-nostra.dk\/gb\/wp-json\/wp\/v2\/comments?post=3550"}],"version-history":[{"count":3,"href":"https:\/\/www.europa-nostra.dk\/gb\/wp-json\/wp\/v2\/pages\/3550\/revisions"}],"predecessor-version":[{"id":3948,"href":"https:\/\/www.europa-nostra.dk\/gb\/wp-json\/wp\/v2\/pages\/3550\/revisions\/3948"}],"up":[{"embeddable":true,"href":"https:\/\/www.europa-nostra.dk\/gb\/wp-json\/wp\/v2\/pages\/3540"}],"wp:attachment":[{"href":"https:\/\/www.europa-nostra.dk\/gb\/wp-json\/wp\/v2\/media?parent=3550"}],"curies":[{"name":"wp","href":"https:\/\/api.w.org\/{rel}","templated":true}]}}