{"id":3553,"date":"2021-06-10T12:22:35","date_gmt":"2021-06-10T10:22:35","guid":{"rendered":"https:\/\/www.europa-nostra.dk\/?page_id=3553"},"modified":"2023-06-19T12:28:09","modified_gmt":"2023-06-19T10:28:09","slug":"fibrenet-forskningsprojekt-inden-for-oldtidens-tekstiler","status":"publish","type":"page","link":"https:\/\/www.europa-nostra.dk\/gb\/priser-awards\/34-2\/2021-2030\/fibrenet-forskningsprojekt-inden-for-oldtidens-tekstiler\/","title":{"rendered":"2021  &#8211;  FIBRENET &#8211; forskningsprojekt inden for oldtidens tekstiler"},"content":{"rendered":"<p>Europas st\u00f8rste pris inden for kulturarv er p\u00e5 vej til et af de mest fascinerende og avancerede forskningsprojekter inden for oldtidens tekstiler. Det er i forskningsprojektet finansieret af EU, og som\u00a0<strong>Center for Tekstilforskning ved<\/strong>\u00a0<strong>K\u00f8benhavns Universitet<\/strong>\u00a0deltager i, lykkes at kortl\u00e6gge antikke tekstiler helt frem til det romerske imperium.<\/p>\n<p>Nu modtager det gr\u00e6sk-danske forskningsprojekt\u00a0<strong>Europa Nostra prisen<\/strong>\u00a0inden for forskning. Den internationale kulturarvpris blev grundlagt i 1978 er siden hvert \u00e5r blevet uddelt af den internationale kulturarvsorganisation Europa Nostra, som har den spanske operastjerne\u00a0<strong>Placido Domingo<\/strong>\u00a0som \u00e6resformand.<\/p>\n<p>\u201cDet er enest\u00e5ende netv\u00e6rk af europ\u00e6iske forskningsinstitutioner, som modtager \u00e5rets Europa Nostra pris inden for konservering. Det er naturligvis med danske \u00f8jne opl\u00f8ftende, at danske forskningsmilj\u00f8er kan spille en afg\u00f8rende rolle i et s\u00e5 enest\u00e5ende forskningsprojekt,\u201d siger\u00a0<strong>Ettie Castenskiold<\/strong>, som er nyvalgt formand for Europa Nostra Danmark, som har afl\u00f8st foreningens hidtidige formand kammerherre, godsejer Erik Vind i april.<\/p>\n<blockquote><p><strong>Professor Marie Louise Nosch fra Saxo-Instituttet p\u00e5 K\u00f8benhavns Universitet<\/strong>, som er projektleder for Fibranet, kalder tekstilkonservatorerne for fortidens og fremtidens forskere:<\/p>\n<p>\u201cDe kan bevare skr\u00f8belige historiske dragter, og de kan hj\u00e6lpe os med at nedbryde de enorme m\u00e6ngder t\u00f8j, som vi har anskaffet siden \u2018fast fashion\u2019 satte sig igennem omkring \u00e5r 2000,\u201d siger Marie Louise Nosch, som ogs\u00e5 er pr\u00e6sident for Videnskabernes Selskab.<\/p>\n<p>\u201cTekstil og t\u00f8j er kulturens DNA. Gennem t\u00f8j kommer vi t\u00e6t p\u00e5 mennesker, deres kundskab og ressurcer \u2013 og hvem de ville ligne. Det g\u00e6lder b\u00e5de i oldtiden og i dag,\u201d siger hun.<\/p><\/blockquote>\n<p>Projektets forskere har unders\u00f8gt fibre, der er blevet brugt til tekstilproduktion i Europa fra forhistorien til det romerske imperium for at f\u00e5 information om fibre, der aldrig har v\u00e6ret unders\u00f8gt f\u00f8r. Denne nye viden om hvordan tekstiler forg\u00e5r, er samlet i en \u00e5ben database,\u00a0\u00a0<strong>Fibranet (netlearning.gr\/fibranet)<\/strong>.<\/p>\n<p>Denne nye viden om hvordan tekstiler forg\u00e5r, er ogs\u00e5 vigtig viden i relation til h\u00e5ndtering af de negative milj\u00f8effekter af tekstilaffald og projektet bidrager dermed med ny grundviden til den b\u00e6redygtige omstilling.<\/p>\n<blockquote><p>Om Fibranet:<\/p>\n<p>FIBRANET blev gennemf\u00f8rt i et partnerskab med otte institutioner: Center for Tekstilforskning \/ K\u00f8benhavns Universitet (v\u00e6rtsinstitution); Core Facility for Integrated Microscopy (CFIM \/ K\u00f8benhavns Universitet), direktoratet for konservering ved det hellenske kulturministerium, Department of Conservation ved University of West Attica, National Center for Scientific Research (NCSR) \u201cDemokritos\u201d, American School of Classical Studies i Athen, Institut for Konservering ved Det Kongelige Akademi i K\u00f8benhavn, Saxo-Instituttet p\u00e5 K\u00f8benhavns Universitet samt University of Warsaw. Projektet blev finansieret af Marie Sklodowska-Curie programmets EU-midler.<\/p><\/blockquote>\n<hr \/>\n<blockquote><p>Kontakter:<\/p>\n<p>For mere information om FIBRANET kontakt: Marie-Louise Nosch, Saxo Institut ved K\u00f8benhavns Universitet | nosch.hum.ku.dk, tel. 23828021, som ogs\u00e5 formidle kontakt til de \u00f8vrige forskere i projektet.<\/p><\/blockquote>\n","protected":false},"excerpt":{"rendered":"<p>Europas st\u00f8rste pris inden for kulturarv er p\u00e5 vej til et af de mest fascinerende og avancerede forskningsprojekter inden for oldtidens tekstiler. Det er i forskningsprojektet finansieret af EU, og [&hellip;]<\/p>\n","protected":false},"author":1,"featured_media":0,"parent":3540,"menu_order":2,"comment_status":"closed","ping_status":"closed","template":"","meta":{"footnotes":""},"class_list":["post-3553","page","type-page","status-publish","hentry"],"translation":{"provider":"WPGlobus","version":"3.0.2","language":"gb","enabled_languages":["da","gb"],"languages":{"da":{"title":true,"content":true,"excerpt":false},"gb":{"title":false,"content":false,"excerpt":false}}},"_links":{"self":[{"href":"https:\/\/www.europa-nostra.dk\/gb\/wp-json\/wp\/v2\/pages\/3553","targetHints":{"allow":["GET"]}}],"collection":[{"href":"https:\/\/www.europa-nostra.dk\/gb\/wp-json\/wp\/v2\/pages"}],"about":[{"href":"https:\/\/www.europa-nostra.dk\/gb\/wp-json\/wp\/v2\/types\/page"}],"author":[{"embeddable":true,"href":"https:\/\/www.europa-nostra.dk\/gb\/wp-json\/wp\/v2\/users\/1"}],"replies":[{"embeddable":true,"href":"https:\/\/www.europa-nostra.dk\/gb\/wp-json\/wp\/v2\/comments?post=3553"}],"version-history":[{"count":3,"href":"https:\/\/www.europa-nostra.dk\/gb\/wp-json\/wp\/v2\/pages\/3553\/revisions"}],"predecessor-version":[{"id":3557,"href":"https:\/\/www.europa-nostra.dk\/gb\/wp-json\/wp\/v2\/pages\/3553\/revisions\/3557"}],"up":[{"embeddable":true,"href":"https:\/\/www.europa-nostra.dk\/gb\/wp-json\/wp\/v2\/pages\/3540"}],"wp:attachment":[{"href":"https:\/\/www.europa-nostra.dk\/gb\/wp-json\/wp\/v2\/media?parent=3553"}],"curies":[{"name":"wp","href":"https:\/\/api.w.org\/{rel}","templated":true}]}}