{"id":3582,"date":"2021-07-05T11:33:12","date_gmt":"2021-07-05T09:33:12","guid":{"rendered":"https:\/\/www.europa-nostra.dk\/?page_id=3582"},"modified":"2021-07-10T11:51:46","modified_gmt":"2021-07-10T09:51:46","slug":"reception-paa-det-videnskabelige-selskab","status":"publish","type":"page","link":"https:\/\/www.europa-nostra.dk\/gb\/aktuelt\/kalender\/reception-paa-det-videnskabelige-selskab\/","title":{"rendered":"Reception p\u00e5 Det videnskabelige Selskab for at fejre prisen til FibraNet"},"content":{"rendered":"<p><strong>Dato: tirsdag d. 23. november 2021<\/strong><\/p>\n<p>Det er en stor gl\u00e6de og forn\u00f8jelse for Europa Nostra Danmark at invitere vores medlemmer til en reception i Det Videnskabelige Selskab <strong>tirsdag d. 23. november 2021 kl. 16<\/strong> i anledning af Europa Nostra prisen til det dansk-gr\u00e6ske forskningsprojekt om antikke tekstiler.<\/p>\n<p><strong>Sted: Det Kongelige Danske Videnskabernes Selskab, <\/strong><strong>H.C. Andersens Boulevard 35, K\u00f8benhavn V.<\/strong><\/p>\n<p>Programmet begynder med en kort velkomst kl. 16.00, hvor Ettie Castenskiold, formand for Europa Nostra Danmark, vil fort\u00e6lle om Europa Nostras seneste aktiviteter, hvorefter professor Christina Margariti og professor Marie Louise Nosch fra K\u00f8benhavns Universitet vil fort\u00e6lle om deres forskning og om hvordan forskning i antikke tekstiler kan bruges i moderne t\u00f8jproduktion. Afslutningsvis byder Europa Nostra p\u00e5 \u00f8l og vand.<\/p>\n<p>Arrangementet er gratis for medlemmer af Europa Nostra, mens prisen for ikke medlemmer er 190 kr.<\/p>\n<p><strong>Tilmelding til arrangementet p\u00e5:<\/strong> ettie@castenskiold.dk.<\/p>\n<p>Billetpris p\u00e5 190.- kr pr. person indbetales p\u00e5 konto Nykredit 8117 \u2013 4336679.<\/p>\n<p>Der er begr\u00e6nsede pladser, som fordeles efter \u201df\u00f8rst til m\u00f8lle\u201d-princippet \u201d. Overskud vil g\u00e5 til Europa Nostras arbejde for at v\u00e6rne om vores f\u00e6lles arkitektoniske og landskabskulturelle arv.<\/p>\n<p><a href=\"https:\/\/www.royalacademy.dk\/da\/Aktuelt\/EuropaNostra\">https:\/\/www.royalacademy.dk\/da\/Aktuelt\/EuropaNostra<\/a><\/p>\n<p>&nbsp;<\/p>\n","protected":false},"excerpt":{"rendered":"<p>Dato: tirsdag d. 23. november 2021 Det er en stor gl\u00e6de og forn\u00f8jelse for Europa Nostra Danmark at invitere vores medlemmer til en reception i Det Videnskabelige Selskab tirsdag d. [&hellip;]<\/p>\n","protected":false},"author":1,"featured_media":0,"parent":3261,"menu_order":3,"comment_status":"closed","ping_status":"closed","template":"","meta":{"footnotes":""},"class_list":["post-3582","page","type-page","status-publish","hentry"],"translation":{"provider":"WPGlobus","version":"3.0.2","language":"gb","enabled_languages":["da","gb"],"languages":{"da":{"title":true,"content":true,"excerpt":false},"gb":{"title":false,"content":false,"excerpt":false}}},"_links":{"self":[{"href":"https:\/\/www.europa-nostra.dk\/gb\/wp-json\/wp\/v2\/pages\/3582","targetHints":{"allow":["GET"]}}],"collection":[{"href":"https:\/\/www.europa-nostra.dk\/gb\/wp-json\/wp\/v2\/pages"}],"about":[{"href":"https:\/\/www.europa-nostra.dk\/gb\/wp-json\/wp\/v2\/types\/page"}],"author":[{"embeddable":true,"href":"https:\/\/www.europa-nostra.dk\/gb\/wp-json\/wp\/v2\/users\/1"}],"replies":[{"embeddable":true,"href":"https:\/\/www.europa-nostra.dk\/gb\/wp-json\/wp\/v2\/comments?post=3582"}],"version-history":[{"count":3,"href":"https:\/\/www.europa-nostra.dk\/gb\/wp-json\/wp\/v2\/pages\/3582\/revisions"}],"predecessor-version":[{"id":3584,"href":"https:\/\/www.europa-nostra.dk\/gb\/wp-json\/wp\/v2\/pages\/3582\/revisions\/3584"}],"up":[{"embeddable":true,"href":"https:\/\/www.europa-nostra.dk\/gb\/wp-json\/wp\/v2\/pages\/3261"}],"wp:attachment":[{"href":"https:\/\/www.europa-nostra.dk\/gb\/wp-json\/wp\/v2\/media?parent=3582"}],"curies":[{"name":"wp","href":"https:\/\/api.w.org\/{rel}","templated":true}]}}