{"id":359,"date":"2014-03-21T14:08:41","date_gmt":"2014-03-21T13:08:41","guid":{"rendered":"http:\/\/www.europa-nostra.dk\/?page_id=359"},"modified":"2017-09-18T13:00:00","modified_gmt":"2017-09-18T11:00:00","slug":"1992-soenderskov-hovedgaard","status":"publish","type":"page","link":"https:\/\/www.europa-nostra.dk\/gb\/priser-awards\/34-2\/1990-1999\/1992-soenderskov-hovedgaard\/","title":{"rendered":"1992 &#8211; S\u00f8nderskov Hovedg\u00e5rd"},"content":{"rendered":"<h3>1992 S\u00f8nderskov Hovedg\u00e5rd<\/h3>\n","protected":false},"excerpt":{"rendered":"<p>1992 S\u00f8nderskov Hovedg\u00e5rd<\/p>\n","protected":false},"author":1,"featured_media":0,"parent":2090,"menu_order":23,"comment_status":"closed","ping_status":"closed","template":"","meta":{"footnotes":""},"class_list":["post-359","page","type-page","status-publish","hentry"],"translation":{"provider":"WPGlobus","version":"3.0.2","language":"gb","enabled_languages":["da","gb"],"languages":{"da":{"title":true,"content":true,"excerpt":false},"gb":{"title":false,"content":false,"excerpt":false}}},"_links":{"self":[{"href":"https:\/\/www.europa-nostra.dk\/gb\/wp-json\/wp\/v2\/pages\/359","targetHints":{"allow":["GET"]}}],"collection":[{"href":"https:\/\/www.europa-nostra.dk\/gb\/wp-json\/wp\/v2\/pages"}],"about":[{"href":"https:\/\/www.europa-nostra.dk\/gb\/wp-json\/wp\/v2\/types\/page"}],"author":[{"embeddable":true,"href":"https:\/\/www.europa-nostra.dk\/gb\/wp-json\/wp\/v2\/users\/1"}],"replies":[{"embeddable":true,"href":"https:\/\/www.europa-nostra.dk\/gb\/wp-json\/wp\/v2\/comments?post=359"}],"version-history":[{"count":2,"href":"https:\/\/www.europa-nostra.dk\/gb\/wp-json\/wp\/v2\/pages\/359\/revisions"}],"predecessor-version":[{"id":2604,"href":"https:\/\/www.europa-nostra.dk\/gb\/wp-json\/wp\/v2\/pages\/359\/revisions\/2604"}],"up":[{"embeddable":true,"href":"https:\/\/www.europa-nostra.dk\/gb\/wp-json\/wp\/v2\/pages\/2090"}],"wp:attachment":[{"href":"https:\/\/www.europa-nostra.dk\/gb\/wp-json\/wp\/v2\/media?parent=359"}],"curies":[{"name":"wp","href":"https:\/\/api.w.org\/{rel}","templated":true}]}}