{"id":361,"date":"2014-03-21T14:12:13","date_gmt":"2014-03-21T13:12:13","guid":{"rendered":"http:\/\/www.europa-nostra.dk\/?page_id=361"},"modified":"2017-09-18T12:58:35","modified_gmt":"2017-09-18T10:58:35","slug":"1993-koldinghus","status":"publish","type":"page","link":"https:\/\/www.europa-nostra.dk\/gb\/priser-awards\/34-2\/1990-1999\/1993-koldinghus\/","title":{"rendered":"1993 &#8211; Koldinghus"},"content":{"rendered":"<h3>Koldinghus f\u00e5r pris for restaurering<\/h3>\n<p>Den restaurering, som er gennemf\u00f8rt under ledelse af arkitekterne Inger og Johannes Exner, bevarer ruinen som et st\u00e6rkt virkende historisk monument. Ruinen er indkapslet og beskyttet af en ny arkitektur, der indrammer og understreger dens fort\u00e6llev\u00e6rdi. Det har v\u00e6ret et princip, at ruinen ber\u00f8res s\u00e5 lidt som muligt.<\/p>\n<p>Ruinen er museets st\u00f8rste og fornemste genstand.<\/p>\n<p>I erkendelse af ruinens medtagne forfatning er der i k\u00e6lderen i syd- og \u00f8stfl\u00f8jene lagt nye fundamenter, hvorp\u00e5 der er rejst en konstruktion af laminerede tr\u00e6s\u00f8jler, der b\u00e6rer tag og etageadskillelser. Det manglende murparti mod syd og \u00f8st er udfyldt med en let tr\u00e6v\u00e6g oph\u00e6ngt i tagkonstruktionen og bekl\u00e6dt udvendigt med sp\u00e5ner af egetr\u00e6. I restaureringen er bevidst arbejdet med materialer, der adskiller sig fra de materialer, som Christian 3. og Christian 4. anvendte. Konstruktionerne er udf\u00f8rt i lamineret tr\u00e6 og st\u00e5l, facader er udf\u00f8rt i tr\u00e6 eller moderne murstensformater. Originale bygningsdele kan skelnes fra de dele, som er tilf\u00f8rt ruinen gennem restaureringen.<\/p>\n<p><a title=\"Opens external link in new window\" href=\"http:\/\/www.koldinghus.dk\/\" target=\"_blank\" rel=\"noopener\">Koldinghus slotsruin<\/a>\u00a0er bevaret som en vigtig kilde til viden om slottets bygningshistorie. Restaureringen blev tildelt EUROPA NOSTRA-prisen i 1993.<\/p>\n<p><a href=\"http:\/\/www.europa-nostra.dk\/wp-content\/uploads\/2014\/03\/koldinghus1993.jpg\"><img loading=\"lazy\" decoding=\"async\" class=\"size-full wp-image-362 aligncenter\" src=\"http:\/\/www.europa-nostra.dk\/wp-content\/uploads\/2014\/03\/koldinghus1993.jpg\" alt=\"koldinghus1993\" width=\"400\" height=\"510\" srcset=\"https:\/\/www.europa-nostra.dk\/wp-content\/uploads\/2014\/03\/koldinghus1993.jpg 400w, https:\/\/www.europa-nostra.dk\/wp-content\/uploads\/2014\/03\/koldinghus1993-235x300.jpg 235w\" sizes=\"auto, (max-width: 400px) 100vw, 400px\" \/><\/a><\/p>\n","protected":false},"excerpt":{"rendered":"<p>Koldinghus f\u00e5r pris for restaurering Den restaurering, som er gennemf\u00f8rt under ledelse af arkitekterne Inger og Johannes Exner, bevarer ruinen som et st\u00e6rkt virkende historisk monument. Ruinen er indkapslet og [&hellip;]<\/p>\n","protected":false},"author":1,"featured_media":0,"parent":2090,"menu_order":22,"comment_status":"closed","ping_status":"closed","template":"","meta":{"footnotes":""},"class_list":["post-361","page","type-page","status-publish","hentry"],"translation":{"provider":"WPGlobus","version":"3.0.2","language":"gb","enabled_languages":["da","gb"],"languages":{"da":{"title":true,"content":true,"excerpt":false},"gb":{"title":false,"content":false,"excerpt":false}}},"_links":{"self":[{"href":"https:\/\/www.europa-nostra.dk\/gb\/wp-json\/wp\/v2\/pages\/361","targetHints":{"allow":["GET"]}}],"collection":[{"href":"https:\/\/www.europa-nostra.dk\/gb\/wp-json\/wp\/v2\/pages"}],"about":[{"href":"https:\/\/www.europa-nostra.dk\/gb\/wp-json\/wp\/v2\/types\/page"}],"author":[{"embeddable":true,"href":"https:\/\/www.europa-nostra.dk\/gb\/wp-json\/wp\/v2\/users\/1"}],"replies":[{"embeddable":true,"href":"https:\/\/www.europa-nostra.dk\/gb\/wp-json\/wp\/v2\/comments?post=361"}],"version-history":[{"count":3,"href":"https:\/\/www.europa-nostra.dk\/gb\/wp-json\/wp\/v2\/pages\/361\/revisions"}],"predecessor-version":[{"id":2601,"href":"https:\/\/www.europa-nostra.dk\/gb\/wp-json\/wp\/v2\/pages\/361\/revisions\/2601"}],"up":[{"embeddable":true,"href":"https:\/\/www.europa-nostra.dk\/gb\/wp-json\/wp\/v2\/pages\/2090"}],"wp:attachment":[{"href":"https:\/\/www.europa-nostra.dk\/gb\/wp-json\/wp\/v2\/media?parent=361"}],"curies":[{"name":"wp","href":"https:\/\/api.w.org\/{rel}","templated":true}]}}