{"id":366,"date":"2014-03-21T14:15:36","date_gmt":"2014-03-21T13:15:36","guid":{"rendered":"http:\/\/www.europa-nostra.dk\/?page_id=366"},"modified":"2017-09-18T12:57:20","modified_gmt":"2017-09-18T10:57:20","slug":"1994-stenalt","status":"publish","type":"page","link":"https:\/\/www.europa-nostra.dk\/gb\/priser-awards\/34-2\/1990-1999\/1994-stenalt\/","title":{"rendered":"1994 &#8211; Stenalt"},"content":{"rendered":"<h3>\u00a0N\u00e6nsom restaurering f\u00e5r pris<\/h3>\n<p>Ved roden af Djursland, hvor Randers Fjord l\u00f8ber mod nord n\u00e6r \u00d8rsted, ligger herreg\u00e5rden Stenalt i den nordlige udkant af Stenalt Skov. Den lyse, stramt udformede hovedbygning ligger tilbagetrukket i den smukke park.<\/p>\n<p>P\u00e5 den modsatte si<a href=\"http:\/\/www.europa-nostra.dk\/wp-content\/uploads\/2014\/02\/1994.stenalt.jpg\"><br \/>\n<\/a>de af vejen ligger avlsbygningerne, der har v\u00e6ret kernen i en driftig landbrugsproduktion gennem lange tider.<\/p>\n<p>Hovedbygningen er blevet gennemgribende restaureret af arkitekt J\u00f8rgen Overby, der forestod det omfattende restaureringsarbejde i 1990-erne, en fin fremstilling af hovedbygningens vej frem og har for dette modtaget den fornemme arkitektoniske anerkendelse Europa Nostra Pris i 1994.<\/p>\n<p><a href=\"http:\/\/www.europa-nostra.dk\/wp-content\/uploads\/2014\/02\/1994.stenalt.jpg\"><img loading=\"lazy\" decoding=\"async\" class=\"aligncenter size-full wp-image-104\" src=\"http:\/\/www.europa-nostra.dk\/wp-content\/uploads\/2014\/02\/1994.stenalt.jpg\" alt=\"1994.stenalt\" width=\"410\" height=\"311\" srcset=\"https:\/\/www.europa-nostra.dk\/wp-content\/uploads\/2014\/02\/1994.stenalt.jpg 410w, https:\/\/www.europa-nostra.dk\/wp-content\/uploads\/2014\/02\/1994.stenalt-300x228.jpg 300w\" sizes=\"auto, (max-width: 410px) 100vw, 410px\" \/><\/a><\/p>\n","protected":false},"excerpt":{"rendered":"<p>\u00a0N\u00e6nsom restaurering f\u00e5r pris Ved roden af Djursland, hvor Randers Fjord l\u00f8ber mod nord n\u00e6r \u00d8rsted, ligger herreg\u00e5rden Stenalt i den nordlige udkant af Stenalt Skov. Den lyse, stramt udformede [&hellip;]<\/p>\n","protected":false},"author":1,"featured_media":0,"parent":2090,"menu_order":20,"comment_status":"closed","ping_status":"closed","template":"","meta":{"footnotes":""},"class_list":["post-366","page","type-page","status-publish","hentry"],"translation":{"provider":"WPGlobus","version":"3.0.2","language":"gb","enabled_languages":["da","gb"],"languages":{"da":{"title":true,"content":true,"excerpt":false},"gb":{"title":false,"content":false,"excerpt":false}}},"_links":{"self":[{"href":"https:\/\/www.europa-nostra.dk\/gb\/wp-json\/wp\/v2\/pages\/366","targetHints":{"allow":["GET"]}}],"collection":[{"href":"https:\/\/www.europa-nostra.dk\/gb\/wp-json\/wp\/v2\/pages"}],"about":[{"href":"https:\/\/www.europa-nostra.dk\/gb\/wp-json\/wp\/v2\/types\/page"}],"author":[{"embeddable":true,"href":"https:\/\/www.europa-nostra.dk\/gb\/wp-json\/wp\/v2\/users\/1"}],"replies":[{"embeddable":true,"href":"https:\/\/www.europa-nostra.dk\/gb\/wp-json\/wp\/v2\/comments?post=366"}],"version-history":[{"count":3,"href":"https:\/\/www.europa-nostra.dk\/gb\/wp-json\/wp\/v2\/pages\/366\/revisions"}],"predecessor-version":[{"id":2597,"href":"https:\/\/www.europa-nostra.dk\/gb\/wp-json\/wp\/v2\/pages\/366\/revisions\/2597"}],"up":[{"embeddable":true,"href":"https:\/\/www.europa-nostra.dk\/gb\/wp-json\/wp\/v2\/pages\/2090"}],"wp:attachment":[{"href":"https:\/\/www.europa-nostra.dk\/gb\/wp-json\/wp\/v2\/media?parent=366"}],"curies":[{"name":"wp","href":"https:\/\/api.w.org\/{rel}","templated":true}]}}