{"id":3661,"date":"2021-10-27T19:44:52","date_gmt":"2021-10-27T17:44:52","guid":{"rendered":"https:\/\/www.europa-nostra.dk\/?page_id=3661"},"modified":"2021-10-28T10:38:56","modified_gmt":"2021-10-28T08:38:56","slug":"prins-henriks-europa-nostra-pris-keld-abrahamsen","status":"publish","type":"page","link":"https:\/\/www.europa-nostra.dk\/gb\/priser-awards\/den-danske-pris\/prins-henriks-europa-nostra-pris-keld-abrahamsen\/","title":{"rendered":"R\u00e5dgivende ingeni\u00f8r Keld Abrahamsen"},"content":{"rendered":"<h3>Prins Henriks Europa Nostra Pris tildeles i 2021 en af Danmarks mest ber\u00f8mte og respekterede restaureringseksperter Keld Abrahamsen.<\/h3>\n<p><img loading=\"lazy\" decoding=\"async\" class=\"aligncenter wp-image-3710 size-large\" src=\"https:\/\/www.europa-nostra.dk\/wp-content\/uploads\/2021\/10\/Keld-Abrahamsen-775x1024.jpg\" alt=\"\" width=\"775\" height=\"1024\" srcset=\"https:\/\/www.europa-nostra.dk\/wp-content\/uploads\/2021\/10\/Keld-Abrahamsen-775x1024.jpg 775w, https:\/\/www.europa-nostra.dk\/wp-content\/uploads\/2021\/10\/Keld-Abrahamsen-227x300.jpg 227w, https:\/\/www.europa-nostra.dk\/wp-content\/uploads\/2021\/10\/Keld-Abrahamsen-768x1014.jpg 768w, https:\/\/www.europa-nostra.dk\/wp-content\/uploads\/2021\/10\/Keld-Abrahamsen-1163x1536.jpg 1163w, https:\/\/www.europa-nostra.dk\/wp-content\/uploads\/2021\/10\/Keld-Abrahamsen.jpg 1326w\" sizes=\"auto, (max-width: 775px) 100vw, 775px\" \/><\/p>\n<p>\u201cKeld Abrahamsen har en sj\u00e6lden evne til at fremkomme med unikke l\u00f8sninger tilpasset hver enkel bygning og hver enkel problemstilling,\u201d hedder det i begrundelsen for, at Prins Henriks kulturarvspris, Prins Henriks Europa Nostra Pris, tildeles den ber\u00f8mte restaureringsingeni\u00f8r med de finurlige l\u00f8sninger, n\u00e5r gamle historiske huse &#8211; slotte, herreg\u00e5rde og andre markante historiske bygninger &#8211; skal reddes eller genskabes.<\/p>\n<p>\u201cR\u00e5dgivende Ingeni\u00f8r Keld Abrahamsen har gennem en lang \u00e5rr\u00e6kke deltaget i restaureringen af en meget lang r\u00e6kke historiske bygninger i Danmark. Han har blandt restaureringsarkitekter, bevaringsmyndigheder og h\u00e5ndv\u00e6rkere et ry for at kunne forst\u00e5 bevaringsprocesserne, for at kunne afl\u00e6se historiske bygninger og hurtigt gennemskue meget komplekse konstruktive problemer, til l\u00f8sningen af hvilke han efterf\u00f8lgende fremkommer med enkle l\u00f8sninger til,\u201d hedder det i begrundelsen for tildelingen af prisen.<\/p>\n<p>\u201cEuropa Nostras form\u00e5l er at h\u00e6dre dem, som g\u00f8r en forskel for kulturarven, for mennesker som Keld Abrahamsen, som finder finurlige l\u00f8sninger til gamle bygninger s\u00e5vel som alle vores tidligere prismodtagere, er p\u00e5 hver deres m\u00e5de med til at formidle og bevare kulturarven i Danmark,\u201d siger Ettie Castenskiold, formand for Europa Nostra Danmark.<\/p>\n<p>Prins Henrik stiftede kulturarvsprisen i 2008 for at h\u00e6dre kulturarvsildsj\u00e6le, og med denne pris vil vi gerne st\u00f8tte de dygtige mennesker ved at g\u00f8re opm\u00e6rksom p\u00e5 deres arbejde, derfor har bestyrelsen for Europa Nostra Danmark besluttet at h\u00e6dre Keld Abrahamsen.<\/p>\n<style type=\"text\/css\" scoped>.rbs_gallery_69e2e3247c3f6Spinner{\r\n\t\t\t\tmargin: 50px auto;\r\n\t\t\t\twidth: 50px;\r\n\t\t\t\theight: 40px;\r\n\t\t\t\ttext-align: center;\r\n\t\t\t\tfont-size: 10px;\r\n\t\t\t}\r\n\t\t\t.rbs_gallery_69e2e3247c3f6Spinner > div{\r\n\t\t\t  background-color: #333;\r\n\t\t\t  height: 100%;\r\n\t\t\t  width: 6px;\r\n\t\t\t  display: inline-block;\r\n\t\t\t  -webkit-animation: rbs_gallery_69e2e3247c3f6-stretchdelay 1.2s infinite ease-in-out;\r\n\t\t\t  animation: rbs_gallery_69e2e3247c3f6-stretchdelay 1.2s infinite ease-in-out;\r\n\t\t\t}\r\n\t\t\t.rbs_gallery_69e2e3247c3f6Spinner .rbs_gallery_69e2e3247c3f6Rect2 {\r\n\t\t\t  -webkit-animation-delay: -1.1s;\r\n\t\t\t  animation-delay: -1.1s;\r\n\t\t\t}\r\n\t\t\t.rbs_gallery_69e2e3247c3f6Spinner .rbs_gallery_69e2e3247c3f6Rect3 {\r\n\t\t\t  -webkit-animation-delay: -1.0s;\r\n\t\t\t  animation-delay: -1.0s;\r\n\t\t\t}\r\n\t\t\t.rbs_gallery_69e2e3247c3f6Spinner .rbs_gallery_69e2e3247c3f6Rect4 {\r\n\t\t\t  -webkit-animation-delay: -0.9s;\r\n\t\t\t  animation-delay: -0.9s;\r\n\t\t\t}\r\n\t\t\t.rbs_gallery_69e2e3247c3f6Spinner .rbs_gallery_69e2e3247c3f6Rect5 {\r\n\t\t\t  -webkit-animation-delay: -0.8s;\r\n\t\t\t  animation-delay: -0.8s;\r\n\t\t\t}\r\n\t\t\t@-webkit-keyframes rbs_gallery_69e2e3247c3f6-stretchdelay {\r\n\t\t\t  0%, 40%, 100% { -webkit-transform: scaleY(0.4) }  \r\n\t\t\t  20% { -webkit-transform: scaleY(1.0) }\r\n\t\t\t}\r\n\t\t\t@keyframes rbs_gallery_69e2e3247c3f6-stretchdelay {\r\n\t\t\t  0%, 40%, 100% { \r\n\t\t\t    transform: scaleY(0.4);\r\n\t\t\t    -webkit-transform: scaleY(0.4);\r\n\t\t\t  }  20% { \r\n\t\t\t    transform: scaleY(1.0);\r\n\t\t\t    -webkit-transform: scaleY(1.0);\r\n\t\t\t  }\r\n\t\t\t}\r\n\t\t<\/style><div id=\"robo-gallery-slider-wraprbs_gallery_69e2e3247c3f6\" class=\"robo-gallery-slider-wrap robo-gallery-slider-wrap-id3693 robo-gallery-slider\"><div id=\"rbs_gallery_69e2e3247c3f6-block-loader\" class=\"rbs_gallery_69e2e3247c3f6Spinner\"><div class=\"rbs_gallery_69e2e3247c3f6Rect1\"><\/div> <div class=\"rbs_gallery_69e2e3247c3f6Rect2\"><\/div> <div class=\"rbs_gallery_69e2e3247c3f6Rect3\"><\/div> <div class=\"rbs_gallery_69e2e3247c3f6Rect4\"><\/div> <div class=\"rbs_gallery_69e2e3247c3f6Rect5\"><\/div><\/div><div id=\"robo-gallery-slider-block-rbs_gallery_69e2e3247c3f6\"  data-options=\"rbs_gallery_69e2e3247c3f6\" \r\n\t\t\t\t\tclass=\"swiper-container robo-gallery-slider-container robo-gallery-slider-3693\" \r\n\t\t\t\t\tstyle=\"  display: none;\"\r\n\t\t\t\t\t\r\n\t\t\t\t><div id=\"rbs_gallery_69e2e3247c3f6\" class=\"swiper-wrapper robo-slider-gallery  \"><div class=\"swiper-slide  \" \r\n \t\t\t\t\tstyle=\"background-image:url('https:\/\/www.europa-nostra.dk\/wp-content\/uploads\/2021\/10\/PrinsJoachim-JL-4184-scaled.jpg');\" ><div class=\"swiper-slide-desc swiper-slide-desc-dark\">Prisuddeling HKH Prins Joachim<\/div><\/div><div class=\"swiper-slide  \" \r\n \t\t\t\t\tstyle=\"background-image:url('https:\/\/www.europa-nostra.dk\/wp-content\/uploads\/2021\/10\/PrinsJoachim-JL-4194-scaled.jpg');\" ><div class=\"swiper-slide-desc swiper-slide-desc-dark\">Prisuddeling HKH Prins Joachim<\/div><\/div><div class=\"swiper-slide  \" \r\n \t\t\t\t\tstyle=\"background-image:url('https:\/\/www.europa-nostra.dk\/wp-content\/uploads\/2021\/10\/PrinsJoachim-JL-4237-scaled.jpg');\" ><div class=\"swiper-slide-desc swiper-slide-desc-dark\">Prisuddeling HKH Prins Joachim<\/div><\/div><div class=\"swiper-slide  \" \r\n \t\t\t\t\tstyle=\"background-image:url('https:\/\/www.europa-nostra.dk\/wp-content\/uploads\/2021\/10\/PrinsJoachim-JL-4244-scaled.jpg');\" ><div class=\"swiper-slide-desc swiper-slide-desc-dark\">Prisuddeling HKH Prins Joachim<\/div><\/div><div class=\"swiper-slide  \" \r\n \t\t\t\t\tstyle=\"background-image:url('https:\/\/www.europa-nostra.dk\/wp-content\/uploads\/2021\/10\/PrinsJoachim-JL-4259-scaled.jpg');\" ><div class=\"swiper-slide-desc swiper-slide-desc-dark\">Prisuddeling HKH Prins Joachim<\/div><\/div><div class=\"swiper-slide  \" \r\n \t\t\t\t\tstyle=\"background-image:url('https:\/\/www.europa-nostra.dk\/wp-content\/uploads\/2021\/10\/PrinsJoachim-JL-4296-scaled.jpg');\" ><div class=\"swiper-slide-desc swiper-slide-desc-dark\">Prisuddeling HKH Prins Joachim<\/div><\/div><div class=\"swiper-slide  \" \r\n \t\t\t\t\tstyle=\"background-image:url('https:\/\/www.europa-nostra.dk\/wp-content\/uploads\/2021\/10\/PrinsJoachim-JL-4309-scaled.jpg');\" ><div class=\"swiper-slide-desc swiper-slide-desc-dark\">Prisuddeling HKH Prins Joachim<\/div><\/div><div class=\"swiper-slide  \" \r\n \t\t\t\t\tstyle=\"background-image:url('https:\/\/www.europa-nostra.dk\/wp-content\/uploads\/2021\/10\/PrinsJoachim-JL-4324-scaled.jpg');\" ><div class=\"swiper-slide-desc swiper-slide-desc-dark\">Prisuddeling HKH Prins Joachim<\/div><\/div><div class=\"swiper-slide  \" \r\n \t\t\t\t\tstyle=\"background-image:url('https:\/\/www.europa-nostra.dk\/wp-content\/uploads\/2021\/10\/PrinsJoachim-JL-4338-scaled.jpg');\" ><div class=\"swiper-slide-desc swiper-slide-desc-dark\">Prisuddeling HKH Prins Joachim<\/div><\/div><div class=\"swiper-slide  \" \r\n \t\t\t\t\tstyle=\"background-image:url('https:\/\/www.europa-nostra.dk\/wp-content\/uploads\/2021\/10\/PrinsJoachim-JL-4350-scaled.jpg');\" ><div class=\"swiper-slide-desc swiper-slide-desc-dark\">Prisuddeling HKH Prins Joachim<\/div><\/div><div class=\"swiper-slide  \" \r\n \t\t\t\t\tstyle=\"background-image:url('https:\/\/www.europa-nostra.dk\/wp-content\/uploads\/2021\/10\/PrinsJoachim-JL-4375-scaled.jpg');\" ><div class=\"swiper-slide-desc swiper-slide-desc-dark\">Prisuddeling HKH Prins Joachim<\/div><\/div><div class=\"swiper-slide  \" \r\n \t\t\t\t\tstyle=\"background-image:url('https:\/\/www.europa-nostra.dk\/wp-content\/uploads\/2021\/10\/PrinsJoachim-JL-4429-scaled.jpg');\" ><div class=\"swiper-slide-desc swiper-slide-desc-dark\">Prisuddeling HKH Prins Joachim<\/div><\/div><div class=\"swiper-slide  \" \r\n \t\t\t\t\tstyle=\"background-image:url('https:\/\/www.europa-nostra.dk\/wp-content\/uploads\/2021\/10\/PrinsJoachim-JL-4523-scaled.jpg');\" ><div class=\"swiper-slide-desc swiper-slide-desc-dark\">Prisuddeling HKH Prins Joachim<\/div><\/div><div class=\"swiper-slide  \" \r\n \t\t\t\t\tstyle=\"background-image:url('https:\/\/www.europa-nostra.dk\/wp-content\/uploads\/2021\/10\/PrinsJoachim-JL-4512-scaled.jpg');\" ><div class=\"swiper-slide-desc swiper-slide-desc-dark\">Prisuddeling HKH Prins Joachim<\/div><\/div><\/div><div class=\"swiper-button-prev\"><\/div><div class=\"swiper-button-next\"><\/div><div class=\"swiper-pagination\"><\/div><\/div><\/div><script>var rbs_gallery_69e2e3247c3f6 = {\"version\":\"5.1.4\",\"id\":3693,\"class\":\"id3693\",\"roboGalleryDelay\":1000,\"mainContainer\":\"#robo_gallery_main_block_rbs_gallery_69e2e3247c3f6\",\"loadingContainer\":\"#rbs_gallery_69e2e3247c3f6-block-loader\",\"loadingContainerObj\":\"rbs_gallery_69e2e3247c3f6-block-loader\",\"loop\":true,\"centeredSlides\":true,\"autoplay\":{\"delay\":5500,\"disableOnInteraction\":false},\"preloadImages\":true,\"updateOnImagesReady\":true,\"effect\":\"slide\",\"direction\":\"horizontal\",\"navigation\":{\"nextEl\":\".swiper-button-next\",\"prevEl\":\".swiper-button-prev\"},\"pagination\":{\"el\":\".swiper-pagination\",\"type\":\"bullets\",\"clickable\":true,\"dynamicBullets\":true},\"wrapContainer\":\"#robo-gallery-wrap-rbs_gallery_69e2e3247c3f6\"};<\/script>\n<p>&nbsp;<\/p>\n<p>Hans Kongelige H\u00f8jhed Prins Joachim, som er protektor for Europa Nostra Danmark, overr\u00e6kte prisen i form af en skulptur til Keld Abrahamsen<strong> <u>tirsdag 26. oktober kl. 11.00 p\u00e5 Den Hirschsprungske Samling i K\u00f8benhavn<\/u><\/strong><u>.<\/u><\/p>\n","protected":false},"excerpt":{"rendered":"<p>Prins Henriks Europa Nostra Pris tildeles i 2021 en af Danmarks mest ber\u00f8mte og respekterede restaureringseksperter Keld Abrahamsen. \u201cKeld Abrahamsen har en sj\u00e6lden evne til at fremkomme med unikke l\u00f8sninger [&hellip;]<\/p>\n","protected":false},"author":2,"featured_media":0,"parent":9,"menu_order":0,"comment_status":"closed","ping_status":"closed","template":"","meta":{"footnotes":""},"class_list":["post-3661","page","type-page","status-publish","hentry"],"translation":{"provider":"WPGlobus","version":"3.0.2","language":"gb","enabled_languages":["da","gb"],"languages":{"da":{"title":true,"content":true,"excerpt":false},"gb":{"title":false,"content":false,"excerpt":false}}},"_links":{"self":[{"href":"https:\/\/www.europa-nostra.dk\/gb\/wp-json\/wp\/v2\/pages\/3661","targetHints":{"allow":["GET"]}}],"collection":[{"href":"https:\/\/www.europa-nostra.dk\/gb\/wp-json\/wp\/v2\/pages"}],"about":[{"href":"https:\/\/www.europa-nostra.dk\/gb\/wp-json\/wp\/v2\/types\/page"}],"author":[{"embeddable":true,"href":"https:\/\/www.europa-nostra.dk\/gb\/wp-json\/wp\/v2\/users\/2"}],"replies":[{"embeddable":true,"href":"https:\/\/www.europa-nostra.dk\/gb\/wp-json\/wp\/v2\/comments?post=3661"}],"version-history":[{"count":6,"href":"https:\/\/www.europa-nostra.dk\/gb\/wp-json\/wp\/v2\/pages\/3661\/revisions"}],"predecessor-version":[{"id":3732,"href":"https:\/\/www.europa-nostra.dk\/gb\/wp-json\/wp\/v2\/pages\/3661\/revisions\/3732"}],"up":[{"embeddable":true,"href":"https:\/\/www.europa-nostra.dk\/gb\/wp-json\/wp\/v2\/pages\/9"}],"wp:attachment":[{"href":"https:\/\/www.europa-nostra.dk\/gb\/wp-json\/wp\/v2\/media?parent=3661"}],"curies":[{"name":"wp","href":"https:\/\/api.w.org\/{rel}","templated":true}]}}