{"id":368,"date":"2014-03-21T14:17:51","date_gmt":"2014-03-21T13:17:51","guid":{"rendered":"http:\/\/www.europa-nostra.dk\/?page_id=368"},"modified":"2017-09-18T12:56:42","modified_gmt":"2017-09-18T10:56:42","slug":"1995-jens-bangs-stenhus","status":"publish","type":"page","link":"https:\/\/www.europa-nostra.dk\/gb\/priser-awards\/34-2\/1990-1999\/1995-jens-bangs-stenhus\/","title":{"rendered":"1995 &#8211; Jens Bangs Stenhus"},"content":{"rendered":"<h3>Pris til ren\u00e6ssancehus<\/h3>\n<p>Jens Bangs Stenhus i \u00d8ster\u00e5gade i Aalborg blev opf\u00f8rt 1623-24 for stork\u00f8bmanden Jens Bang. Den store husblok er i fire etager med h\u00f8je taggavle og tre gavlkviste mod gaden. Gennemg\u00e5ende gesimsb\u00e5nd understreger murstensbygningens faste form, mens de rige vindues- og gavldekorationer i sandsten giver huset dets ren\u00e6ssancepr\u00e6g. En omfattende restaurering 1917-19 genskabte bl.a. gavlenes \u00f8verste dele.<\/p>\n<p><a href=\"http:\/\/www.europa-nostra.dk\/wp-content\/uploads\/2014\/02\/jensbangsstenhus.jpg\"><img loading=\"lazy\" decoding=\"async\" class=\"aligncenter size-full wp-image-120\" src=\"http:\/\/www.europa-nostra.dk\/wp-content\/uploads\/2014\/02\/jensbangsstenhus.jpg\" alt=\"jensbangsstenhus\" width=\"176\" height=\"163\" \/><\/a><\/p>\n","protected":false},"excerpt":{"rendered":"<p>Pris til ren\u00e6ssancehus Jens Bangs Stenhus i \u00d8ster\u00e5gade i Aalborg blev opf\u00f8rt 1623-24 for stork\u00f8bmanden Jens Bang. Den store husblok er i fire etager med h\u00f8je taggavle og tre gavlkviste [&hellip;]<\/p>\n","protected":false},"author":1,"featured_media":0,"parent":2090,"menu_order":19,"comment_status":"closed","ping_status":"closed","template":"","meta":{"footnotes":""},"class_list":["post-368","page","type-page","status-publish","hentry"],"translation":{"provider":"WPGlobus","version":"3.0.2","language":"gb","enabled_languages":["da","gb"],"languages":{"da":{"title":true,"content":true,"excerpt":false},"gb":{"title":false,"content":false,"excerpt":false}}},"_links":{"self":[{"href":"https:\/\/www.europa-nostra.dk\/gb\/wp-json\/wp\/v2\/pages\/368","targetHints":{"allow":["GET"]}}],"collection":[{"href":"https:\/\/www.europa-nostra.dk\/gb\/wp-json\/wp\/v2\/pages"}],"about":[{"href":"https:\/\/www.europa-nostra.dk\/gb\/wp-json\/wp\/v2\/types\/page"}],"author":[{"embeddable":true,"href":"https:\/\/www.europa-nostra.dk\/gb\/wp-json\/wp\/v2\/users\/1"}],"replies":[{"embeddable":true,"href":"https:\/\/www.europa-nostra.dk\/gb\/wp-json\/wp\/v2\/comments?post=368"}],"version-history":[{"count":3,"href":"https:\/\/www.europa-nostra.dk\/gb\/wp-json\/wp\/v2\/pages\/368\/revisions"}],"predecessor-version":[{"id":2595,"href":"https:\/\/www.europa-nostra.dk\/gb\/wp-json\/wp\/v2\/pages\/368\/revisions\/2595"}],"up":[{"embeddable":true,"href":"https:\/\/www.europa-nostra.dk\/gb\/wp-json\/wp\/v2\/pages\/2090"}],"wp:attachment":[{"href":"https:\/\/www.europa-nostra.dk\/gb\/wp-json\/wp\/v2\/media?parent=368"}],"curies":[{"name":"wp","href":"https:\/\/api.w.org\/{rel}","templated":true}]}}