{"id":370,"date":"2014-03-21T14:20:02","date_gmt":"2014-03-21T13:20:02","guid":{"rendered":"http:\/\/www.europa-nostra.dk\/?page_id=370"},"modified":"2017-09-18T12:56:08","modified_gmt":"2017-09-18T10:56:08","slug":"1996-abelindes-gaard","status":"publish","type":"page","link":"https:\/\/www.europa-nostra.dk\/gb\/priser-awards\/34-2\/1990-1999\/1996-abelindes-gaard\/","title":{"rendered":"1996 &#8211; Abelindes Gaard"},"content":{"rendered":"<h3 style=\"text-align: center;\">Str\u00e5t\u00e6kt g\u00e5rd f\u00e5r pris<br \/>\n<a href=\"http:\/\/www.europa-nostra.dk\/wp-content\/uploads\/2014\/02\/1996.abelinsgaard.jpg\"><img loading=\"lazy\" decoding=\"async\" class=\"aligncenter size-full wp-image-105\" src=\"http:\/\/www.europa-nostra.dk\/wp-content\/uploads\/2014\/02\/1996.abelinsgaard.jpg\" alt=\"1996.abelinsgaard\" width=\"350\" height=\"143\" srcset=\"https:\/\/www.europa-nostra.dk\/wp-content\/uploads\/2014\/02\/1996.abelinsgaard.jpg 350w, https:\/\/www.europa-nostra.dk\/wp-content\/uploads\/2014\/02\/1996.abelinsgaard-300x123.jpg 300w\" sizes=\"auto, (max-width: 350px) 100vw, 350px\" \/><\/a><\/h3>\n<p>Abelines Gaard er bygget 1854-1871 i typisk vestjysk byggestil. Den blev bygget af strandfoged Christen Christensen og hans kone Kristine. I 1895 blev g\u00e5rden overtaget af parrets s\u00f8n Laurids J\u00f8rgen Christensen, gift med Abeline S\u00f8rensen, der var f\u00f8dt og opvokset p\u00e5 nabog\u00e5rden som den fjerde\u00e6ldste af 18 s\u00f8skende. Men allerede i 1904 d\u00f8de Laurids J\u00f8rgen af tuberkulose, og Abeline blev som 34-\u00e5rig enke med fem b\u00f8rn i alderen fra 6\u201313 \u00e5r. Hun drev f\u00f8rst g\u00e5rden med fremmed hj\u00e6lp \u2013 senere sammen med fire af b\u00f8rnene i 53 \u00e5r, indtil hun d\u00f8de i 1957 \u2013 87 \u00e5r gammel. Udover at drive g\u00e5rden bestyrede Abeline Haurvig Telefoncentral, ligesom hvervet som strandfoged var knyttet til g\u00e5rden.<\/p>\n<p>En strandfogeds arbejde best\u00e5r i at holde udkig og rapportere, n\u00e5r noget h\u00e6nder p\u00e5 stranden. Det ilanddrevne gods skal opbevares, til det kan s\u00e6lges p\u00e5 en auktion.<\/p>\n<p>I 1974 k\u00f8bte en selvejende institution g\u00e5rden, og i dag er den indrettet som et lokalmuseum, der fort\u00e6ller om hvordan en vestjysk strandfogedfamilie levede, f\u00f8r de moderne tider holdt deres indtog p\u00e5 egnen efter 2. verdenskrig. G\u00e5rden er til dels m\u00f8bleret med ting fra Abelines tid, men ogs\u00e5 med ting, som er sk\u00e6nket til g\u00e5rden. I \u00f8stenden af stuehuset, hvor strandfogeden tidligere husede strandede s\u00f8folk, er der indrettet en hyggelig kaffestue. I g\u00e5rdens lade er der arrangeret skiftende udstillinger \u2013 alle med tilknytning til g\u00e5rden og egnen.<\/p>\n<p>G\u00e5rden i 1996 blev tildelt en fornem europ\u00e6isk bygningsbevaringspris, nemlig Europa Nostraprisen.<\/p>\n<p><a href=\"http:\/\/www.europa-nostra.dk\/wp-content\/uploads\/2014\/02\/1996.abelinsgaard1_01.jpg\"><img loading=\"lazy\" decoding=\"async\" class=\"aligncenter size-full wp-image-106\" src=\"http:\/\/www.europa-nostra.dk\/wp-content\/uploads\/2014\/02\/1996.abelinsgaard1_01.jpg\" alt=\"1996.abelinsgaard1_01\" width=\"300\" height=\"450\" srcset=\"https:\/\/www.europa-nostra.dk\/wp-content\/uploads\/2014\/02\/1996.abelinsgaard1_01.jpg 300w, https:\/\/www.europa-nostra.dk\/wp-content\/uploads\/2014\/02\/1996.abelinsgaard1_01-200x300.jpg 200w\" sizes=\"auto, (max-width: 300px) 100vw, 300px\" \/><\/a><\/p>\n","protected":false},"excerpt":{"rendered":"<p>Str\u00e5t\u00e6kt g\u00e5rd f\u00e5r pris Abelines Gaard er bygget 1854-1871 i typisk vestjysk byggestil. Den blev bygget af strandfoged Christen Christensen og hans kone Kristine. I 1895 blev g\u00e5rden overtaget af [&hellip;]<\/p>\n","protected":false},"author":1,"featured_media":0,"parent":2090,"menu_order":18,"comment_status":"closed","ping_status":"closed","template":"","meta":{"footnotes":""},"class_list":["post-370","page","type-page","status-publish","hentry"],"translation":{"provider":"WPGlobus","version":"3.0.2","language":"gb","enabled_languages":["da","gb"],"languages":{"da":{"title":true,"content":true,"excerpt":false},"gb":{"title":false,"content":false,"excerpt":false}}},"_links":{"self":[{"href":"https:\/\/www.europa-nostra.dk\/gb\/wp-json\/wp\/v2\/pages\/370","targetHints":{"allow":["GET"]}}],"collection":[{"href":"https:\/\/www.europa-nostra.dk\/gb\/wp-json\/wp\/v2\/pages"}],"about":[{"href":"https:\/\/www.europa-nostra.dk\/gb\/wp-json\/wp\/v2\/types\/page"}],"author":[{"embeddable":true,"href":"https:\/\/www.europa-nostra.dk\/gb\/wp-json\/wp\/v2\/users\/1"}],"replies":[{"embeddable":true,"href":"https:\/\/www.europa-nostra.dk\/gb\/wp-json\/wp\/v2\/comments?post=370"}],"version-history":[{"count":4,"href":"https:\/\/www.europa-nostra.dk\/gb\/wp-json\/wp\/v2\/pages\/370\/revisions"}],"predecessor-version":[{"id":2592,"href":"https:\/\/www.europa-nostra.dk\/gb\/wp-json\/wp\/v2\/pages\/370\/revisions\/2592"}],"up":[{"embeddable":true,"href":"https:\/\/www.europa-nostra.dk\/gb\/wp-json\/wp\/v2\/pages\/2090"}],"wp:attachment":[{"href":"https:\/\/www.europa-nostra.dk\/gb\/wp-json\/wp\/v2\/media?parent=370"}],"curies":[{"name":"wp","href":"https:\/\/api.w.org\/{rel}","templated":true}]}}