{"id":3728,"date":"2022-09-12T18:13:08","date_gmt":"2022-09-12T16:13:08","guid":{"rendered":"https:\/\/www.europa-nostra.dk\/?page_id=3728"},"modified":"2023-03-14T11:41:13","modified_gmt":"2023-03-14T10:41:13","slug":"museumsinspektoeren-sikre-groenlandske-kulturarv","status":"publish","type":"page","link":"https:\/\/www.europa-nostra.dk\/gb\/priser-awards\/den-danske-pris\/museumsinspektoeren-sikre-groenlandske-kulturarv\/","title":{"rendered":"Museumsinspekt\u00f8ren Inge Bisgaard"},"content":{"rendered":"<h3>Museumsinspekt\u00f8ren for Gr\u00f8nlands Nationalmuseum modtager Prins Henriks Europa Nostra Pris for sit arbejde med sikre den gr\u00f8nlandske kulturarv<\/h3>\r\n<p><img loading=\"lazy\" decoding=\"async\" class=\"alignnone size-large wp-image-3730\" src=\"https:\/\/www.europa-nostra.dk\/wp-content\/uploads\/2022\/09\/Portr\u251cat-Inge-B-fotograf-Erik-Jokumsen-2019--1024x683.jpg\" alt=\"Portraet Inge B fotograf\" width=\"980\" height=\"654\" srcset=\"https:\/\/www.europa-nostra.dk\/wp-content\/uploads\/2022\/09\/Portr\u251cat-Inge-B-fotograf-Erik-Jokumsen-2019--1024x683.jpg 1024w, https:\/\/www.europa-nostra.dk\/wp-content\/uploads\/2022\/09\/Portr\u251cat-Inge-B-fotograf-Erik-Jokumsen-2019--300x200.jpg 300w, https:\/\/www.europa-nostra.dk\/wp-content\/uploads\/2022\/09\/Portr\u251cat-Inge-B-fotograf-Erik-Jokumsen-2019--768x512.jpg 768w, https:\/\/www.europa-nostra.dk\/wp-content\/uploads\/2022\/09\/Portr\u251cat-Inge-B-fotograf-Erik-Jokumsen-2019--1536x1024.jpg 1536w, https:\/\/www.europa-nostra.dk\/wp-content\/uploads\/2022\/09\/Portr\u251cat-Inge-B-fotograf-Erik-Jokumsen-2019--2048x1365.jpg 2048w\" sizes=\"auto, (max-width: 980px) 100vw, 980px\" \/><\/p>\r\n<p><\/p>\r\n<p class=\"has-background has-very-light-gray-background-color\">&#8220;Heroisk&#8221; er ordene, som kolleger og fagf\u00e6lles bruger til at beskrive arkitekten Inge Bisgaard, som er museumsinspekt\u00f8r p\u00e5 Gr\u00f8nlands Nationalmuseum, og hendes arbejde med at bevare den gr\u00f8nlandske bygningsarv. Det er sv\u00e6rt at se, hvor den gr\u00f8nlandske kulturarv ville v\u00e6re uden Inge Bisgaards indsats, lyder.<br \/><!--more--><\/p>\r\n<p><\/p>\r\n<p><\/p>\r\n<p>","protected":false},"excerpt":{"rendered":"<p>Museumsinspekt\u00f8ren for Gr\u00f8nlands Nationalmuseum modtager Prins Henriks Europa Nostra Pris for sit arbejde med sikre den gr\u00f8nlandske kulturarv &#8220;Heroisk&#8221; er ordene, som kolleger og fagf\u00e6lles bruger til at beskrive arkitekten [&hellip;]<\/p>\n","protected":false},"author":2,"featured_media":0,"parent":9,"menu_order":0,"comment_status":"closed","ping_status":"closed","template":"","meta":{"footnotes":""},"class_list":["post-3728","page","type-page","status-publish","hentry"],"translation":{"provider":"WPGlobus","version":"3.0.2","language":"gb","enabled_languages":["da","gb"],"languages":{"da":{"title":true,"content":true,"excerpt":false},"gb":{"title":false,"content":false,"excerpt":false}}},"_links":{"self":[{"href":"https:\/\/www.europa-nostra.dk\/gb\/wp-json\/wp\/v2\/pages\/3728","targetHints":{"allow":["GET"]}}],"collection":[{"href":"https:\/\/www.europa-nostra.dk\/gb\/wp-json\/wp\/v2\/pages"}],"about":[{"href":"https:\/\/www.europa-nostra.dk\/gb\/wp-json\/wp\/v2\/types\/page"}],"author":[{"embeddable":true,"href":"https:\/\/www.europa-nostra.dk\/gb\/wp-json\/wp\/v2\/users\/2"}],"replies":[{"embeddable":true,"href":"https:\/\/www.europa-nostra.dk\/gb\/wp-json\/wp\/v2\/comments?post=3728"}],"version-history":[{"count":10,"href":"https:\/\/www.europa-nostra.dk\/gb\/wp-json\/wp\/v2\/pages\/3728\/revisions"}],"predecessor-version":[{"id":3923,"href":"https:\/\/www.europa-nostra.dk\/gb\/wp-json\/wp\/v2\/pages\/3728\/revisions\/3923"}],"up":[{"embeddable":true,"href":"https:\/\/www.europa-nostra.dk\/gb\/wp-json\/wp\/v2\/pages\/9"}],"wp:attachment":[{"href":"https:\/\/www.europa-nostra.dk\/gb\/wp-json\/wp\/v2\/media?parent=3728"}],"curies":[{"name":"wp","href":"https:\/\/api.w.org\/{rel}","templated":true}]}}