{"id":386,"date":"2014-03-21T14:28:43","date_gmt":"2014-03-21T13:28:43","guid":{"rendered":"http:\/\/www.europa-nostra.dk\/?page_id=386"},"modified":"2017-09-18T12:51:19","modified_gmt":"2017-09-18T10:51:19","slug":"2003-skjern-aadal","status":"publish","type":"page","link":"https:\/\/www.europa-nostra.dk\/gb\/priser-awards\/34-2\/2000-2010\/2003-skjern-aadal\/","title":{"rendered":"2003 &#8211; Skjern \u00c5dal"},"content":{"rendered":"<h3>Kulturlandskab h\u00e6ders<\/h3>\n<p>Naturgenopretning &#8211; Hvad er natur? Ordbogen siger, \u201ddet, der kom f\u00f8rst\u201d \u2013 hvor kultur betyder \u201ddet dyrkede\u201d. En\u00a0definition p\u00e5 natur er, omr\u00e5der med rekreativ v\u00e6rdi, hvor der er mulighed for, at mange forskellige plante- og dyrearter kan trives, og hvor naturens kredsl\u00f8b er i god balance. Selvom skovene i Danmark rent faktisk er dyrkede, kaldes det stadig natur, fordi det er en del af den menneskelige indsats for at beskytte naturen, og derfor f\u00e5r et ord som naturgenopretning stor betydning.<\/p>\n<p>Naturen p\u00e5 Finansloven:<br \/>\nOrdet naturgenopretning blev lavet af Danmarks Naturfredningsforening i 1980\u2019erne. Siden 1989 har der v\u00e6ret afsat midler p\u00e5 Finansloven til naturgenopretning, med den hensigt at give befolkningen adgang til den danske natur.<\/p>\n<p>Historien om Skjern \u00c5:<br \/>\nI \u00e5rhundreder har der v\u00e6ret landbrug i Skjern \u00c5dal, der tilpassede sig engenes \u00f8kologiske kredsl\u00f8b. Om sommeren gr\u00e6ssede dyrene, og landm\u00e6ndene hentede h\u00f8 til vinterfoder.<br \/>\nDer er tit oversv\u00f8mmelse i \u00e5en, som gavner \u00e5en og Ringk\u00f8bing Fjord, fordi n\u00e6ringsstofferne bliver aflejret og udnyttet af engens planter. Dog kunne store oversv\u00f8mmelser \u00f8del\u00e6gge gr\u00e6sset og h\u00f8et.<\/p>\n<p>Afvandingen:<br \/>\nI perioden 1962-1968 blev engene afvandet. De snoede afl\u00f8b blev sl\u00f8jfet og vandet blev f\u00f8rt over i helt lige kanaler, og derudover var der anlagt mindre afvandingskanaler og pumpestationer, s\u00e5 den omkringliggende jord ikke blev oversv\u00f8mmet.<br \/>\nGrundvandsspejlet blev s\u00e6nket, s\u00e5 der kunne dyrkes korn, da korn skal have meget luft omkring r\u00f8dderne, og de store maskiner kan ikke k\u00f8re p\u00e5 et por\u00f8st og bl\u00f8dt underlag.<\/p>\n<p>Problemer med milj\u00f8et:<br \/>\nAfvandingen gav negative konsekvenser. Kun halvdelen af den g\u00f8dning der spredes p\u00e5 marken optages i planterne, s\u00e5 store m\u00e6ngder n\u00e6ringsstoffer blev udledt i vandet, og jorden begyndte s\u00e5 sm\u00e5t at synke sammen. \u201dGevinsten\u201d for afvanding blev overskygget af problemer med forurening og efterh\u00e5nden ogs\u00e5 faldende produktion.<\/p>\n<p>Naturgenopretning i 1999-2003:<\/p>\n<p>Trods protester fra diverse landm\u00e6nd, vedtog Folketinget i 1998 at slukke for pumperne af \u00f8konomiske og milj\u00f8venlige \u00e5rsager.<\/p>\n<p>Form\u00e5lene var:<\/p>\n<p>\u2022 At genskabe et naturomr\u00e5de af international kvalitet<\/p>\n<p>\u2022 At forbedre levevilk\u00e5rene for dyr og planter<\/p>\n<p>\u2022 At sikre en h\u00f8j vandkvalitet i \u00e5en og i Ringk\u00f8bing Fjord<\/p>\n<p>\u2022 At forbedre mulighederne for friluftsliv og turisme<\/p>\n<p>Projektet modtog i 2003 Europa Nostra Prisen \u2013 prisen for bevarelse af den europ\u00e6iske\u00a0kulturarv.<\/p>\n","protected":false},"excerpt":{"rendered":"<p>Kulturlandskab h\u00e6ders Naturgenopretning &#8211; Hvad er natur? Ordbogen siger, \u201ddet, der kom f\u00f8rst\u201d \u2013 hvor kultur betyder \u201ddet dyrkede\u201d. En\u00a0definition p\u00e5 natur er, omr\u00e5der med rekreativ v\u00e6rdi, hvor der er [&hellip;]<\/p>\n","protected":false},"author":1,"featured_media":0,"parent":2093,"menu_order":10,"comment_status":"closed","ping_status":"closed","template":"","meta":{"footnotes":""},"class_list":["post-386","page","type-page","status-publish","hentry"],"translation":{"provider":"WPGlobus","version":"3.0.2","language":"gb","enabled_languages":["da","gb"],"languages":{"da":{"title":true,"content":true,"excerpt":false},"gb":{"title":false,"content":false,"excerpt":false}}},"_links":{"self":[{"href":"https:\/\/www.europa-nostra.dk\/gb\/wp-json\/wp\/v2\/pages\/386","targetHints":{"allow":["GET"]}}],"collection":[{"href":"https:\/\/www.europa-nostra.dk\/gb\/wp-json\/wp\/v2\/pages"}],"about":[{"href":"https:\/\/www.europa-nostra.dk\/gb\/wp-json\/wp\/v2\/types\/page"}],"author":[{"embeddable":true,"href":"https:\/\/www.europa-nostra.dk\/gb\/wp-json\/wp\/v2\/users\/1"}],"replies":[{"embeddable":true,"href":"https:\/\/www.europa-nostra.dk\/gb\/wp-json\/wp\/v2\/comments?post=386"}],"version-history":[{"count":2,"href":"https:\/\/www.europa-nostra.dk\/gb\/wp-json\/wp\/v2\/pages\/386\/revisions"}],"predecessor-version":[{"id":2577,"href":"https:\/\/www.europa-nostra.dk\/gb\/wp-json\/wp\/v2\/pages\/386\/revisions\/2577"}],"up":[{"embeddable":true,"href":"https:\/\/www.europa-nostra.dk\/gb\/wp-json\/wp\/v2\/pages\/2093"}],"wp:attachment":[{"href":"https:\/\/www.europa-nostra.dk\/gb\/wp-json\/wp\/v2\/media?parent=386"}],"curies":[{"name":"wp","href":"https:\/\/api.w.org\/{rel}","templated":true}]}}