{"id":39,"date":"2014-02-28T15:33:20","date_gmt":"2014-02-28T14:33:20","guid":{"rendered":"http:\/\/www.europa-nostra.dk\/?page_id=39"},"modified":"2017-10-11T22:25:31","modified_gmt":"2017-10-11T20:25:31","slug":"bjorn-norgard","status":"publish","type":"page","link":"https:\/\/www.europa-nostra.dk\/gb\/priser-awards\/den-danske-pris\/bjorn-norgard\/","title":{"rendered":"Bj\u00f8rn N\u00f8rg\u00e5rd"},"content":{"rendered":"<h3>Bj\u00f8rn N\u00f8rgaard h\u00e6dres<\/h3>\n<p>Et stort indsats indenfor h\u00e5ndv\u00e6rkstraditioner.<\/p>\n","protected":false},"excerpt":{"rendered":"<p>Bj\u00f8rn N\u00f8rgaard h\u00e6dres Et stort indsats indenfor h\u00e5ndv\u00e6rkstraditioner.<\/p>\n","protected":false},"author":1,"featured_media":0,"parent":9,"menu_order":10,"comment_status":"closed","ping_status":"closed","template":"","meta":{"footnotes":""},"class_list":["post-39","page","type-page","status-publish","hentry"],"translation":{"provider":"WPGlobus","version":"3.0.2","language":"gb","enabled_languages":["da","gb"],"languages":{"da":{"title":true,"content":true,"excerpt":false},"gb":{"title":false,"content":false,"excerpt":false}}},"_links":{"self":[{"href":"https:\/\/www.europa-nostra.dk\/gb\/wp-json\/wp\/v2\/pages\/39","targetHints":{"allow":["GET"]}}],"collection":[{"href":"https:\/\/www.europa-nostra.dk\/gb\/wp-json\/wp\/v2\/pages"}],"about":[{"href":"https:\/\/www.europa-nostra.dk\/gb\/wp-json\/wp\/v2\/types\/page"}],"author":[{"embeddable":true,"href":"https:\/\/www.europa-nostra.dk\/gb\/wp-json\/wp\/v2\/users\/1"}],"replies":[{"embeddable":true,"href":"https:\/\/www.europa-nostra.dk\/gb\/wp-json\/wp\/v2\/comments?post=39"}],"version-history":[{"count":1,"href":"https:\/\/www.europa-nostra.dk\/gb\/wp-json\/wp\/v2\/pages\/39\/revisions"}],"predecessor-version":[{"id":2616,"href":"https:\/\/www.europa-nostra.dk\/gb\/wp-json\/wp\/v2\/pages\/39\/revisions\/2616"}],"up":[{"embeddable":true,"href":"https:\/\/www.europa-nostra.dk\/gb\/wp-json\/wp\/v2\/pages\/9"}],"wp:attachment":[{"href":"https:\/\/www.europa-nostra.dk\/gb\/wp-json\/wp\/v2\/media?parent=39"}],"curies":[{"name":"wp","href":"https:\/\/api.w.org\/{rel}","templated":true}]}}