{"id":392,"date":"2014-03-21T14:33:32","date_gmt":"2014-03-21T13:33:32","guid":{"rendered":"http:\/\/www.europa-nostra.dk\/?page_id=392"},"modified":"2017-09-18T12:49:10","modified_gmt":"2017-09-18T10:49:10","slug":"motivation-for-aeresmedalje","status":"publish","type":"page","link":"https:\/\/www.europa-nostra.dk\/gb\/priser-awards\/34-2\/2000-2010\/2005-arkitekt-hans-munk-hansen\/motivation-for-aeresmedalje\/","title":{"rendered":"motivation for \u00e6resmedalje"},"content":{"rendered":"<h3>Motivation for \u00e6resmedalje<\/h3>\n<div>\n<p><b>Motivation for \u00e6resmedalje til professor,\u00a0<\/b><b>arkitekt\u00a0<\/b><b>Hans Munk Hansen for:<\/b><\/p>\n<p>50 \u00e5rs fremragende professionelt virke for at give historiske byer og bygninger nyt liv p\u00e5 baggrund af hans dybe indlevelse i genius loci, stedets \u00e5nd.<\/p>\n<p>Som arkitekt og leder af restaureringsafdelingen p\u00e5 Kunstakademiets Arkitektskole har<\/p>\n<p>Hans Munk Hansen med stor entusiasme inspireret en ny generation af arkitekter til at vise respekt for vor arkitekturarv, men samtidig v\u00e6re \u00e5ben overfor vor tids str\u00f8mninger. Grundlaget for alle hans arbejder er en dybtg\u00e5ende s\u00f8gen efter forst\u00e5else af de kulturhistoriske sammenh\u00e6nge og bygningernes historie. Herunder h\u00f8rer grundige ark\u00e6ologiske unders\u00f8gelser, ofte i samarbejde med eksperter fra andre fagomr\u00e5der. Hans arbejder udenfor Danmark er karakteriseret af grundig indlevelse i lokale byggemetoder og materialer og dertil hans \u00e5benhed overfor samarbejde med lokale kr\u00e6fter.<\/p>\n<p>Hans Munk Hansen g\u00f8r, sidel\u00f8bende med sit praktiske virke, en ih\u00e6rdig indsats for at skabe interesse for bevaringssagen i brede kredse. Yderligere har han \u00e5bnet op for et udvidet samarbejde med fagfolk og bevaringsinstitutioner i det \u00f8vrige Europa.<\/p>\n<p>Over Hans Munk Hansens udf\u00f8rte arbejder kan der opstilles en lang fortegnelse. Her skal n\u00e6vnes: Restaureringer i Roskilde Domkirke og de dertil h\u00f8rende Kongelige Gravkapeller. Restaurering af Sankt Petri Kirke og Gravkapeller i K\u00f8benhavn. P\u00e5 omr\u00e5det \u201dnyt liv til historiske bygninger\u201d kan<\/p>\n<p>fremh\u00e6ves hans restaurering og nyindretning til boliger af 1700-tallets Gule Pakhus i K\u00f8benhavns havn som modtog en Europa Nostra pris i 1981. I det \u00f8vrige Europa har Hans Munk Hansen virket i Tyskland, p\u00e5 Malta(ferieby for Dansk Folkeferie) og en r\u00e6kke andre lande. Derudover har han<\/p>\n<p>gjort en stor indsats i udviklingslandene ved etableringen af bevarende lokalplaner for historiske omr\u00e5der.<\/p>\n<\/div>\n","protected":false},"excerpt":{"rendered":"<p>Motivation for \u00e6resmedalje Motivation for \u00e6resmedalje til professor,\u00a0arkitekt\u00a0Hans Munk Hansen for: 50 \u00e5rs fremragende professionelt virke for at give historiske byer og bygninger nyt liv p\u00e5 baggrund af hans dybe [&hellip;]<\/p>\n","protected":false},"author":1,"featured_media":0,"parent":390,"menu_order":1,"comment_status":"closed","ping_status":"closed","template":"","meta":{"footnotes":""},"class_list":["post-392","page","type-page","status-publish","hentry"],"translation":{"provider":"WPGlobus","version":"3.0.2","language":"gb","enabled_languages":["da","gb"],"languages":{"da":{"title":true,"content":true,"excerpt":false},"gb":{"title":false,"content":false,"excerpt":false}}},"_links":{"self":[{"href":"https:\/\/www.europa-nostra.dk\/gb\/wp-json\/wp\/v2\/pages\/392","targetHints":{"allow":["GET"]}}],"collection":[{"href":"https:\/\/www.europa-nostra.dk\/gb\/wp-json\/wp\/v2\/pages"}],"about":[{"href":"https:\/\/www.europa-nostra.dk\/gb\/wp-json\/wp\/v2\/types\/page"}],"author":[{"embeddable":true,"href":"https:\/\/www.europa-nostra.dk\/gb\/wp-json\/wp\/v2\/users\/1"}],"replies":[{"embeddable":true,"href":"https:\/\/www.europa-nostra.dk\/gb\/wp-json\/wp\/v2\/comments?post=392"}],"version-history":[{"count":1,"href":"https:\/\/www.europa-nostra.dk\/gb\/wp-json\/wp\/v2\/pages\/392\/revisions"}],"predecessor-version":[{"id":2571,"href":"https:\/\/www.europa-nostra.dk\/gb\/wp-json\/wp\/v2\/pages\/392\/revisions\/2571"}],"up":[{"embeddable":true,"href":"https:\/\/www.europa-nostra.dk\/gb\/wp-json\/wp\/v2\/pages\/390"}],"wp:attachment":[{"href":"https:\/\/www.europa-nostra.dk\/gb\/wp-json\/wp\/v2\/media?parent=392"}],"curies":[{"name":"wp","href":"https:\/\/api.w.org\/{rel}","templated":true}]}}