{"id":398,"date":"2014-03-21T14:38:29","date_gmt":"2014-03-21T13:38:29","guid":{"rendered":"http:\/\/www.europa-nostra.dk\/?page_id=398"},"modified":"2017-09-18T12:46:34","modified_gmt":"2017-09-18T10:46:34","slug":"motivation-for-diplomet","status":"publish","type":"page","link":"https:\/\/www.europa-nostra.dk\/gb\/priser-awards\/34-2\/2000-2010\/2005-pantomimeteatret-tivoli\/motivation-for-diplomet\/","title":{"rendered":"motivation for diplomet"},"content":{"rendered":"<h3>Motivation for diplomet til Pantomineteatret<\/h3>\n<p><b>Motivation for diplomet til\u00a0<\/b><b>Pantomimeteatret:<\/b><\/p>\n<p>Pantomimeteatret i Tivoli, K\u00f8benhavn (Danmark)<\/p>\n<p>For den vellykkede renovering af en skr\u00f8belig pavillon i det historiske Tivoli, og teatrets uvurderlige bidrag til at bevare den unikke pantomimetradition.<\/p>\n<p>Det kinesiske Pantomimeteater i Tivoli blev opf\u00f8rt 1874 af professor Vilhelm Dahlerup. Teatret ligger i en af verdens \u00e6ldste forlystelseshaver, der bes\u00f8ges af mere end 4 mio. mennesker hvert \u00e5r.<\/p>\n<p>Det originale design kombineret med den teaterhistoriske betydning g\u00f8r Pantomimeteatret til et monument af betragtelig betydning i Europa. Teatret opf\u00f8rer klassiske pantomimer, der f\u00f8lger en tohundrede \u00e5r gammel, dansk tradition. Det er en popul\u00e6r genre, hvis oprindelse skal findes i Commedia dell\u2019arte. Traditionen har kun overlevet i Europa takket v\u00e6re Pantomimeteatret, hvor faget overleveres fra danser til danser.<\/p>\n<p>Bygningen, der er lavet af tr\u00e6, er meget skr\u00f8belig og udsat for konstant nedbrydning. De ydre overflader er helt d\u00e6kkede af st\u00e6rkt farvede, malede ornamenter eller bladguld. Imidlertid havde tr\u00e6v\u00e6rket, facaden og ornamenterne f\u00e5et omfattende r\u00e5d- og fugtskader. I 2000 p\u00e5begyndtes en gennemgribende restaurering af bygningens ydre, herunder facaden, sidet\u00e5rnene og taget. Omhyggelige reparationer udf\u00f8rtes i h\u00e5nden og enkeltdele blev erstattet, hvor det var n\u00f8dvendigt. Det l\u00e6kkende zinktag blev erstattet med et af kobber, der er d\u00e6kket med maling og 23.5 karat bladguld. Facadebemalingen udgjorde et s\u00e6rligt problem. Der fandtes kun meget lidt tilbage af den originale bemaling, s\u00e5 restaureringen er baseret p\u00e5 en farves\u00e6tning fra 1950, udf\u00f8rt med omhyggelig professionalisme.<\/p>\n<p><b>Ejer:\u00a0<\/b>Tivoli A\/S<br \/>\n<b>Arkitekt:<\/b>\u00a0Finn Larsen (\u2020), i samarbejde med professor, arkitekt Hans Munk Hansen<br \/>\n<b>Professionel r\u00e5dgiver:\u00a0<\/b>Nationalmuseets Bevaringsafdeling<br \/>\n<b>Bygningsh\u00e5ndv\u00e6rkere:<\/b>\u00a0N.H. Hansen, Jens Pilegaard, Worm, Nielsen &amp; Kromann<br \/>\n<b>Adresse:\u00a0<\/b>Vesterbrogade 3, 1630 K\u00f8benhavn V<br \/>\n<b>Website<\/b>: www.tivoli.dk<\/p>\n","protected":false},"excerpt":{"rendered":"<p>Motivation for diplomet til Pantomineteatret Motivation for diplomet til\u00a0Pantomimeteatret: Pantomimeteatret i Tivoli, K\u00f8benhavn (Danmark) For den vellykkede renovering af en skr\u00f8belig pavillon i det historiske Tivoli, og teatrets uvurderlige bidrag [&hellip;]<\/p>\n","protected":false},"author":1,"featured_media":0,"parent":396,"menu_order":1,"comment_status":"closed","ping_status":"closed","template":"","meta":{"footnotes":""},"class_list":["post-398","page","type-page","status-publish","hentry"],"translation":{"provider":"WPGlobus","version":"3.0.2","language":"gb","enabled_languages":["da","gb"],"languages":{"da":{"title":true,"content":true,"excerpt":false},"gb":{"title":false,"content":false,"excerpt":false}}},"_links":{"self":[{"href":"https:\/\/www.europa-nostra.dk\/gb\/wp-json\/wp\/v2\/pages\/398","targetHints":{"allow":["GET"]}}],"collection":[{"href":"https:\/\/www.europa-nostra.dk\/gb\/wp-json\/wp\/v2\/pages"}],"about":[{"href":"https:\/\/www.europa-nostra.dk\/gb\/wp-json\/wp\/v2\/types\/page"}],"author":[{"embeddable":true,"href":"https:\/\/www.europa-nostra.dk\/gb\/wp-json\/wp\/v2\/users\/1"}],"replies":[{"embeddable":true,"href":"https:\/\/www.europa-nostra.dk\/gb\/wp-json\/wp\/v2\/comments?post=398"}],"version-history":[{"count":1,"href":"https:\/\/www.europa-nostra.dk\/gb\/wp-json\/wp\/v2\/pages\/398\/revisions"}],"predecessor-version":[{"id":2565,"href":"https:\/\/www.europa-nostra.dk\/gb\/wp-json\/wp\/v2\/pages\/398\/revisions\/2565"}],"up":[{"embeddable":true,"href":"https:\/\/www.europa-nostra.dk\/gb\/wp-json\/wp\/v2\/pages\/396"}],"wp:attachment":[{"href":"https:\/\/www.europa-nostra.dk\/gb\/wp-json\/wp\/v2\/media?parent=398"}],"curies":[{"name":"wp","href":"https:\/\/api.w.org\/{rel}","templated":true}]}}