{"id":400,"date":"2014-03-21T14:40:22","date_gmt":"2014-03-21T13:40:22","guid":{"rendered":"http:\/\/www.europa-nostra.dk\/?page_id=400"},"modified":"2017-09-18T12:47:12","modified_gmt":"2017-09-18T10:47:12","slug":"pressemeddelse","status":"publish","type":"page","link":"https:\/\/www.europa-nostra.dk\/gb\/priser-awards\/34-2\/2000-2010\/2005-pantomimeteatret-tivoli\/pressemeddelse\/","title":{"rendered":"pressemeddelse"},"content":{"rendered":"<h3>Pressemeddelsen<\/h3>\n<p>2. juni 2005<br \/>\n<b>2 Europa Nostra priser til Danmark<\/b><\/p>\n<p>I morgen, fredag den 3. juni, overr\u00e6kkes Europa Nostra Awards 2005 i Bergen, og hele to af de prestigefyldte internationale priser g\u00e5r i \u00e5r til Danmark. Pantomimeteatret i Tivoli, der er fra 1874, og blev restaureret i 2001 f\u00e5r et diplom for \u201dden vellykkede renovering af en skr\u00f8belig pavillon i det historiske Tivoli, og teatrets uvurderlige bidrag til at bevare den unikke pantomimetradition\u201d. Den anden pris, som er en \u00e6resmedalje, gives til arkitekt og professor Hans Munk Hansen for \u201d50 \u00e5rs uds\u00f8gt professionalisme i arbejdet med historiske byer og bygninger, og for sin fine fornemmelse for \u2019stedets \u00e5nd\u2019\u201d.<\/p>\n<p>At Pantomimeteatret og Hans Munk Hansen hyldes samme \u00e5r af Europa Nostra er en tilf\u00e6ldighed, men ikke desto mindre er der en god sammenh\u00e6ng mellem prismodtagerne, idet Hans Munk Hansen var konsulent for Tivoli ved restaureringen af arkitekt og professor Vilhelm Dahlerups Pantomimeteater. En restaurering som varede 6 m\u00e5neder, og hvor der blandt meget andet blev brugt n\u00e6sten 4 tons kobber og 22.000 ark bladguld i 23 \u00be karat. Restaureringen kostede 6,5 mio. kr. \u2013 heraf bidrog Skov- og Naturstyrelsen (nu Kulturarvsstyrelsen) med 1.6 mio. kr.<\/p>\n<p>\u201dEn Europa Nostra Award er den fineste restaureringspris, man kan modtage. Vi er derfor meget stolte over, at netop Pantomimeteatret, der betyder s\u00e5 meget for Tivoli, og som vi l\u00e6gger s\u00e5 mange kr\u00e6fter i, h\u00e6dres\u201d, siger Lars Liebst.<\/p>\n<p>De to danske prismodtagere fejres ved en ceremoni 6. september p\u00e5 Pantomimeteatret. Her vil Europa Nostras pr\u00e6sident H.K.H. Prinsgemalen overr\u00e6kke priserne til Tivoli v. Lars Liebst og professor Hans Munk Hansen. I forbindelse med ceremonien vil der blive vist et uddrag af Pantomimeteatrets repertoire, herunder Tommelise med H.M. Dronning Margrethe som scenograf.<\/p>\n<p>&#8211;\u00a0<a href=\"..\/www.tivoli.dk\/media(1972%2c1030)\/Motivation_for_diplomet_til_Pantomimeteatret.html\" target=\"_blank\" rel=\"noopener\">Motivation for diplomet til Pantomimeteatret<\/a><\/p>\n<p>&#8211;\u00a0<a href=\"..\/www.tivoli.dk\/media(1973%2c1030)\/Motivation_for_%e6resmedalje_til_professor_Hans_Munk_Hansen.html\" target=\"_blank\" rel=\"noopener\">Motivation for \u00e6resmedalje til professor Hans Munk Hansen<\/a><\/p>\n<p>Med venlig hilsen<\/p>\n<p>Stine Lolk<br \/>\nTivoli<br \/>\nKommunikationchef<br \/>\n33 75 03 38 \/ sl@tivoli.dk<\/p>\n","protected":false},"excerpt":{"rendered":"<p>Pressemeddelsen 2. juni 2005 2 Europa Nostra priser til Danmark I morgen, fredag den 3. juni, overr\u00e6kkes Europa Nostra Awards 2005 i Bergen, og hele to af de prestigefyldte internationale [&hellip;]<\/p>\n","protected":false},"author":1,"featured_media":0,"parent":396,"menu_order":2,"comment_status":"closed","ping_status":"closed","template":"","meta":{"footnotes":""},"class_list":["post-400","page","type-page","status-publish","hentry"],"translation":{"provider":"WPGlobus","version":"3.0.2","language":"gb","enabled_languages":["da","gb"],"languages":{"da":{"title":true,"content":true,"excerpt":false},"gb":{"title":false,"content":false,"excerpt":false}}},"_links":{"self":[{"href":"https:\/\/www.europa-nostra.dk\/gb\/wp-json\/wp\/v2\/pages\/400","targetHints":{"allow":["GET"]}}],"collection":[{"href":"https:\/\/www.europa-nostra.dk\/gb\/wp-json\/wp\/v2\/pages"}],"about":[{"href":"https:\/\/www.europa-nostra.dk\/gb\/wp-json\/wp\/v2\/types\/page"}],"author":[{"embeddable":true,"href":"https:\/\/www.europa-nostra.dk\/gb\/wp-json\/wp\/v2\/users\/1"}],"replies":[{"embeddable":true,"href":"https:\/\/www.europa-nostra.dk\/gb\/wp-json\/wp\/v2\/comments?post=400"}],"version-history":[{"count":2,"href":"https:\/\/www.europa-nostra.dk\/gb\/wp-json\/wp\/v2\/pages\/400\/revisions"}],"predecessor-version":[{"id":2566,"href":"https:\/\/www.europa-nostra.dk\/gb\/wp-json\/wp\/v2\/pages\/400\/revisions\/2566"}],"up":[{"embeddable":true,"href":"https:\/\/www.europa-nostra.dk\/gb\/wp-json\/wp\/v2\/pages\/396"}],"wp:attachment":[{"href":"https:\/\/www.europa-nostra.dk\/gb\/wp-json\/wp\/v2\/media?parent=400"}],"curies":[{"name":"wp","href":"https:\/\/api.w.org\/{rel}","templated":true}]}}