{"id":403,"date":"2014-03-21T15:04:49","date_gmt":"2014-03-21T14:04:49","guid":{"rendered":"http:\/\/www.europa-nostra.dk\/?page_id=403"},"modified":"2017-09-18T12:38:58","modified_gmt":"2017-09-18T10:38:58","slug":"2006-paradehuset","status":"publish","type":"page","link":"https:\/\/www.europa-nostra.dk\/gb\/priser-awards\/34-2\/2000-2010\/2006-paradehuset\/","title":{"rendered":"2006 &#8211; Paradehuset"},"content":{"rendered":"<h3>Paradehuset, Gisselfeld Kloster &#8211; diplom<\/h3>\n<p>Arkitekten Herholdt\u00a0tegnede i 1876 et hus til planter og sj\u00e6ldne v\u00e6kster.\u00a0Dette bygningsv\u00e6rk blev restaureret i 2006 og fik tildelt det meget pr\u00e6stigefyldte Europa Nostra Diplom. Paradehuset fungerer som bes\u00f8gssted i slotsparken\u00a0<a title=\"Opens external link in new window\" href=\"http:\/\/www.paradehuset.dk\/\" target=\"_blank\" rel=\"noopener\">www.paradehuset.dk<\/a>.<\/p>\n<div id=\"c769\">\n<hr \/>\n<p style=\"text-align: center;\"><strong>Prisoverr\u00e6kkelsen med H.K.H. Prins Joachim<\/strong><\/p>\n<\/div>\n<p><a href=\"http:\/\/www.europa-nostra.dk\/wp-content\/uploads\/2014\/03\/524bdf786e.jpg\"><img loading=\"lazy\" decoding=\"async\" class=\"size-full wp-image-247 aligncenter\" src=\"http:\/\/www.europa-nostra.dk\/wp-content\/uploads\/2014\/03\/524bdf786e.jpg\" alt=\"524bdf786e\" width=\"225\" height=\"169\" \/><\/a><\/p>\n<p><a href=\"http:\/\/www.europa-nostra.dk\/wp-content\/uploads\/2014\/02\/paradehuset1_01.jpg\"><img loading=\"lazy\" decoding=\"async\" class=\"aligncenter wp-image-126 size-full\" src=\"https:\/\/ny.europa-nostra.dk\/wp-content\/uploads\/2014\/02\/paradehuset1_01.jpg\" alt=\"paradehuset1_01\" width=\"600\" height=\"450\" srcset=\"https:\/\/www.europa-nostra.dk\/wp-content\/uploads\/2014\/02\/paradehuset1_01.jpg 600w, https:\/\/www.europa-nostra.dk\/wp-content\/uploads\/2014\/02\/paradehuset1_01-300x225.jpg 300w\" sizes=\"auto, (max-width: 600px) 100vw, 600px\" \/><\/a><\/p>\n<hr \/>\n<p style=\"text-align: center;\"><strong>prisoverr\u00e6kkelsen p\u00e5 Gisselfeld Kloster<\/strong><\/p>\n<p><a href=\"http:\/\/www.europa-nostra.dk\/wp-content\/uploads\/2014\/02\/paradehuset3_01.jpg\"><img loading=\"lazy\" decoding=\"async\" class=\"aligncenter wp-image-127 size-full\" src=\"https:\/\/ny.europa-nostra.dk\/wp-content\/uploads\/2014\/02\/paradehuset3_01.jpg\" alt=\"paradehuset3_01\" width=\"600\" height=\"450\" srcset=\"https:\/\/www.europa-nostra.dk\/wp-content\/uploads\/2014\/02\/paradehuset3_01.jpg 600w, https:\/\/www.europa-nostra.dk\/wp-content\/uploads\/2014\/02\/paradehuset3_01-300x225.jpg 300w\" sizes=\"auto, (max-width: 600px) 100vw, 600px\" \/><\/a><\/p>\n<p><a href=\"http:\/\/www.europa-nostra.dk\/wp-content\/uploads\/2014\/02\/paradehuset4_01.jpg\"><img loading=\"lazy\" decoding=\"async\" class=\"aligncenter wp-image-128 size-full\" src=\"https:\/\/ny.europa-nostra.dk\/wp-content\/uploads\/2014\/02\/paradehuset4_01.jpg\" alt=\"paradehuset4_01\" width=\"400\" height=\"372\" srcset=\"https:\/\/www.europa-nostra.dk\/wp-content\/uploads\/2014\/02\/paradehuset4_01.jpg 400w, https:\/\/www.europa-nostra.dk\/wp-content\/uploads\/2014\/02\/paradehuset4_01-300x279.jpg 300w\" sizes=\"auto, (max-width: 400px) 100vw, 400px\" \/><\/a><\/p>\n<hr \/>\n<p><a href=\"http:\/\/www.europa-nostra.dk\/wp-content\/uploads\/2014\/03\/a919e48df4.jpg\"><img loading=\"lazy\" decoding=\"async\" class=\"aligncenter size-full wp-image-256\" src=\"http:\/\/www.europa-nostra.dk\/wp-content\/uploads\/2014\/03\/a919e48df4.jpg\" alt=\"a919e48df4\" width=\"460\" height=\"444\" srcset=\"https:\/\/www.europa-nostra.dk\/wp-content\/uploads\/2014\/03\/a919e48df4.jpg 460w, https:\/\/www.europa-nostra.dk\/wp-content\/uploads\/2014\/03\/a919e48df4-300x290.jpg 300w\" sizes=\"auto, (max-width: 460px) 100vw, 460px\" \/><\/a><\/p>\n","protected":false},"excerpt":{"rendered":"<p>Paradehuset, Gisselfeld Kloster &#8211; diplom Arkitekten Herholdt\u00a0tegnede i 1876 et hus til planter og sj\u00e6ldne v\u00e6kster.\u00a0Dette bygningsv\u00e6rk blev restaureret i 2006 og fik tildelt det meget pr\u00e6stigefyldte Europa Nostra Diplom. [&hellip;]<\/p>\n","protected":false},"author":1,"featured_media":0,"parent":2093,"menu_order":5,"comment_status":"closed","ping_status":"closed","template":"","meta":{"footnotes":""},"class_list":["post-403","page","type-page","status-publish","hentry"],"translation":{"provider":"WPGlobus","version":"3.0.2","language":"gb","enabled_languages":["da","gb"],"languages":{"da":{"title":true,"content":true,"excerpt":false},"gb":{"title":false,"content":false,"excerpt":false}}},"_links":{"self":[{"href":"https:\/\/www.europa-nostra.dk\/gb\/wp-json\/wp\/v2\/pages\/403","targetHints":{"allow":["GET"]}}],"collection":[{"href":"https:\/\/www.europa-nostra.dk\/gb\/wp-json\/wp\/v2\/pages"}],"about":[{"href":"https:\/\/www.europa-nostra.dk\/gb\/wp-json\/wp\/v2\/types\/page"}],"author":[{"embeddable":true,"href":"https:\/\/www.europa-nostra.dk\/gb\/wp-json\/wp\/v2\/users\/1"}],"replies":[{"embeddable":true,"href":"https:\/\/www.europa-nostra.dk\/gb\/wp-json\/wp\/v2\/comments?post=403"}],"version-history":[{"count":6,"href":"https:\/\/www.europa-nostra.dk\/gb\/wp-json\/wp\/v2\/pages\/403\/revisions"}],"predecessor-version":[{"id":2553,"href":"https:\/\/www.europa-nostra.dk\/gb\/wp-json\/wp\/v2\/pages\/403\/revisions\/2553"}],"up":[{"embeddable":true,"href":"https:\/\/www.europa-nostra.dk\/gb\/wp-json\/wp\/v2\/pages\/2093"}],"wp:attachment":[{"href":"https:\/\/www.europa-nostra.dk\/gb\/wp-json\/wp\/v2\/media?parent=403"}],"curies":[{"name":"wp","href":"https:\/\/api.w.org\/{rel}","templated":true}]}}