{"id":4036,"date":"2024-09-08T19:58:46","date_gmt":"2024-09-08T17:58:46","guid":{"rendered":"https:\/\/www.europa-nostra.dk\/?page_id=4036"},"modified":"2024-09-08T20:08:29","modified_gmt":"2024-09-08T18:08:29","slug":"anne-lene-joergensen","status":"publish","type":"page","link":"https:\/\/www.europa-nostra.dk\/gb\/priser-awards\/den-danske-pris\/anne-lene-joergensen\/","title":{"rendered":"Anne Lene J\u00f8rgensen har fingrene i vores st\u00f8rste kulturarv &#8211; nu modtager hun Prins Henriks Europa Nostra Pris"},"content":{"rendered":"<figure id=\"attachment_4054\" aria-describedby=\"caption-attachment-4054\" style=\"width: 700px\" class=\"wp-caption alignnone\"><img loading=\"lazy\" decoding=\"async\" src=\"https:\/\/www.europa-nostra.dk\/wp-content\/uploads\/2024\/09\/ANNE-LENE-JOeRGENSEN1-700x394.jpg\" alt=\"ANNE-LENE-J\u00d8RGENSEN\" width=\"700\" height=\"394\" class=\"size-large wp-image-4054\" srcset=\"https:\/\/www.europa-nostra.dk\/wp-content\/uploads\/2024\/09\/ANNE-LENE-JOeRGENSEN1-700x394.jpg 700w, https:\/\/www.europa-nostra.dk\/wp-content\/uploads\/2024\/09\/ANNE-LENE-JOeRGENSEN1-300x169.jpg 300w, https:\/\/www.europa-nostra.dk\/wp-content\/uploads\/2024\/09\/ANNE-LENE-JOeRGENSEN1.jpg 709w\" sizes=\"auto, (max-width: 700px) 100vw, 700px\" \/><figcaption id=\"caption-attachment-4054\" class=\"wp-caption-text\">ANNE LENE J\u00d8RGENSEN MODTAGER PRISEN 2024<\/figcaption><\/figure>\n<p>Restaureringsarkitekt Anne Lene J\u00f8rgensen modtager Prins Henriks Europa Nostra Pris<\/p>\n<p>Hun har lige nu fingrene nede i b\u00e5de restaureringen af en af landets mest markante bygninger, Nationalbankens hoveds\u00e6de i Havnegade, som Arne Jacobsen stod bag, og udskiftningen af marmorbekl\u00e6dningen p\u00e5 en af Europas fineste statuer, Saly\u2019s rytterstatue af Frederik V p\u00e5 Amalienborg Slotsplads.<\/p>\n<p>Nu modtager den anerkendte restaureringsarkitekt Anne Lene J\u00f8rgensen fra Varmings Tegnestue Prins Henriks Europa Nostra Pris 2024, som udover \u00e6ren ledsages af en lille skulptur formgivet af Hans Kongelige H\u00f8jhed Prins Henrik. Anne Lene J\u00f8rgensen modtog Prins Henriks Europa Nostra Pris ved en prisuddeling p\u00e5 Rudersdal R\u00e5dhus, som er et andet af Arne Jacobsens markante v\u00e6rker og som netop har gennemg\u00e5et en omfattende restaurering, som Anne Lene J\u00f8rgensen har st\u00e5et for.<\/p>\n<p>\u201cVi giver dig prisen for dit h\u00f8je ambitionsniveau og for din vilje til at holde den restaureringsfaglige fane h\u00f8jt. Vi ved at restaurering ikke er en solodiciplin, s\u00e5 vi h\u00e5ber at prisen vil skinne lidt igennem til dine samarbejdskolleger, dine medarbejdere, og din medejer Nanna Steenberg,\u201d sagde bestyrelsesmedlem i Europa Nostra Arne H\u00f8i, som ogs\u00e5 er institutleder ved Det Kongelige Akademi, ved prisuddelingen.<\/p>\n<p>Anne Lene J\u00f8rgensen er uddannet restaureringsarkitekt ved Arkitektskolen i \u00c5rhus og senere uddannet til bygge\u00f8konom. Anne Lene J\u00f8rgensen arbejdede i det Slots- og Ejendomsstyrelsen, i dag Slots- og Kulturstyrelsen, f\u00f8r hun i 2005 videref\u00f8rte Varmings Tegnestue, som i dag ejes og drives sammen med arkitekten Nanna Steenberg.<\/p>\n","protected":false},"excerpt":{"rendered":"<p>Restaureringsarkitekt Anne Lene J\u00f8rgensen modtager Prins Henriks Europa Nostra Pris Hun har lige nu fingrene nede i b\u00e5de restaureringen af en af landets mest markante bygninger, Nationalbankens hoveds\u00e6de i Havnegade, [&hellip;]<\/p>\n","protected":false},"author":2,"featured_media":0,"parent":9,"menu_order":0,"comment_status":"closed","ping_status":"closed","template":"template-fullwidth.php","meta":{"footnotes":""},"class_list":["post-4036","page","type-page","status-publish","hentry"],"translation":{"provider":"WPGlobus","version":"3.0.2","language":"gb","enabled_languages":["da","gb"],"languages":{"da":{"title":true,"content":true,"excerpt":false},"gb":{"title":false,"content":false,"excerpt":false}}},"_links":{"self":[{"href":"https:\/\/www.europa-nostra.dk\/gb\/wp-json\/wp\/v2\/pages\/4036","targetHints":{"allow":["GET"]}}],"collection":[{"href":"https:\/\/www.europa-nostra.dk\/gb\/wp-json\/wp\/v2\/pages"}],"about":[{"href":"https:\/\/www.europa-nostra.dk\/gb\/wp-json\/wp\/v2\/types\/page"}],"author":[{"embeddable":true,"href":"https:\/\/www.europa-nostra.dk\/gb\/wp-json\/wp\/v2\/users\/2"}],"replies":[{"embeddable":true,"href":"https:\/\/www.europa-nostra.dk\/gb\/wp-json\/wp\/v2\/comments?post=4036"}],"version-history":[{"count":9,"href":"https:\/\/www.europa-nostra.dk\/gb\/wp-json\/wp\/v2\/pages\/4036\/revisions"}],"predecessor-version":[{"id":4056,"href":"https:\/\/www.europa-nostra.dk\/gb\/wp-json\/wp\/v2\/pages\/4036\/revisions\/4056"}],"up":[{"embeddable":true,"href":"https:\/\/www.europa-nostra.dk\/gb\/wp-json\/wp\/v2\/pages\/9"}],"wp:attachment":[{"href":"https:\/\/www.europa-nostra.dk\/gb\/wp-json\/wp\/v2\/media?parent=4036"}],"curies":[{"name":"wp","href":"https:\/\/api.w.org\/{rel}","templated":true}]}}