{"id":405,"date":"2014-03-21T15:07:07","date_gmt":"2014-03-21T14:07:07","guid":{"rendered":"http:\/\/www.europa-nostra.dk\/?page_id=405"},"modified":"2017-09-18T12:40:29","modified_gmt":"2017-09-18T10:40:29","slug":"2006-tankstation","status":"publish","type":"page","link":"https:\/\/www.europa-nostra.dk\/gb\/priser-awards\/34-2\/2000-2010\/2006-tankstation\/","title":{"rendered":"2006 &#8211; Tankstation"},"content":{"rendered":"<h3>Texaco tankstationen ved Skovshoved &#8211; diplom<\/h3>\n<p><img loading=\"lazy\" decoding=\"async\" class=\"alignright size-full wp-image-230\" src=\"http:\/\/www.europa-nostra.dk\/wp-content\/uploads\/2014\/03\/7a569d4e15.jpg\" alt=\"7a569d4e15\" width=\"300\" height=\"202\" \/>Den ber\u00f8mte arkitekt Arne Jacobsen tegnede i 1932 en tankstation til Texaco. Dette<\/p>\n<p>bygningsv\u00e6rk blev restaureret i 2006 og fik tildelt det meget pr\u00e6stigefyldte Europa Nostra Diplom.<\/p>\n","protected":false},"excerpt":{"rendered":"<p>Texaco tankstationen ved Skovshoved &#8211; diplom Den ber\u00f8mte arkitekt Arne Jacobsen tegnede i 1932 en tankstation til Texaco. Dette bygningsv\u00e6rk blev restaureret i 2006 og fik tildelt det meget pr\u00e6stigefyldte [&hellip;]<\/p>\n","protected":false},"author":1,"featured_media":0,"parent":2093,"menu_order":5,"comment_status":"closed","ping_status":"closed","template":"","meta":{"footnotes":""},"class_list":["post-405","page","type-page","status-publish","hentry"],"translation":{"provider":"WPGlobus","version":"3.0.2","language":"gb","enabled_languages":["da","gb"],"languages":{"da":{"title":true,"content":true,"excerpt":false},"gb":{"title":false,"content":false,"excerpt":false}}},"_links":{"self":[{"href":"https:\/\/www.europa-nostra.dk\/gb\/wp-json\/wp\/v2\/pages\/405","targetHints":{"allow":["GET"]}}],"collection":[{"href":"https:\/\/www.europa-nostra.dk\/gb\/wp-json\/wp\/v2\/pages"}],"about":[{"href":"https:\/\/www.europa-nostra.dk\/gb\/wp-json\/wp\/v2\/types\/page"}],"author":[{"embeddable":true,"href":"https:\/\/www.europa-nostra.dk\/gb\/wp-json\/wp\/v2\/users\/1"}],"replies":[{"embeddable":true,"href":"https:\/\/www.europa-nostra.dk\/gb\/wp-json\/wp\/v2\/comments?post=405"}],"version-history":[{"count":3,"href":"https:\/\/www.europa-nostra.dk\/gb\/wp-json\/wp\/v2\/pages\/405\/revisions"}],"predecessor-version":[{"id":2557,"href":"https:\/\/www.europa-nostra.dk\/gb\/wp-json\/wp\/v2\/pages\/405\/revisions\/2557"}],"up":[{"embeddable":true,"href":"https:\/\/www.europa-nostra.dk\/gb\/wp-json\/wp\/v2\/pages\/2093"}],"wp:attachment":[{"href":"https:\/\/www.europa-nostra.dk\/gb\/wp-json\/wp\/v2\/media?parent=405"}],"curies":[{"name":"wp","href":"https:\/\/api.w.org\/{rel}","templated":true}]}}