{"id":481,"date":"2014-03-25T15:30:49","date_gmt":"2014-03-25T14:30:49","guid":{"rendered":"http:\/\/www.europa-nostra.dk\/?page_id=481"},"modified":"2019-09-04T21:42:59","modified_gmt":"2019-09-04T19:42:59","slug":"europa-nostra-danmark","status":"publish","type":"page","link":"https:\/\/www.europa-nostra.dk\/gb\/om-europa-nostra-danmark\/europa-nostra-danmark\/","title":{"rendered":"Europa Nostra Denmark"},"content":{"rendered":"<p style=\"text-align: center;\">Husk &#8211; Efter\u00e5rsarrangement for medlemmer &#8211; Nordens st\u00f8rste konserveringsinstitution<br \/>\nfort\u00e6ller om undervandsark\u00e6ologi!<\/p>\n<p style=\"text-align: center;\">Torsdag 24. november 2016 fra 16:30 \u2013 18:00<br \/>\nI.C. Modewegsvej, 2800 Kgs. Lyngby.<\/p>\n","protected":false},"excerpt":{"rendered":"<p>Husk &#8211; Efter\u00e5rsarrangement for medlemmer &#8211; Nordens st\u00f8rste konserveringsinstitution fort\u00e6ller om undervandsark\u00e6ologi! Torsdag 24. november 2016 fra 16:30 \u2013 18:00 I.C. Modewegsvej, 2800 Kgs. Lyngby.<\/p>\n","protected":false},"author":1,"featured_media":0,"parent":1537,"menu_order":1,"comment_status":"closed","ping_status":"closed","template":"","meta":{"footnotes":""},"class_list":["post-481","page","type-page","status-publish","hentry"],"translation":{"provider":"WPGlobus","version":"3.0.2","language":"gb","enabled_languages":["da","gb"],"languages":{"da":{"title":true,"content":true,"excerpt":false},"gb":{"title":true,"content":true,"excerpt":false}}},"_links":{"self":[{"href":"https:\/\/www.europa-nostra.dk\/gb\/wp-json\/wp\/v2\/pages\/481","targetHints":{"allow":["GET"]}}],"collection":[{"href":"https:\/\/www.europa-nostra.dk\/gb\/wp-json\/wp\/v2\/pages"}],"about":[{"href":"https:\/\/www.europa-nostra.dk\/gb\/wp-json\/wp\/v2\/types\/page"}],"author":[{"embeddable":true,"href":"https:\/\/www.europa-nostra.dk\/gb\/wp-json\/wp\/v2\/users\/1"}],"replies":[{"embeddable":true,"href":"https:\/\/www.europa-nostra.dk\/gb\/wp-json\/wp\/v2\/comments?post=481"}],"version-history":[{"count":10,"href":"https:\/\/www.europa-nostra.dk\/gb\/wp-json\/wp\/v2\/pages\/481\/revisions"}],"predecessor-version":[{"id":3912,"href":"https:\/\/www.europa-nostra.dk\/gb\/wp-json\/wp\/v2\/pages\/481\/revisions\/3912"}],"up":[{"embeddable":true,"href":"https:\/\/www.europa-nostra.dk\/gb\/wp-json\/wp\/v2\/pages\/1537"}],"wp:attachment":[{"href":"https:\/\/www.europa-nostra.dk\/gb\/wp-json\/wp\/v2\/media?parent=481"}],"curies":[{"name":"wp","href":"https:\/\/api.w.org\/{rel}","templated":true}]}}