{"id":56,"date":"2014-02-28T15:42:35","date_gmt":"2014-02-28T14:42:35","guid":{"rendered":"http:\/\/www.europa-nostra.dk\/?page_id=56"},"modified":"2017-10-11T22:28:14","modified_gmt":"2017-10-11T20:28:14","slug":"johannes-exner","status":"publish","type":"page","link":"https:\/\/www.europa-nostra.dk\/gb\/priser-awards\/den-danske-pris\/johannes-exner\/","title":{"rendered":"Johannes Exner"},"content":{"rendered":"<div>\n<h3>Arkitektprofessor f\u00e5r prisen<\/h3>\n<p>Siden 1960-erne har arkitekt Johannes Exner udviklet en sammenh\u00e6ngende m\u00e5de at respektere og renovere gamle bygninger p\u00e5. Hans id\u00e9er har v\u00e6ret banebrydende og gennem sine artikler og sit mange\u00e5rige p\u00e6dagogiske virke som underviser, har han formidlet tanker, der p\u00e5 afg\u00f8rende vis, har pr\u00e6get restaureringsdebatten i Danmark. Dette virke har p\u00e5virket hele den kunstneriske og praktiske tilgang til det at restaurere historiske bygninger.<\/p>\n<p>Endvidere har Johannes Exner gennem sine teorier og restaureringsarbejder vist, hvorledes en diskret og f\u00f8lsom restaurering b\u00f8r gribes an. Han er g\u00e5et ad nye inspirerende veje, som har pr\u00e6get og fortsat pr\u00e6ger en del af den yngre generation af arkitekter.<\/p>\n<p>Desuden har Johannes Exner sammen med sin hustru, arkitekt Inger Exner, tegnet og bygget mange v\u00e6sentlige arkitekturv\u00e6rker i Danmark, samt forest\u00e5et en lang r\u00e6kke gennemt\u00e6nkte restaureringer af meget h\u00f8j kvalitet.<\/p>\n<\/div>\n<p><a href=\"http:\/\/www.europa-nostra.dk\/wp-content\/uploads\/2014\/02\/exner.jpg\"><img loading=\"lazy\" decoding=\"async\" class=\"size-medium wp-image-58  aligncenter\" src=\"http:\/\/www.europa-nostra.dk\/wp-content\/uploads\/2014\/02\/exner-199x300.jpg\" alt=\"exner\" width=\"199\" height=\"300\" srcset=\"https:\/\/www.europa-nostra.dk\/wp-content\/uploads\/2014\/02\/exner-199x300.jpg 199w, https:\/\/www.europa-nostra.dk\/wp-content\/uploads\/2014\/02\/exner.jpg 283w\" sizes=\"auto, (max-width: 199px) 100vw, 199px\" \/><\/a><\/p>\n","protected":false},"excerpt":{"rendered":"<p>Arkitektprofessor f\u00e5r prisen Siden 1960-erne har arkitekt Johannes Exner udviklet en sammenh\u00e6ngende m\u00e5de at respektere og renovere gamle bygninger p\u00e5. Hans id\u00e9er har v\u00e6ret banebrydende og gennem sine artikler og [&hellip;]<\/p>\n","protected":false},"author":1,"featured_media":0,"parent":9,"menu_order":5,"comment_status":"closed","ping_status":"closed","template":"","meta":{"footnotes":""},"class_list":["post-56","page","type-page","status-publish","hentry"],"translation":{"provider":"WPGlobus","version":"3.0.2","language":"gb","enabled_languages":["da","gb"],"languages":{"da":{"title":true,"content":true,"excerpt":false},"gb":{"title":false,"content":false,"excerpt":false}}},"_links":{"self":[{"href":"https:\/\/www.europa-nostra.dk\/gb\/wp-json\/wp\/v2\/pages\/56","targetHints":{"allow":["GET"]}}],"collection":[{"href":"https:\/\/www.europa-nostra.dk\/gb\/wp-json\/wp\/v2\/pages"}],"about":[{"href":"https:\/\/www.europa-nostra.dk\/gb\/wp-json\/wp\/v2\/types\/page"}],"author":[{"embeddable":true,"href":"https:\/\/www.europa-nostra.dk\/gb\/wp-json\/wp\/v2\/users\/1"}],"replies":[{"embeddable":true,"href":"https:\/\/www.europa-nostra.dk\/gb\/wp-json\/wp\/v2\/comments?post=56"}],"version-history":[{"count":2,"href":"https:\/\/www.europa-nostra.dk\/gb\/wp-json\/wp\/v2\/pages\/56\/revisions"}],"predecessor-version":[{"id":2621,"href":"https:\/\/www.europa-nostra.dk\/gb\/wp-json\/wp\/v2\/pages\/56\/revisions\/2621"}],"up":[{"embeddable":true,"href":"https:\/\/www.europa-nostra.dk\/gb\/wp-json\/wp\/v2\/pages\/9"}],"wp:attachment":[{"href":"https:\/\/www.europa-nostra.dk\/gb\/wp-json\/wp\/v2\/media?parent=56"}],"curies":[{"name":"wp","href":"https:\/\/api.w.org\/{rel}","templated":true}]}}