{"id":61,"date":"2014-02-28T15:46:19","date_gmt":"2014-02-28T14:46:19","guid":{"rendered":"http:\/\/www.europa-nostra.dk\/?page_id=61"},"modified":"2017-09-01T10:42:08","modified_gmt":"2017-09-01T08:42:08","slug":"hanne-raabyemagle","status":"publish","type":"page","link":"https:\/\/www.europa-nostra.dk\/gb\/priser-awards\/den-danske-pris\/hanne-raabyemagle\/","title":{"rendered":"Hanne Raabyemagle"},"content":{"rendered":"<h3 style=\"text-align: center;\">Kunst- og arkitekturhistoriker f\u00e5r \u00e5rets pris<\/h3>\n<p><a href=\"http:\/\/www.europa-nostra.dk\/wp-content\/uploads\/2014\/03\/c7ad152d17.jpg\"><img loading=\"lazy\" decoding=\"async\" class=\"aligncenter size-full wp-image-263\" src=\"http:\/\/www.europa-nostra.dk\/wp-content\/uploads\/2014\/03\/c7ad152d17.jpg\" alt=\"c7ad152d17\" width=\"456\" height=\"629\" srcset=\"https:\/\/www.europa-nostra.dk\/wp-content\/uploads\/2014\/03\/c7ad152d17.jpg 456w, https:\/\/www.europa-nostra.dk\/wp-content\/uploads\/2014\/03\/c7ad152d17-217x300.jpg 217w\" sizes=\"auto, (max-width: 456px) 100vw, 456px\" \/><\/a><\/p>\n<h5 style=\"text-align: center;\">Hanne Raabyemagle og hendes mand til prisoverr\u00e6kkelsen<\/h5>\n<div>\n<p>Hanne Raabyemagle er kunst- og arkitekturhistoriker med egen konsulentvirksomhed. En stor del af hendes l\u00f8bende forskning drejer sig om bygningshistoriske rapporter i forbindelse med planlagte restaureringer af v\u00e6sentlig dansk arkitektur fra 17- og 1800-tallet. Hun har haft vigtige opgaver for fredningsmyndighederne i forbindelse med de omfattende bygningsunders\u00f8gelser, hun har forest\u00e5et. Blandt andet de bevaringsv\u00e6rdige jernbanebygninger og den danske herreg\u00e5rdsarkitektur samt bevarelsen af bybyggelsen p\u00e5 Vesterbro.\u00a0Dertil kommer en\u00a0forfatter- og udstillingsvirksomhed og hendes mange\u00e5rige\u00a0virke som redakt\u00f8r p\u00e5 \u00e5rsskriftet Architectura. Desuden var Hanne Raabyemagle ekstern lektor fra 1986 til 1994 i arkitekturhistorie ved K\u00f8benhavns Universitet, hvor hun ogs\u00e5 fungerer som\u00a0censor.<\/p>\n<p>L\u00e6s mere p\u00e5 flg. links:<br \/>\n<a title=\"Opens external link in new window\" href=\"http:\/\/kongehuset.dk\/Menu\/nyheder\/prinsgemalen-overrakker-europa-nostra-pris-2012\" target=\"_blank\" rel=\"noopener\">Kongehuset<br \/>\n<\/a><a href=\"http:\/\/www.europa-nostra.dk\/wp-content\/uploads\/2014\/02\/raabymagle13juni12.pdf\" target=\"_blank\" rel=\"noopener\">Politiken<\/a><\/p>\n<\/div>\n","protected":false},"excerpt":{"rendered":"<p>Kunst- og arkitekturhistoriker f\u00e5r \u00e5rets pris Hanne Raabyemagle og hendes mand til prisoverr\u00e6kkelsen Hanne Raabyemagle er kunst- og arkitekturhistoriker med egen konsulentvirksomhed. En stor del af hendes l\u00f8bende forskning drejer [&hellip;]<\/p>\n","protected":false},"author":1,"featured_media":0,"parent":9,"menu_order":6,"comment_status":"closed","ping_status":"closed","template":"","meta":{"footnotes":""},"class_list":["post-61","page","type-page","status-publish","hentry"],"translation":{"provider":"WPGlobus","version":"3.0.2","language":"gb","enabled_languages":["da","gb"],"languages":{"da":{"title":true,"content":true,"excerpt":false},"gb":{"title":false,"content":false,"excerpt":false}}},"_links":{"self":[{"href":"https:\/\/www.europa-nostra.dk\/gb\/wp-json\/wp\/v2\/pages\/61","targetHints":{"allow":["GET"]}}],"collection":[{"href":"https:\/\/www.europa-nostra.dk\/gb\/wp-json\/wp\/v2\/pages"}],"about":[{"href":"https:\/\/www.europa-nostra.dk\/gb\/wp-json\/wp\/v2\/types\/page"}],"author":[{"embeddable":true,"href":"https:\/\/www.europa-nostra.dk\/gb\/wp-json\/wp\/v2\/users\/1"}],"replies":[{"embeddable":true,"href":"https:\/\/www.europa-nostra.dk\/gb\/wp-json\/wp\/v2\/comments?post=61"}],"version-history":[{"count":3,"href":"https:\/\/www.europa-nostra.dk\/gb\/wp-json\/wp\/v2\/pages\/61\/revisions"}],"predecessor-version":[{"id":2289,"href":"https:\/\/www.europa-nostra.dk\/gb\/wp-json\/wp\/v2\/pages\/61\/revisions\/2289"}],"up":[{"embeddable":true,"href":"https:\/\/www.europa-nostra.dk\/gb\/wp-json\/wp\/v2\/pages\/9"}],"wp:attachment":[{"href":"https:\/\/www.europa-nostra.dk\/gb\/wp-json\/wp\/v2\/media?parent=61"}],"curies":[{"name":"wp","href":"https:\/\/api.w.org\/{rel}","templated":true}]}}