{"id":653,"date":"2015-02-17T23:12:54","date_gmt":"2015-02-17T22:12:54","guid":{"rendered":"http:\/\/www.europa-nostra.dk\/?page_id=653"},"modified":"2017-09-18T12:44:46","modified_gmt":"2017-09-18T10:44:46","slug":"motivation-for-dip","status":"publish","type":"page","link":"https:\/\/www.europa-nostra.dk\/gb\/priser-awards\/34-2\/2000-2010\/2006-tankstation\/motivation-for-dip\/","title":{"rendered":"motivation for diplomet"},"content":{"rendered":"<h3><strong>Motivation for diplomet til Texaco Tankstationen<\/strong><\/h3>\n<h6><em>Tankstationen ved Skovhoved (Danmark)<\/em><\/h6>\n<p>Arne Jacobsen iscenesatte den modernistiske tankegang i \u201dDen hvide by ved Sundet\u201d. Iscenes\u00e6ttelsen af efterkrigstidens nyt\u00e6nkning og tro p\u00e5 den fremtid som funkisstilen var et udtryk for.<\/p>\n<p>\u201dDen hvide by\u201d afspejler Arne Jacobsens \u00e5benhed overfor internationale arkitekter som Asplund, Alvar Alto, Corbusier, Mies van der Rohe etc.<\/p>\n<p>Arne Jacobsen blev hurtig kendt for sine totaldesigns. Det skulle v\u00e6re form og det skulle fungere.<\/p>\n<p>Det funktionelle og moderne var kodeordene og blev fornemt virkeliggjort ved moderniseringen af vejstr\u00e6kningen fra Charlottenlund til Klampenborg.<\/p>\n<p>Et af v\u00e6rkerne var Texaco Tankstationen.<\/p>\n<p>Tankstationens karakteristiske paddehat menes at v\u00e6re inspiration for \u201dmyrestolens 3100 1952\u201d design.<\/p>\n<p>Omkring 90\u2019erne begyndte paddehatkonstruktionen at vise tegn p\u00e5 sv\u00e6kkelse, og man valgte at udf\u00f8re en midlertidig st\u00e5lunderst\u00f8tning. Senere opstod der ogs\u00e5 en mistanke om forurening.<\/p>\n<p>I 1999, blev delprojekterne samlet, og restaureringsprocessen blev planlagt.<\/p>\n<p>Restaureringsarbejdet blev afsluttet i 2004 og har i perioden b\u00e5de drejet sig om milj\u00f8oprensning, nye terr\u00e6nbel\u00e6gninger, ny st\u00f8bning af den karakteristiske paddehat, nye fliser.<\/p>\n<p><strong>Arne Jacobsen er arkitekt bag mange fine ejendomme i Gentofte Kommune, <\/strong><\/p>\n<p><strong>en oversigt kan ses p\u00e5;<\/strong><\/p>\n<p><a title=\"arne jacobsen - gentofte\" href=\"http:\/\/www.arnejacobsen.gentofte.dk\" target=\"_blank\" rel=\"noopener\">www.arnejacobsen.gentofte.dk<\/a><\/p>\n<p>Teksten venligst indsendt af<\/p>\n<p><strong>Christian Olesen <\/strong>arkitekt maa nordmak<\/p>\n<p><em>Gentofte Kommunes arkitekturr\u00e5dgiver<\/em><\/p>\n","protected":false},"excerpt":{"rendered":"<p>Motivation for diplomet til Texaco Tankstationen Tankstationen ved Skovhoved (Danmark) Arne Jacobsen iscenesatte den modernistiske tankegang i \u201dDen hvide by ved Sundet\u201d. Iscenes\u00e6ttelsen af efterkrigstidens nyt\u00e6nkning og tro p\u00e5 den [&hellip;]<\/p>\n","protected":false},"author":1,"featured_media":0,"parent":405,"menu_order":1,"comment_status":"closed","ping_status":"closed","template":"","meta":{"footnotes":""},"class_list":["post-653","page","type-page","status-publish","hentry"],"translation":{"provider":"WPGlobus","version":"3.0.2","language":"gb","enabled_languages":["da","gb"],"languages":{"da":{"title":true,"content":true,"excerpt":false},"gb":{"title":false,"content":false,"excerpt":false}}},"_links":{"self":[{"href":"https:\/\/www.europa-nostra.dk\/gb\/wp-json\/wp\/v2\/pages\/653","targetHints":{"allow":["GET"]}}],"collection":[{"href":"https:\/\/www.europa-nostra.dk\/gb\/wp-json\/wp\/v2\/pages"}],"about":[{"href":"https:\/\/www.europa-nostra.dk\/gb\/wp-json\/wp\/v2\/types\/page"}],"author":[{"embeddable":true,"href":"https:\/\/www.europa-nostra.dk\/gb\/wp-json\/wp\/v2\/users\/1"}],"replies":[{"embeddable":true,"href":"https:\/\/www.europa-nostra.dk\/gb\/wp-json\/wp\/v2\/comments?post=653"}],"version-history":[{"count":2,"href":"https:\/\/www.europa-nostra.dk\/gb\/wp-json\/wp\/v2\/pages\/653\/revisions"}],"predecessor-version":[{"id":2561,"href":"https:\/\/www.europa-nostra.dk\/gb\/wp-json\/wp\/v2\/pages\/653\/revisions\/2561"}],"up":[{"embeddable":true,"href":"https:\/\/www.europa-nostra.dk\/gb\/wp-json\/wp\/v2\/pages\/405"}],"wp:attachment":[{"href":"https:\/\/www.europa-nostra.dk\/gb\/wp-json\/wp\/v2\/media?parent=653"}],"curies":[{"name":"wp","href":"https:\/\/api.w.org\/{rel}","templated":true}]}}