{"id":708,"date":"2015-07-19T22:36:23","date_gmt":"2015-07-19T20:36:23","guid":{"rendered":"http:\/\/www.europa-nostra.dk\/?page_id=708"},"modified":"2021-05-28T22:38:44","modified_gmt":"2021-05-28T20:38:44","slug":"adrian-hughes","status":"publish","type":"page","link":"https:\/\/www.europa-nostra.dk\/gb\/priser-awards\/helena-vaz-da-silva-european-award-for-raising-public-awareness-on-cultural-heritage\/adrian-hughes\/","title":{"rendered":"2015 &#8211; S\u00e6rlig anprisning til TV-V\u00e6rt og journalist ADRIAN HUGHES"},"content":{"rendered":"<table>\n<tbody>\n<tr>\n<td><\/td>\n<td><\/td>\n<\/tr>\n<tr>\n<td style=\"text-align: center;\">\n<h5><span style=\"color: #808080;\"><strong>TV-V\u00c6RT OG JOURNALIST ADRIAN HUGHES TILKENDES <\/strong><\/span><\/h5>\n<h5><span style=\"color: #808080;\"><strong>S\u00c6RLIG ANPRISNING I FORBINDELSE MED UDDELING AF HELENA VAZ DA SILVA PRIS<\/strong><\/span><\/h5>\n<\/td>\n<td><\/td>\n<\/tr>\n<tr>\n<td style=\"text-align: center;\">\n<p style=\"text-align: left; padding-left: 30px;\">Det er med stor gl\u00e6de at Europa Nostra Danmark kan offentligg\u00f8re at den kendte tv-v\u00e6rt og journalist Adrian Hughes er tilkendt en s\u00e6rlig h\u00e6drende omtale i forbindelse med uddelingen af Helena Vaz da Silva European Award for Raising Public Awareness on Cultural Heritage 2015. Den europ\u00e6iske pris, der er opkaldt efter den portugisiske journalist, forfatter, kulturel aktivist og politiker Helena Vaz da Silva (1939-2002), anerkender ekstraordin\u00e6re bidrag til at fremme kommunikationen og \u00f8ge bevidstheden om kulturarv og europ\u00e6iske idealer. Dommerkommit\u00e9en best\u00e5r af fremtr\u00e6dende, europ\u00e6iske eksperter inden for kulturarv, kommunikation og journalisme.<\/p>\n<p style=\"text-align: left; padding-left: 30px;\">Europa Nostra, der sammen med Centro Nacional de Cultura i Portugal og den portugisiske presseforening lancerede prisen tilbage i 2013, repr\u00e6senterer en hastigt voksende borgerbev\u00e6gelse for beskyttelse af Europas kultur- og naturarv. Organisationens paneurop\u00e6iske netv\u00e6rk best\u00e5r af 250 medlemsorganisationer, 150 associerede organisationer og 1500 individuelle medlemmer, der direkte underst\u00f8tter den vigtige mission. I Danmark repr\u00e6senteres organisationen af Europa Nostra Danmark.<\/p>\n<p style=\"padding-left: 30px;\"><a href=\"http:\/\/www.europa-nostra.dk\/wp-content\/uploads\/2015\/08\/Kulturh\u00e6der-Politiken-onsdag-12.jpg\"><img loading=\"lazy\" decoding=\"async\" class=\"aligncenter wp-image-743\" src=\"http:\/\/www.europa-nostra.dk\/wp-content\/uploads\/2015\/08\/Kulturh\u00e6der-Politiken-onsdag-12.jpg\" alt=\"Kulturh\u00e6der - Politiken onsdag 12\" width=\"600\" height=\"533\" srcset=\"https:\/\/www.europa-nostra.dk\/wp-content\/uploads\/2015\/08\/Kulturh\u00e6der-Politiken-onsdag-12.jpg 1006w, https:\/\/www.europa-nostra.dk\/wp-content\/uploads\/2015\/08\/Kulturh\u00e6der-Politiken-onsdag-12-300x267.jpg 300w, https:\/\/www.europa-nostra.dk\/wp-content\/uploads\/2015\/08\/Kulturh\u00e6der-Politiken-onsdag-12-768x682.jpg 768w\" sizes=\"auto, (max-width: 600px) 100vw, 600px\" \/><\/a><strong>Prisen blev omtalt i Politiken d. 12. august 2015\u00a0<\/strong><\/p>\n<\/td>\n<td><\/td>\n<\/tr>\n<tr>\n<td style=\"text-align: center;\"><\/td>\n<td><\/td>\n<\/tr>\n<\/tbody>\n<\/table>\n<table style=\"border-color: #787777; background-color: #ede8e8;\">\n<tbody>\n<tr>\n<td><a href=\"http:\/\/www.europa-nostra.dk\/wp-content\/uploads\/2015\/07\/adrian.jpg\"><img loading=\"lazy\" decoding=\"async\" class=\"aligncenter size-medium wp-image-704\" src=\"http:\/\/www.europa-nostra.dk\/wp-content\/uploads\/2015\/07\/adrian-300x171.jpg\" alt=\"adrian\" width=\"300\" height=\"171\" srcset=\"https:\/\/www.europa-nostra.dk\/wp-content\/uploads\/2015\/07\/adrian-300x171.jpg 300w, https:\/\/www.europa-nostra.dk\/wp-content\/uploads\/2015\/07\/adrian-768x438.jpg 768w, https:\/\/www.europa-nostra.dk\/wp-content\/uploads\/2015\/07\/adrian-1024x584.jpg 1024w, https:\/\/www.europa-nostra.dk\/wp-content\/uploads\/2015\/07\/adrian.jpg 1160w\" sizes=\"auto, (max-width: 300px) 100vw, 300px\" \/><\/a><\/td>\n<td><\/td>\n<\/tr>\n<tr>\n<td style=\"padding-left: 30px;\">Adrian Lloyd Hughes er uddannet journalist og kendt fra tv som v\u00e6rt for forskellige tv-programmer inden for kunst- og kulturomr\u00e5det, herunder Smagsdommerne, Kunstquiz, Kulturfredag, Kulturjournalen m.fl. og siden primo 2015 ogs\u00e5 Historiequizzen p\u00e5 DR K. Han modtog i 2004 DR&#8217;s sprogpris for sikker, original og engageret sprogbehandling, som fastholder seerne i hans udsendelser.<\/td>\n<td><\/td>\n<\/tr>\n<tr>\n<td><a href=\"http:\/\/www.europa-nostra.dk\/wp-content\/uploads\/2015\/07\/smagsdommerne1.jpg\"><img loading=\"lazy\" decoding=\"async\" class=\"aligncenter size-medium wp-image-706\" src=\"http:\/\/www.europa-nostra.dk\/wp-content\/uploads\/2015\/07\/smagsdommerne1-300x172.jpg\" alt=\"smagsdommerne1\" width=\"300\" height=\"172\" srcset=\"https:\/\/www.europa-nostra.dk\/wp-content\/uploads\/2015\/07\/smagsdommerne1-300x172.jpg 300w, https:\/\/www.europa-nostra.dk\/wp-content\/uploads\/2015\/07\/smagsdommerne1-768x441.jpg 768w, https:\/\/www.europa-nostra.dk\/wp-content\/uploads\/2015\/07\/smagsdommerne1-1024x588.jpg 1024w, https:\/\/www.europa-nostra.dk\/wp-content\/uploads\/2015\/07\/smagsdommerne1.jpg 1160w\" sizes=\"auto, (max-width: 300px) 100vw, 300px\" \/><\/a><\/td>\n<td><\/td>\n<\/tr>\n<tr>\n<td style=\"padding-left: 30px;\">Hughes arbejder med kunst og kultur p\u00e5 daglig basis. Han g\u00e5r i dybden med kunstv\u00e6rker og kulturelle begivenheder og gennem hans diskussioner med eksperter p\u00e5 omr\u00e5det, involverer han beskueren og frembringer til tider skjulte sider af kunst og kultur, for at skabe en st\u00f8rre forst\u00e5else for det komplekse i kulturen og dybden i den kunstneriske verden.<\/td>\n<td><\/td>\n<\/tr>\n<tr>\n<td><a href=\"http:\/\/www.europa-nostra.dk\/wp-content\/uploads\/2015\/07\/adrian1.jpg\"><img loading=\"lazy\" decoding=\"async\" class=\"aligncenter size-medium wp-image-705\" src=\"http:\/\/www.europa-nostra.dk\/wp-content\/uploads\/2015\/07\/adrian1-300x171.jpg\" alt=\"adrian1\" width=\"300\" height=\"171\" srcset=\"https:\/\/www.europa-nostra.dk\/wp-content\/uploads\/2015\/07\/adrian1-300x171.jpg 300w, https:\/\/www.europa-nostra.dk\/wp-content\/uploads\/2015\/07\/adrian1-768x438.jpg 768w, https:\/\/www.europa-nostra.dk\/wp-content\/uploads\/2015\/07\/adrian1-1024x584.jpg 1024w, https:\/\/www.europa-nostra.dk\/wp-content\/uploads\/2015\/07\/adrian1.jpg 1158w\" sizes=\"auto, (max-width: 300px) 100vw, 300px\" \/><\/a><\/td>\n<td><\/td>\n<\/tr>\n<\/tbody>\n<\/table>\n<table style=\"border-color: #d9d4d4; background-color: #d3e5e8;\" border=\"1\">\n<tbody>\n<tr>\n<td><em>Adrian Lloyd Hughes works with art and culture on a daily basis \u2013 Hughes goes in depth with all types of art and culture: Literature, Paintings, Installation art and Sculpture , Drama, Performance and Music. Through his discussions with experts in the field, Hughes draws the viewer \/ listener into the artform and exposes sometimes hidden sides of art and culture to create a better understanding of the complexities and depth in the world of the arts. Hughes has put leading professionals such as architects, authors, lawyers, film instructors and the like in situations where they help put words to the feelings they experience when seeing an artwork or cultural event. Through the media of television, Hughes brings these feelings out to the public giving us a larger platform when viewing art whilst at the same time helping us create our own opinions.<\/em><em>\u00a0<\/em><\/td>\n<td><a href=\"http:\/\/www.europa-nostra.dk\/wp-content\/uploads\/2015\/07\/randikatrine-k\u00f8s1.jpg\"><img loading=\"lazy\" decoding=\"async\" class=\" size-thumbnail wp-image-728 aligncenter\" src=\"http:\/\/www.europa-nostra.dk\/wp-content\/uploads\/2015\/07\/randikatrine-k\u00f8s1-150x150.jpg\" alt=\"randi&amp;katrine k\u00f8s1\" width=\"150\" height=\"150\" srcset=\"https:\/\/www.europa-nostra.dk\/wp-content\/uploads\/2015\/07\/randikatrine-k\u00f8s1-150x150.jpg 150w, https:\/\/www.europa-nostra.dk\/wp-content\/uploads\/2015\/07\/randikatrine-k\u00f8s1-100x100.jpg 100w\" sizes=\"auto, (max-width: 150px) 100vw, 150px\" \/><\/a><\/td>\n<\/tr>\n<tr>\n<td><em>Adrian Lloyd Hughes provokes reactions when he brings cultural events and exhibits on stage for the television audience \u2013 he has a standpoint regarding art but he mixes this with input from a wide range of contributors creating discussions which change the way we experience and feel about culture.<\/em><\/td>\n<td><a href=\"http:\/\/www.europa-nostra.dk\/wp-content\/uploads\/2015\/07\/randikatrine-k\u00f8s.jpg\"><img loading=\"lazy\" decoding=\"async\" class=\"aligncenter size-thumbnail wp-image-727\" src=\"http:\/\/www.europa-nostra.dk\/wp-content\/uploads\/2015\/07\/randikatrine-k\u00f8s-150x150.jpg\" alt=\"randi&amp;katrine k\u00f8s\" width=\"150\" height=\"150\" srcset=\"https:\/\/www.europa-nostra.dk\/wp-content\/uploads\/2015\/07\/randikatrine-k\u00f8s-150x150.jpg 150w, https:\/\/www.europa-nostra.dk\/wp-content\/uploads\/2015\/07\/randikatrine-k\u00f8s-100x100.jpg 100w\" sizes=\"auto, (max-width: 150px) 100vw, 150px\" \/><\/a><\/td>\n<\/tr>\n<tr>\n<td>TV programs Adrian Lloyd Hughes has been host and concept creator for include:<\/p>\n<ul>\n<li>Kulturjournalen \u2013 <em>The culture journal<\/em><\/li>\n<li>Kulturfredag \u2013 <em>Cultural fridays<\/em><\/li>\n<li>Tematirsdag<em> \u2013 Tuesdays themes<\/em><\/li>\n<li>Spot &#8211; <em>Derision<\/em><\/li>\n<li>Smagsdommerne \u2013 A<em>esthetics and Taste <\/em><\/li>\n<li>Kunstquiz \u2013 <em>Art quiz<\/em><\/li>\n<li>Kulturk\u00f8bing &#8211; <em>The cultural marketplace<\/em><\/li>\n<\/ul>\n<\/td>\n<td><a href=\"http:\/\/www.europa-nostra.dk\/wp-content\/uploads\/2015\/07\/anthony-doerr.jpg\"><img loading=\"lazy\" decoding=\"async\" class=\" size-thumbnail wp-image-725 aligncenter\" src=\"http:\/\/www.europa-nostra.dk\/wp-content\/uploads\/2015\/07\/anthony-doerr-150x150.jpg\" alt=\"anthony doerr\" width=\"150\" height=\"150\" srcset=\"https:\/\/www.europa-nostra.dk\/wp-content\/uploads\/2015\/07\/anthony-doerr-150x150.jpg 150w, https:\/\/www.europa-nostra.dk\/wp-content\/uploads\/2015\/07\/anthony-doerr-100x100.jpg 100w\" sizes=\"auto, (max-width: 150px) 100vw, 150px\" \/><\/a><\/td>\n<\/tr>\n<\/tbody>\n<\/table>\n","protected":false},"excerpt":{"rendered":"<p>TV-V\u00c6RT OG JOURNALIST ADRIAN HUGHES TILKENDES S\u00c6RLIG ANPRISNING I FORBINDELSE MED UDDELING AF HELENA VAZ DA SILVA PRIS Det er med stor gl\u00e6de at Europa Nostra Danmark kan offentligg\u00f8re at [&hellip;]<\/p>\n","protected":false},"author":1,"featured_media":0,"parent":3135,"menu_order":2,"comment_status":"open","ping_status":"closed","template":"","meta":{"footnotes":""},"class_list":["post-708","page","type-page","status-publish","hentry"],"translation":{"provider":"WPGlobus","version":"3.0.2","language":"gb","enabled_languages":["da","gb"],"languages":{"da":{"title":true,"content":true,"excerpt":false},"gb":{"title":false,"content":false,"excerpt":false}}},"_links":{"self":[{"href":"https:\/\/www.europa-nostra.dk\/gb\/wp-json\/wp\/v2\/pages\/708","targetHints":{"allow":["GET"]}}],"collection":[{"href":"https:\/\/www.europa-nostra.dk\/gb\/wp-json\/wp\/v2\/pages"}],"about":[{"href":"https:\/\/www.europa-nostra.dk\/gb\/wp-json\/wp\/v2\/types\/page"}],"author":[{"embeddable":true,"href":"https:\/\/www.europa-nostra.dk\/gb\/wp-json\/wp\/v2\/users\/1"}],"replies":[{"embeddable":true,"href":"https:\/\/www.europa-nostra.dk\/gb\/wp-json\/wp\/v2\/comments?post=708"}],"version-history":[{"count":3,"href":"https:\/\/www.europa-nostra.dk\/gb\/wp-json\/wp\/v2\/pages\/708\/revisions"}],"predecessor-version":[{"id":3525,"href":"https:\/\/www.europa-nostra.dk\/gb\/wp-json\/wp\/v2\/pages\/708\/revisions\/3525"}],"up":[{"embeddable":true,"href":"https:\/\/www.europa-nostra.dk\/gb\/wp-json\/wp\/v2\/pages\/3135"}],"wp:attachment":[{"href":"https:\/\/www.europa-nostra.dk\/gb\/wp-json\/wp\/v2\/media?parent=708"}],"curies":[{"name":"wp","href":"https:\/\/api.w.org\/{rel}","templated":true}]}}