{"id":9,"date":"2014-02-28T13:05:07","date_gmt":"2014-02-28T12:05:07","guid":{"rendered":"http:\/\/www.europa-nostra.dk\/?page_id=9"},"modified":"2022-11-15T22:18:01","modified_gmt":"2022-11-15T21:18:01","slug":"den-danske-pris","status":"publish","type":"page","link":"https:\/\/www.europa-nostra.dk\/gb\/priser-awards\/den-danske-pris\/","title":{"rendered":"Prince Henriks Danish Award"},"content":{"rendered":"<figure class=\"wp-block-image\"><img loading=\"lazy\" decoding=\"async\" width=\"600\" height=\"338\" class=\"wp-image-2921\" src=\"https:\/\/www.europa-nostra.dk\/wp-content\/uploads\/2018\/02\/hanne-12.jpg\" alt=\"\" srcset=\"https:\/\/www.europa-nostra.dk\/wp-content\/uploads\/2018\/02\/hanne-12.jpg 600w, https:\/\/www.europa-nostra.dk\/wp-content\/uploads\/2018\/02\/hanne-12-300x169.jpg 300w\" sizes=\"auto, (max-width: 600px) 100vw, 600px\" \/><\/figure>\r\n<p><!-- \/wp:post-content --><\/p>\r\n<div>\r\n<h4>Prins Henriks Europa Nostra Danmark Pris<\/h4>\r\n<\/div>\r\n<div>\r\n<p>Efter en del \u00e5r som protektor for Europa Nostra har Hans Kongelige H\u00f8jhed Prinsgemalen\u00a0\u00f8nsket at vedligeholde kontakten til Europa Nostra ved hvert \u00e5r at\u00a0uddele et legat til en person eller organisation, der har udm\u00e6rket sig ved at st\u00f8tte kulturarven i Danmark.<\/p>\r\n<div>\r\n<p>Om <i><b>Prins Henriks Europa Nostra Pris.<\/b><\/i><\/p>\r\n<p>Prins Henriks Europa Nostra Pris bliver hvert \u00e5r uddelt til en person eller organisation, der har udm\u00e6rket sig ved at st\u00f8tte kulturarven i Danmark.\u00a0 I perioden fra 1990 til 2007 var Prins Henrik pr\u00e6sident for Europa Nostra.\u00a0<\/p>\r\n<p>I 2006 indsamlede Europa Nostra Danmark midler til denne pris. Det f\u00f8rste legat blev uddelt i oktober 2008 p\u00e5\u00a0<i>Fredensborg Slot<\/i>\u00a0til professor\u00a0<a title=\"Bj\u00f8rn N\u00f8rg\u00e5rd\" href=\"http:\/\/www.europa-nostra.dk\/den-danske-pris\/bjorn-norgard\/\">Bj\u00f8rn N\u00f8rgaard<\/a>. Siden var Prins Henrik v\u00e6rt ved de seneste 10 \u00e5rs uddelinger af Prins Henriks Danske Europa Nostra Pris.\u00a0<\/p>\r\n<p>I august 2009 blev legatet, ogs\u00e5\u00a0p\u00e5\u00a0<i>Fredensborg Slot,\u00a0<\/i>\u00a0uddelt\u00a0til direkt\u00f8r\u00a0<a title=\"Hans Michael Jebsen\" href=\"http:\/\/www.europa-nostra.dk\/den-danske-pris\/hans-michael-jebsen\/\">Hans Michael Jebsen<\/a>. I juni 2010 blev\u00a0legatet\u00a0uddelt p\u00e5\u00a0<i>kongeskibet Dannebrog\u00a0<\/i>til arkitekterne\u00a0<a title=\"Jens Baumann &amp; Poul Sch\u00fclein\" href=\"http:\/\/www.europa-nostra.dk\/den-danske-pris\/jens-baumann-poul-schulein\/\">Jens Baumann og Poul Sch\u00fclein<\/a>. Maj 2011 blev legatet uddelt p\u00e5\u00a0<i>kongeskibet Dannebrog<\/i>\u00a0overrakte til arkitekt\u00a0<a title=\"Johannes Exner\" href=\"http:\/\/www.europa-nostra.dk\/den-danske-pris\/johannes-exner\/\">Johannes Exner<\/a>. I juni 2012 blev prisen overrakt til kunsthistorikeren\u00a0<a title=\"Hanne Raabyemagle\" href=\"http:\/\/www.europa-nostra.dk\/den-danske-pris\/hanne-raabyemagle\/\">Hanne Raabyemagle<\/a>\u00a0p\u00e5\u00a0<i>Fredensborg Slot<\/i>. Arkitekt <a title=\"Henning Larsen\" href=\"http:\/\/www.europa-nostra.dk\/den-danske-pris\/henning-larsen\/\">Henning Larsen<\/a> modtog prisen i 2013.\u00a0Prisen i 2014 gik til <a title=\"Raadvad \u2013 center for bygningsbevaring\" href=\"http:\/\/www.europa-nostra.dk\/den-danske-pris\/center-for-bygningsbevaring\/\">S\u00f8ren Vadstrup og Arne H\u00f8i<\/a>, ledere af Raadvad &#8211; center for bygningsbevaring. Fotograf <a href=\"https:\/\/www.europa-nostra.dk\/priser-awards\/den-danske-pris\/fotograf-jens-markus-lindhe-haeders\/\">Jens Markus Lindhe<\/a> modtog prisen i 2017. I 2018 gik H.K.H. Prinsgemalens Europa Nostra Danmark Pris til Museumsleder <a href=\"https:\/\/www.europa-nostra.dk\/priser-awards\/den-danske-pris\/brittaandersen\/\">Britta Andersen<\/a> og blev overrakt\u00a0p\u00e5 Kongeskibet Dannebrog.<\/p>\r\n<p>Europa Nostra Prisen blev i 2019 tildelt kunsthistoriker dr.phil. <a href=\"https:\/\/www.europa-nostra.dk\/priser-awards\/den-danske-pris\/h-k-h-pris-til-ulla-kjaer\/\">Ulla Kj\u00e6r<\/a>, der modtog prisen for sin formidling af den franske og danske kunst- og arkitekturhistorie. I 2020 blev prisoverr\u00e6kkelsen udsat pga Covid-19. Prins Henriks Europa Nostra Pris blev givet til een af Danmarks mest ber\u00f8mte og respekterede restaureringseksperter <a href=\"https:\/\/www.europa-nostra.dk\/priser-awards\/den-danske-pris\/prins-henriks-europa-nostra-pris-keld-abrahamsen\/\">Keld Abrahamsen<\/a> i 2021.<\/p>\r\n<p>Prins Henriks Europa Nostra Pris tildeles i 2022 Inge Bisgaard &#8211; Museumsinspekt\u00f8ren for Gr\u00f8nlands Nationalmuseum som modtager Prins Henriks Europa Nostra Pris for sit arbejde med at sikre den gr\u00f8nlandske kulturarven.<\/p>\r\n<\/div>\r\n<\/div>\r\n<p><!-- wp:image {\"id\":3193} --><\/p>\r\n<figure class=\"wp-block-image\"><img loading=\"lazy\" decoding=\"async\" class=\"alignnone size-full wp-image-3742\" src=\"https:\/\/www.europa-nostra.dk\/wp-content\/uploads\/2022\/09\/HKHinge.jpg\" alt=\"\" width=\"567\" height=\"567\" srcset=\"https:\/\/www.europa-nostra.dk\/wp-content\/uploads\/2022\/09\/HKHinge.jpg 567w, https:\/\/www.europa-nostra.dk\/wp-content\/uploads\/2022\/09\/HKHinge-300x300.jpg 300w, https:\/\/www.europa-nostra.dk\/wp-content\/uploads\/2022\/09\/HKHinge-150x150.jpg 150w\" sizes=\"auto, (max-width: 567px) 100vw, 567px\" \/>\r\n<figcaption>Inge Bisgaard &#8211; Museumsinspekt\u00f8ren for Gr\u00f8nlands Nationalmuseum med Prins Henriks skulptur<\/figcaption>\r\n<\/figure>\r\n<p><!-- \/wp:image --><\/p>","protected":false},"excerpt":{"rendered":"<p>Prins Henriks Europa Nostra Danmark Pris Efter en del \u00e5r som protektor for Europa Nostra har Hans Kongelige H\u00f8jhed Prinsgemalen\u00a0\u00f8nsket at vedligeholde kontakten til Europa Nostra ved hvert \u00e5r at\u00a0uddele [&hellip;]<\/p>\n","protected":false},"author":1,"featured_media":0,"parent":7,"menu_order":3,"comment_status":"closed","ping_status":"closed","template":"","meta":{"footnotes":""},"class_list":["post-9","page","type-page","status-publish","hentry"],"translation":{"provider":"WPGlobus","version":"3.0.2","language":"gb","enabled_languages":["da","gb"],"languages":{"da":{"title":true,"content":true,"excerpt":false},"gb":{"title":true,"content":false,"excerpt":false}}},"_links":{"self":[{"href":"https:\/\/www.europa-nostra.dk\/gb\/wp-json\/wp\/v2\/pages\/9","targetHints":{"allow":["GET"]}}],"collection":[{"href":"https:\/\/www.europa-nostra.dk\/gb\/wp-json\/wp\/v2\/pages"}],"about":[{"href":"https:\/\/www.europa-nostra.dk\/gb\/wp-json\/wp\/v2\/types\/page"}],"author":[{"embeddable":true,"href":"https:\/\/www.europa-nostra.dk\/gb\/wp-json\/wp\/v2\/users\/1"}],"replies":[{"embeddable":true,"href":"https:\/\/www.europa-nostra.dk\/gb\/wp-json\/wp\/v2\/comments?post=9"}],"version-history":[{"count":10,"href":"https:\/\/www.europa-nostra.dk\/gb\/wp-json\/wp\/v2\/pages\/9\/revisions"}],"predecessor-version":[{"id":3783,"href":"https:\/\/www.europa-nostra.dk\/gb\/wp-json\/wp\/v2\/pages\/9\/revisions\/3783"}],"up":[{"embeddable":true,"href":"https:\/\/www.europa-nostra.dk\/gb\/wp-json\/wp\/v2\/pages\/7"}],"wp:attachment":[{"href":"https:\/\/www.europa-nostra.dk\/gb\/wp-json\/wp\/v2\/media?parent=9"}],"curies":[{"name":"wp","href":"https:\/\/api.w.org\/{rel}","templated":true}]}}